{"id":37267,"date":"2026-02-27T00:38:15","date_gmt":"2026-02-27T00:38:15","guid":{"rendered":"https:\/\/nordicmart.andreevmaster.com\/product\/feandrea-raapimispuu-112-cm-tasoilla-ja-riippumatolla-vaaleanharmaa\/"},"modified":"2026-02-27T09:55:07","modified_gmt":"2026-02-27T09:55:07","slug":"feandrea-raapimispuu-112-cm-tasoilla-ja-riippumatolla-vaaleanharmaa","status":"publish","type":"product","link":"https:\/\/nordicmart.andreevmaster.com\/fi\/tuote\/feandrea-raapimispuu-112-cm-tasoilla-ja-riippumatolla-vaaleanharmaa\/","title":{"rendered":"Feandrea raapimispuu 112 cm, tasoilla ja riippumatolla, vaaleanharmaa"},"content":{"rendered":"<p>Feandrea kissapuu raapimispuulla, kiipeilypuu kissoille, korkeus 138 cm, luolalla ja makuualustoilla, vaaleanharmaa PCT60W<br \/>\nV\u00e4ri: vaaleanharmaa<br \/>\nMateriaali: lastulevy, pehmolelu, sisali<br \/>\nKoko: 45 x 35 x 112 cm (P x L x K)<br \/>\nPaino: 10 kg<br \/>\nMaks. staattinen kokonaiskuormitus: 40 kg<br \/>\nIhanteellinen kissam\u00e4\u00e4r\u00e4: enint\u00e4\u00e4n 4 (kukin \u2264 5 kg)<\/p>\n","protected":false},"excerpt":{"rendered":"<p>Feandrea kissapuu raapimispuulla, kiipeilypuu kissoille, korkeus 138 cm, luolalla ja makuualustoilla, vaaleanharmaa PCT60W<\/p>\n","protected":false},"featured_media":45169,"comment_status":"open","ping_status":"closed","template":"","meta":[],"product_brand":[],"product_cat":[32],"product_tag":[],"class_list":{"0":"post-37267","1":"product","2":"type-product","3":"status-publish","4":"has-post-thumbnail","6":"product_cat-uncategorized-fi","8":"first","9":"instock","10":"shipping-taxable","11":"purchasable","12":"product-type-simple"},"_links":{"self":[{"href":"https:\/\/nordicmart.andreevmaster.com\/fi\/wp-json\/wp\/v2\/product\/37267","targetHints":{"allow":["GET"]}}],"collection":[{"href":"https:\/\/nordicmart.andreevmaster.com\/fi\/wp-json\/wp\/v2\/product"}],"about":[{"href":"https:\/\/nordicmart.andreevmaster.com\/fi\/wp-json\/wp\/v2\/types\/product"}],"replies":[{"embeddable":true,"href":"https:\/\/nordicmart.andreevmaster.com\/fi\/wp-json\/wp\/v2\/comments?post=37267"}],"wp:featuredmedia":[{"embeddable":true,"href":"https:\/\/nordicmart.andreevmaster.com\/fi\/wp-json\/wp\/v2\/media\/45169"}],"wp:attachment":[{"href":"https:\/\/nordicmart.andreevmaster.com\/fi\/wp-json\/wp\/v2\/media?parent=37267"}],"wp:term":[{"taxonomy":"product_brand","embeddable":true,"href":"https:\/\/nordicmart.andreevmaster.com\/fi\/wp-json\/wp\/v2\/product_brand?post=37267"},{"taxonomy":"product_cat","embeddable":true,"href":"https:\/\/nordicmart.andreevmaster.com\/fi\/wp-json\/wp\/v2\/product_cat?post=37267"},{"taxonomy":"product_tag","embeddable":true,"href":"https:\/\/nordicmart.andreevmaster.com\/fi\/wp-json\/wp\/v2\/product_tag?post=37267"}],"curies":[{"name":"wp","href":"https:\/\/api.w.org\/{rel}","templated":true}]}}