{"id":37266,"date":"2026-02-27T00:38:15","date_gmt":"2026-02-27T00:38:15","guid":{"rendered":"https:\/\/nordicmart.andreevmaster.com\/product\/feandrea-raapimispuu-riippumatto-luola-kermanvalkoinen\/"},"modified":"2026-02-27T09:55:07","modified_gmt":"2026-02-27T09:55:07","slug":"feandrea-raapimispuu-riippumatto-luola-kermanvalkoinen","status":"publish","type":"product","link":"https:\/\/nordicmart.andreevmaster.com\/fi\/tuote\/feandrea-raapimispuu-riippumatto-luola-kermanvalkoinen\/","title":{"rendered":"Feandrea raapimispuu riippumatto luola kermanvalkoinen"},"content":{"rendered":"<p>Feandrea kissapuu raapimispuulla, kiipeilypuu kissoille, korkeus 138 cm, luolalla ja makuualustoilla, vaaleanharmaa PCT60W<br \/>\n&#8211; V\u00e4ri: kermanvalkoinen<br \/>\n&#8211; Materiaali: lastulevy, pehmolelu, sisali.<br \/>\n&#8211; Tuotteen koko: 45 x 35 x 112 cm (P x L x K).<br \/>\n&#8211; Tuotteen paino: 10 kg.<br \/>\n&#8211; Maks. staattinen kokonaiskantavuus: 40 kg<br \/>\n&#8211; Ihanteellinen kissam\u00e4\u00e4r\u00e4: enint\u00e4\u00e4n 4 kissaa, kukin \u2264 5 kg<\/p>\n","protected":false},"excerpt":{"rendered":"<p>Feandrea kissapuu raapimispuulla, kiipeilypuu kissoille, korkeus 138 cm, luolalla ja makuualustoilla, vaaleanharmaa PCT60W<\/p>\n","protected":false},"featured_media":0,"comment_status":"open","ping_status":"closed","template":"","meta":[],"product_brand":[],"product_cat":[32],"product_tag":[],"class_list":{"0":"post-37266","1":"product","2":"type-product","3":"status-publish","5":"product_cat-uncategorized-fi","7":"first","8":"instock","9":"shipping-taxable","10":"purchasable","11":"product-type-simple"},"_links":{"self":[{"href":"https:\/\/nordicmart.andreevmaster.com\/fi\/wp-json\/wp\/v2\/product\/37266","targetHints":{"allow":["GET"]}}],"collection":[{"href":"https:\/\/nordicmart.andreevmaster.com\/fi\/wp-json\/wp\/v2\/product"}],"about":[{"href":"https:\/\/nordicmart.andreevmaster.com\/fi\/wp-json\/wp\/v2\/types\/product"}],"replies":[{"embeddable":true,"href":"https:\/\/nordicmart.andreevmaster.com\/fi\/wp-json\/wp\/v2\/comments?post=37266"}],"wp:attachment":[{"href":"https:\/\/nordicmart.andreevmaster.com\/fi\/wp-json\/wp\/v2\/media?parent=37266"}],"wp:term":[{"taxonomy":"product_brand","embeddable":true,"href":"https:\/\/nordicmart.andreevmaster.com\/fi\/wp-json\/wp\/v2\/product_brand?post=37266"},{"taxonomy":"product_cat","embeddable":true,"href":"https:\/\/nordicmart.andreevmaster.com\/fi\/wp-json\/wp\/v2\/product_cat?post=37266"},{"taxonomy":"product_tag","embeddable":true,"href":"https:\/\/nordicmart.andreevmaster.com\/fi\/wp-json\/wp\/v2\/product_tag?post=37266"}],"curies":[{"name":"wp","href":"https:\/\/api.w.org\/{rel}","templated":true}]}}