{"id":37265,"date":"2026-02-27T00:38:14","date_gmt":"2026-02-27T00:38:14","guid":{"rendered":"https:\/\/nordicmart.andreevmaster.com\/product\/feandrea-monikerroksinen-kissatalo-2-tasoa-pastellinpunainen\/"},"modified":"2026-02-27T09:55:06","modified_gmt":"2026-02-27T09:55:06","slug":"feandrea-monikerroksinen-kissatalo-2-tasoa-pastellinpunainen","status":"publish","type":"product","link":"https:\/\/nordicmart.andreevmaster.com\/fi\/tuote\/feandrea-monikerroksinen-kissatalo-2-tasoa-pastellinpunainen\/","title":{"rendered":"Feandrea monikerroksinen kissatalo 2 tasoa pastellinpunainen"},"content":{"rendered":"<p>Feandrea kissapuu raapimispuulla, kiipeilypuu kissoille, korkeus 138 cm, luolalla ja makuualustoilla, vaaleanharmaa PCT60W<br \/>\nV\u00e4ri: Jelly Pink<br \/>\n&#8211; Materiaali: lastulevy, pehmolelu, sisali.<br \/>\n&#8211; Tuotteen koko: 45 x 35 x 112 cm (P x L x K).<br \/>\n&#8211; Tuotteen paino: 10 kg.<br \/>\n&#8211; Maks. staattinen kokonaiskantavuus: 40 kg<br \/>\n&#8211; Ihanteellinen kissam\u00e4\u00e4r\u00e4: enint\u00e4\u00e4n 4 kissaa, kukin \u2264 5 kg<\/p>\n","protected":false},"excerpt":{"rendered":"<p>Feandrea kissapuu raapimispuulla, kiipeilypuu kissoille, korkeus 138 cm, luolalla ja makuualustoilla, vaaleanharmaa PCT60W<\/p>\n","protected":false},"featured_media":45168,"comment_status":"open","ping_status":"closed","template":"","meta":[],"product_brand":[],"product_cat":[32],"product_tag":[],"class_list":{"0":"post-37265","1":"product","2":"type-product","3":"status-publish","4":"has-post-thumbnail","6":"product_cat-uncategorized-fi","8":"first","9":"instock","10":"shipping-taxable","11":"purchasable","12":"product-type-simple"},"_links":{"self":[{"href":"https:\/\/nordicmart.andreevmaster.com\/fi\/wp-json\/wp\/v2\/product\/37265","targetHints":{"allow":["GET"]}}],"collection":[{"href":"https:\/\/nordicmart.andreevmaster.com\/fi\/wp-json\/wp\/v2\/product"}],"about":[{"href":"https:\/\/nordicmart.andreevmaster.com\/fi\/wp-json\/wp\/v2\/types\/product"}],"replies":[{"embeddable":true,"href":"https:\/\/nordicmart.andreevmaster.com\/fi\/wp-json\/wp\/v2\/comments?post=37265"}],"wp:featuredmedia":[{"embeddable":true,"href":"https:\/\/nordicmart.andreevmaster.com\/fi\/wp-json\/wp\/v2\/media\/45168"}],"wp:attachment":[{"href":"https:\/\/nordicmart.andreevmaster.com\/fi\/wp-json\/wp\/v2\/media?parent=37265"}],"wp:term":[{"taxonomy":"product_brand","embeddable":true,"href":"https:\/\/nordicmart.andreevmaster.com\/fi\/wp-json\/wp\/v2\/product_brand?post=37265"},{"taxonomy":"product_cat","embeddable":true,"href":"https:\/\/nordicmart.andreevmaster.com\/fi\/wp-json\/wp\/v2\/product_cat?post=37265"},{"taxonomy":"product_tag","embeddable":true,"href":"https:\/\/nordicmart.andreevmaster.com\/fi\/wp-json\/wp\/v2\/product_tag?post=37265"}],"curies":[{"name":"wp","href":"https:\/\/api.w.org\/{rel}","templated":true}]}}