{"id":37261,"date":"2026-02-27T00:38:13","date_gmt":"2026-02-27T00:38:13","guid":{"rendered":"https:\/\/nordicmart.andreevmaster.com\/product\/feandrea-kissapuu-raapimalaudalla-145-cm-harmaa\/"},"modified":"2026-02-27T09:55:06","modified_gmt":"2026-02-27T09:55:06","slug":"feandrea-kissapuu-raapimalaudalla-145-cm-harmaa","status":"publish","type":"product","link":"https:\/\/nordicmart.andreevmaster.com\/fi\/tuote\/feandrea-kissapuu-raapimalaudalla-145-cm-harmaa\/","title":{"rendered":"Feandrea kissapuu raapimalaudalla 145 cm harmaa"},"content":{"rendered":"<p>Uuden tuotemerkkimme &#8221;FEANDREA&#8221; keksij\u00f6ill\u00e4 on erityinen suhde kissoihin: kahden pienen, orvoksi j\u00e4\u00e4neen kissanpennun ansiosta, joita yrityksen ty\u00f6ntekij\u00e4 hoiti rakkaudella, syntyi idea kehitt\u00e4\u00e4 el\u00e4inyst\u00e4v\u00e4llisi\u00e4 huonekaluja. T\u00e4m\u00e4n syd\u00e4nt\u00e4 l\u00e4mmitt\u00e4v\u00e4n tarinan innoittamana FEANDREA-suunnittelijat loivat mukavia, toimivia ja tyylikk\u00e4it\u00e4 lemmikkiel\u00e4inm\u00f6bel, kuten yll\u00e4 esitellyn raapimispuun. Kiipeilypuu, jossa on lukuisia erityispiirteit\u00e4 Jotta voimme vastata kaikkien kissojen erityistarpeisiin, kissapuumme on varustettu muutamilla erityispiirteill\u00e4. Ensinn\u00e4kin sen vakautta on parannettu. T\u00e4t\u00e4 varten pohjalevy\u00e4 on vahvistettu lis\u00e4puulistoilla, ja my\u00f6s halkaisijaltaan 7,1 cm:n sisalpuut ja kaatumissuoja takaavat korkean vakauden. Tuotetiedot: &#8211; V\u00e4ri: savuharmaa &#8211; Materiaali: korkealaatuinen lastulevy, pehmolelu, sisal, vahvistettu kovapahvi &#8211; Mitat: 90 x 145 x 55 (L x K x S) &#8211; Paino: 16,4 kg Toimitus sis\u00e4lt\u00e4\u00e4: &#8211; 1 x raapimispuu &#8211; 1 x ohjeet (DE, EN, FR, IT, ES) FEANDREA Huomautukset: &#8211; Aseta raapimispuu huoneen nurkkaan ja k\u00e4yt\u00e4 tasaista alustaa. &#8211; \u00c4l\u00e4 k\u00e4yt\u00e4 raapimispuuta kosteassa ymp\u00e4rist\u00f6ss\u00e4. &#8211; Lapset eiv\u00e4t saa kiivet\u00e4 raapimispuuhun tai leikki\u00e4 sill\u00e4.- Suosittelemme kiinnitt\u00e4m\u00e4\u00e4n t\u00e4m\u00e4n tuotteen sein\u00e4\u00e4n mukana toimitetuilla kaatumisenestolaitteilla. &#8211; Jos kissasi alkaa pureskella pehmopalloa tai haluaa sy\u00f6d\u00e4 sen ja kuminauhan, poista lelu ja s\u00e4ilyt\u00e4 se kissasi ulottumattomissa.<\/p>\n","protected":false},"excerpt":{"rendered":"<p>Feandrea Vakaa raapimispuu raapimislavalla, 145 cm, kest\u00e4v\u00e4 kiipeilymets\u00e4 suurella leikkialueella, harmaa PCT25G<\/p>\n","protected":false},"featured_media":45165,"comment_status":"open","ping_status":"closed","template":"","meta":[],"product_brand":[],"product_cat":[32],"product_tag":[],"class_list":{"0":"post-37261","1":"product","2":"type-product","3":"status-publish","4":"has-post-thumbnail","6":"product_cat-uncategorized-fi","8":"first","9":"instock","10":"shipping-taxable","11":"purchasable","12":"product-type-simple"},"_links":{"self":[{"href":"https:\/\/nordicmart.andreevmaster.com\/fi\/wp-json\/wp\/v2\/product\/37261","targetHints":{"allow":["GET"]}}],"collection":[{"href":"https:\/\/nordicmart.andreevmaster.com\/fi\/wp-json\/wp\/v2\/product"}],"about":[{"href":"https:\/\/nordicmart.andreevmaster.com\/fi\/wp-json\/wp\/v2\/types\/product"}],"replies":[{"embeddable":true,"href":"https:\/\/nordicmart.andreevmaster.com\/fi\/wp-json\/wp\/v2\/comments?post=37261"}],"wp:featuredmedia":[{"embeddable":true,"href":"https:\/\/nordicmart.andreevmaster.com\/fi\/wp-json\/wp\/v2\/media\/45165"}],"wp:attachment":[{"href":"https:\/\/nordicmart.andreevmaster.com\/fi\/wp-json\/wp\/v2\/media?parent=37261"}],"wp:term":[{"taxonomy":"product_brand","embeddable":true,"href":"https:\/\/nordicmart.andreevmaster.com\/fi\/wp-json\/wp\/v2\/product_brand?post=37261"},{"taxonomy":"product_cat","embeddable":true,"href":"https:\/\/nordicmart.andreevmaster.com\/fi\/wp-json\/wp\/v2\/product_cat?post=37261"},{"taxonomy":"product_tag","embeddable":true,"href":"https:\/\/nordicmart.andreevmaster.com\/fi\/wp-json\/wp\/v2\/product_tag?post=37261"}],"curies":[{"name":"wp","href":"https:\/\/api.w.org\/{rel}","templated":true}]}}