{"id":37258,"date":"2026-02-27T00:38:13","date_gmt":"2026-02-27T00:38:13","guid":{"rendered":"https:\/\/nordicmart.andreevmaster.com\/product\/pct196w01-kissan-torni-ohut-kissatorni-suuret-kissat-paikallaan-tilaa-saastava-helppo-kiipeily-suuri-riippumatto-poistaa-liikunnan-puutteen-useita-paita-786-tuumaa-199-cm-korkeus-2\/"},"modified":"2026-02-27T09:55:05","modified_gmt":"2026-02-27T09:55:05","slug":"pct196w01-kissan-torni-ohut-kissatorni-suuret-kissat-paikallaan-tilaa-saastava-helppo-kiipeily-suuri-riippumatto-poistaa-liikunnan-puutteen-useita-paita-786-tuumaa-199-cm-korkeus-2","status":"publish","type":"product","link":"https:\/\/nordicmart.andreevmaster.com\/fi\/tuote\/pct196w01-kissan-torni-ohut-kissatorni-suuret-kissat-paikallaan-tilaa-saastava-helppo-kiipeily-suuri-riippumatto-poistaa-liikunnan-puutteen-useita-paita-786-tuumaa-199-cm-korkeus-2\/","title":{"rendered":"PCT196W01 Kissan torni, ohut kissatorni, suuret kissat, paikallaan, tilaa s\u00e4\u00e4st\u00e4v\u00e4, helppo kiipeily, suuri riippumatto, poistaa liikunnan puutteen, useita p\u00e4it\u00e4 78,6 tuumaa (199 cm) korkeus"},"content":{"rendered":"","protected":false},"excerpt":{"rendered":"","protected":false},"featured_media":0,"comment_status":"open","ping_status":"closed","template":"","meta":[],"product_brand":[],"product_cat":[32],"product_tag":[],"class_list":{"0":"post-37258","1":"product","2":"type-product","3":"status-publish","5":"product_cat-uncategorized-fi","7":"first","8":"instock","9":"shipping-taxable","10":"product-type-simple"},"_links":{"self":[{"href":"https:\/\/nordicmart.andreevmaster.com\/fi\/wp-json\/wp\/v2\/product\/37258","targetHints":{"allow":["GET"]}}],"collection":[{"href":"https:\/\/nordicmart.andreevmaster.com\/fi\/wp-json\/wp\/v2\/product"}],"about":[{"href":"https:\/\/nordicmart.andreevmaster.com\/fi\/wp-json\/wp\/v2\/types\/product"}],"replies":[{"embeddable":true,"href":"https:\/\/nordicmart.andreevmaster.com\/fi\/wp-json\/wp\/v2\/comments?post=37258"}],"wp:attachment":[{"href":"https:\/\/nordicmart.andreevmaster.com\/fi\/wp-json\/wp\/v2\/media?parent=37258"}],"wp:term":[{"taxonomy":"product_brand","embeddable":true,"href":"https:\/\/nordicmart.andreevmaster.com\/fi\/wp-json\/wp\/v2\/product_brand?post=37258"},{"taxonomy":"product_cat","embeddable":true,"href":"https:\/\/nordicmart.andreevmaster.com\/fi\/wp-json\/wp\/v2\/product_cat?post=37258"},{"taxonomy":"product_tag","embeddable":true,"href":"https:\/\/nordicmart.andreevmaster.com\/fi\/wp-json\/wp\/v2\/product_tag?post=37258"}],"curies":[{"name":"wp","href":"https:\/\/api.w.org\/{rel}","templated":true}]}}