{"id":37257,"date":"2026-02-27T00:38:12","date_gmt":"2026-02-27T00:38:12","guid":{"rendered":"https:\/\/nordicmart.andreevmaster.com\/product\/drapak-dla-kota-199cm-domek-jaskinia-legowisko-duzy-wysoki-sizal-plusz-2\/"},"modified":"2026-02-27T09:55:05","modified_gmt":"2026-02-27T09:55:05","slug":"drapak-dla-kota-199cm-domek-jaskinia-legowisko-duzy-wysoki-sizal-plusz-2","status":"publish","type":"product","link":"https:\/\/nordicmart.andreevmaster.com\/fi\/tuote\/drapak-dla-kota-199cm-domek-jaskinia-legowisko-duzy-wysoki-sizal-plusz-2\/","title":{"rendered":"DRAPAK DLA KOTA 199CM DOMEK JASKINIA LEGOWISKO DU\u017bY WYSOKI SIZAL PLUSZ"},"content":{"rendered":"<p>T\u00e4ydellinen kissoille, jotka rakastavat kiipeily\u00e4 ja tarkkailua.5 tasoa, tasojen v\u00e4linen et\u00e4isyys 35-40 cm.Vakaa ja turvallinen:<br \/>\nVahvistettu pohja takaa vakauden.<\/p>\n<p>Kaatumisenesto turvallisuuden takaamiseksi. Monipuolinen mukavuus ja hauskuus:<\/p>\n<p>Koko puu on p\u00e4\u00e4llystetty pehme\u00e4ll\u00e4 pl\u00f6s\u00f6ll\u00e4. 2 havainnointipeti\u00e4, 2 luolaa, 1 riippumatto, 1 kori, 2 pompulaa.<\/p>\n<p>Huonekalujen suojaus: 7 raapimispuuta tyydytt\u00e4v\u00e4t kissojen luonnollisia vaistoja suojaamalla huonekalujasi.Helppo puhdistaa: 2 ylemp\u00e4\u00e4 vuodetta ovat irrotettavissa helppoa puhdistusta varten. Kiipeily helppoa kaikille: Raapimispylv\u00e4\u00e4n t\u00e4rkeimm\u00e4t ominaisuudet: Beige v\u00e4ri Koko: 60 x 50 x 199 cm<br \/>\nPaino: 18,4 kg<br \/>\nMax: 70 kg<br \/>\nKorkeus 199 cm:<\/p>\n","protected":false},"excerpt":{"rendered":"<p>T\u00e4ydellinen kissoille, jotka rakastavat kiipeily\u00e4 ja tarkkailua.5 tasoa, tasojen v\u00e4linen et\u00e4isyys 35-40 cm.Vakaa ja turvallinen: Vahvistettu pohja takaa vakauden. Kaatumisenesto turvallisuuden takaamiseksi. Monipuolinen mukavuus ja hauskuus: Koko puu on p\u00e4\u00e4llystetty pehme\u00e4ll\u00e4 pl\u00f6s\u00f6ll\u00e4. 2 havainnointipeti\u00e4, 2 luolaa, 1 riippumatto, 1 kori, 2 pompulaa. Huonekalujen suojaus: 7 raapimispuuta tyydytt\u00e4v\u00e4t kissojen luonnollisia vaistoja suojaamalla huonekalujasi.Helppo puhdistaa: 2 ylemp\u00e4\u00e4 [&hellip;]<\/p>\n","protected":false},"featured_media":0,"comment_status":"open","ping_status":"closed","template":"","meta":[],"product_brand":[],"product_cat":[32],"product_tag":[],"class_list":{"0":"post-37257","1":"product","2":"type-product","3":"status-publish","5":"product_cat-uncategorized-fi","7":"first","8":"instock","9":"shipping-taxable","10":"product-type-simple"},"_links":{"self":[{"href":"https:\/\/nordicmart.andreevmaster.com\/fi\/wp-json\/wp\/v2\/product\/37257","targetHints":{"allow":["GET"]}}],"collection":[{"href":"https:\/\/nordicmart.andreevmaster.com\/fi\/wp-json\/wp\/v2\/product"}],"about":[{"href":"https:\/\/nordicmart.andreevmaster.com\/fi\/wp-json\/wp\/v2\/types\/product"}],"replies":[{"embeddable":true,"href":"https:\/\/nordicmart.andreevmaster.com\/fi\/wp-json\/wp\/v2\/comments?post=37257"}],"wp:attachment":[{"href":"https:\/\/nordicmart.andreevmaster.com\/fi\/wp-json\/wp\/v2\/media?parent=37257"}],"wp:term":[{"taxonomy":"product_brand","embeddable":true,"href":"https:\/\/nordicmart.andreevmaster.com\/fi\/wp-json\/wp\/v2\/product_brand?post=37257"},{"taxonomy":"product_cat","embeddable":true,"href":"https:\/\/nordicmart.andreevmaster.com\/fi\/wp-json\/wp\/v2\/product_cat?post=37257"},{"taxonomy":"product_tag","embeddable":true,"href":"https:\/\/nordicmart.andreevmaster.com\/fi\/wp-json\/wp\/v2\/product_tag?post=37257"}],"curies":[{"name":"wp","href":"https:\/\/api.w.org\/{rel}","templated":true}]}}