{"id":37245,"date":"2026-02-27T00:38:09","date_gmt":"2026-02-27T00:38:09","guid":{"rendered":"https:\/\/nordicmart.andreevmaster.com\/product\/feandrea-kissapuu-191-cm-luolilla\/"},"modified":"2026-02-27T09:55:02","modified_gmt":"2026-02-27T09:55:02","slug":"feandrea-kissapuu-191-cm-luolilla","status":"publish","type":"product","link":"https:\/\/nordicmart.andreevmaster.com\/fi\/tuote\/feandrea-kissapuu-191-cm-luolilla\/","title":{"rendered":"Feandrea-kissapuu 191 cm, luolilla"},"content":{"rendered":"<p>FEANDREAn luovissa ty\u00f6pajoissa kaksi suloista kissanpentua hyppii ymp\u00e4riins\u00e4, tutkii kaikki raapimispuut henkil\u00f6kohtaisesti ja antaa niist\u00e4 el\u00e4imellisen palautteen. N\u00e4in FEANDREAn suunnittelijat saavat ensik\u00e4den eli ensik\u00e4p\u00e4l\u00e4n tietoa siit\u00e4, t\u00e4ytt\u00e4v\u00e4tk\u00f6 tuotteet hemmoteltujen viiksekk\u00e4iden vaatimukset. T\u00e4m\u00e4n raapimispuun kohokohdat yhdell\u00e4 silm\u00e4yksell\u00e4: &#8211; Kest\u00e4v\u00e4 ja pehme\u00e4 pehmustettu p\u00e4\u00e4llinen &#8211; 2 hyvin pehmustettua n\u00e4k\u00f6alatasannetta &#8211; 2 mukavaa k\u00e4tk\u00f6\u00e4 piiloutumiseen &#8211; 1 pehme\u00e4 riippumatto rentoutumiseen &#8211; Sisalilla p\u00e4\u00e4llystetyt puunrungot kynsien teroittamiseen Tuotetiedot:- V\u00e4ri: savuharmaa &#8211; Materiaali: lastulevy, pehmustettu kangas, sisali &#8211; Koko: 60 x 49 x 191 cm (P x L x K) &#8211; Paino: 18,5 kg Toimitus sis\u00e4lt\u00e4\u00e4: &#8211; 1 x raapimispuu &#8211; 1 x kaatumissuoja &#8211; 1 x lis\u00e4varustepaketti &#8211; 1 x ohjeet FEANDREA Huomautukset:- Jos kissasi pureskelee turkispalloa tai kuminauhaa, poista lelu v\u00e4litt\u00f6m\u00e4sti ja s\u00e4ilyt\u00e4 sit\u00e4 kissasi ulottumattomissa. &#8211; Jos kissanpes\u00e4 vaurioituu, korjaa tai vaihda se ajoissa, jotta v\u00e4lt\u00e4t vaurioituneiden osien aiheuttamat loukkaantumiset.- Kiinnit\u00e4 t\u00e4m\u00e4 tuote sein\u00e4\u00e4n mukana toimitetulla kaatumissuojalla turvallisen k\u00e4yt\u00f6n varmistamiseksi.<\/p>\n","protected":false},"excerpt":{"rendered":"<p>Feandrea raapimispuu, kissapuu 191 cm pehme\u00e4ll\u00e4 pehmolelulla, savuharmaa PCT191G01<\/p>\n","protected":false},"featured_media":45155,"comment_status":"open","ping_status":"closed","template":"","meta":[],"product_brand":[],"product_cat":[32],"product_tag":[],"class_list":{"0":"post-37245","1":"product","2":"type-product","3":"status-publish","4":"has-post-thumbnail","6":"product_cat-uncategorized-fi","8":"first","9":"instock","10":"shipping-taxable","11":"purchasable","12":"product-type-simple"},"_links":{"self":[{"href":"https:\/\/nordicmart.andreevmaster.com\/fi\/wp-json\/wp\/v2\/product\/37245","targetHints":{"allow":["GET"]}}],"collection":[{"href":"https:\/\/nordicmart.andreevmaster.com\/fi\/wp-json\/wp\/v2\/product"}],"about":[{"href":"https:\/\/nordicmart.andreevmaster.com\/fi\/wp-json\/wp\/v2\/types\/product"}],"replies":[{"embeddable":true,"href":"https:\/\/nordicmart.andreevmaster.com\/fi\/wp-json\/wp\/v2\/comments?post=37245"}],"wp:featuredmedia":[{"embeddable":true,"href":"https:\/\/nordicmart.andreevmaster.com\/fi\/wp-json\/wp\/v2\/media\/45155"}],"wp:attachment":[{"href":"https:\/\/nordicmart.andreevmaster.com\/fi\/wp-json\/wp\/v2\/media?parent=37245"}],"wp:term":[{"taxonomy":"product_brand","embeddable":true,"href":"https:\/\/nordicmart.andreevmaster.com\/fi\/wp-json\/wp\/v2\/product_brand?post=37245"},{"taxonomy":"product_cat","embeddable":true,"href":"https:\/\/nordicmart.andreevmaster.com\/fi\/wp-json\/wp\/v2\/product_cat?post=37245"},{"taxonomy":"product_tag","embeddable":true,"href":"https:\/\/nordicmart.andreevmaster.com\/fi\/wp-json\/wp\/v2\/product_tag?post=37245"}],"curies":[{"name":"wp","href":"https:\/\/api.w.org\/{rel}","templated":true}]}}