{"id":37239,"date":"2026-02-27T00:38:07","date_gmt":"2026-02-27T00:38:07","guid":{"rendered":"https:\/\/nordicmart.andreevmaster.com\/product\/feandrea-kratzbaum-korkea-xxl-kissapuu\/"},"modified":"2026-02-27T09:55:01","modified_gmt":"2026-02-27T09:55:01","slug":"feandrea-kratzbaum-korkea-xxl-kissapuu","status":"publish","type":"product","link":"https:\/\/nordicmart.andreevmaster.com\/fi\/tuote\/feandrea-kratzbaum-korkea-xxl-kissapuu\/","title":{"rendered":"Feandrea Kratzbaum korkea XXL-kissapuu"},"content":{"rendered":"<p>FEANDREAn luovissa ty\u00f6pajoissa kaksi suloista kissanpentua hyppii ymp\u00e4riins\u00e4, tutkii kaikki raapimispuut henkil\u00f6kohtaisesti ja antaa niist\u00e4 el\u00e4imellisen palautteen. N\u00e4in FEANDREAn suunnittelijat saavat ensik\u00e4den eli ensik\u00e4p\u00e4l\u00e4n tietoa siit\u00e4, t\u00e4ytt\u00e4v\u00e4tk\u00f6 tuotteet hemmoteltujen viiksekk\u00e4iden vaatimukset.Kissasi tulee nauttimaan t\u00e4st\u00e4 raapimispuusta: 206 cm korkea, t\u00e4ydellinen korkeuksia rakastaville kissoille 1 riippumatto ja 1 makuualusta rentoutumiseen 2 mukavaa k\u00e4tk\u00f6\u00e4 piiloutumiseen Sisalpuut ja 1 raapimisteline kynsien teroittamiseen 2 n\u00e4k\u00f6alatasannetta tarkkailuun 2 turkispalloa ylim\u00e4\u00e4r\u00e4ist\u00e4 hauskaa varten Tuotetiedot:V\u00e4ri: savuharmaa Materiaali: lastulevy, pehmolelu, sisali Koko: 60 x 50 x 206 cm (P x L x K) Paino: 26,4 kg Toimitus sis\u00e4lt\u00e4\u00e4: 1 x raapimispuu 1 x kaatumissuoja 1 x ohjeet (DE, EN, FR, ES, IT) FEANDREA Huomautukset:Jos kissanpes\u00e4 vaurioituu, korjaa tai vaihda se ajoissa, jotta v\u00e4lt\u00e4t loukkaantumiset vaurioituneiden osien vuoksi. Jos kissasi pureskelee palloja tai kuminauhaa, poista lelu v\u00e4litt\u00f6m\u00e4sti ja s\u00e4ilyt\u00e4 sit\u00e4 kissasi ulottumattomissa.<\/p>\n","protected":false},"excerpt":{"rendered":"<p>Feandrea raapimispuu, korkea, XL-kissapuu, 206 cm, savuharmaa PCT190G01<\/p>\n","protected":false},"featured_media":0,"comment_status":"open","ping_status":"closed","template":"","meta":[],"product_brand":[],"product_cat":[32],"product_tag":[],"class_list":{"0":"post-37239","1":"product","2":"type-product","3":"status-publish","5":"product_cat-uncategorized-fi","7":"first","8":"instock","9":"shipping-taxable","10":"purchasable","11":"product-type-simple"},"_links":{"self":[{"href":"https:\/\/nordicmart.andreevmaster.com\/fi\/wp-json\/wp\/v2\/product\/37239","targetHints":{"allow":["GET"]}}],"collection":[{"href":"https:\/\/nordicmart.andreevmaster.com\/fi\/wp-json\/wp\/v2\/product"}],"about":[{"href":"https:\/\/nordicmart.andreevmaster.com\/fi\/wp-json\/wp\/v2\/types\/product"}],"replies":[{"embeddable":true,"href":"https:\/\/nordicmart.andreevmaster.com\/fi\/wp-json\/wp\/v2\/comments?post=37239"}],"wp:attachment":[{"href":"https:\/\/nordicmart.andreevmaster.com\/fi\/wp-json\/wp\/v2\/media?parent=37239"}],"wp:term":[{"taxonomy":"product_brand","embeddable":true,"href":"https:\/\/nordicmart.andreevmaster.com\/fi\/wp-json\/wp\/v2\/product_brand?post=37239"},{"taxonomy":"product_cat","embeddable":true,"href":"https:\/\/nordicmart.andreevmaster.com\/fi\/wp-json\/wp\/v2\/product_cat?post=37239"},{"taxonomy":"product_tag","embeddable":true,"href":"https:\/\/nordicmart.andreevmaster.com\/fi\/wp-json\/wp\/v2\/product_tag?post=37239"}],"curies":[{"name":"wp","href":"https:\/\/api.w.org\/{rel}","templated":true}]}}