{"id":37237,"date":"2026-02-27T00:38:06","date_gmt":"2026-02-27T00:38:06","guid":{"rendered":"https:\/\/nordicmart.andreevmaster.com\/product\/feandrea-suuri-kissapuu-172-cm\/"},"modified":"2026-02-27T09:55:00","modified_gmt":"2026-02-27T09:55:00","slug":"feandrea-suuri-kissapuu-172-cm","status":"publish","type":"product","link":"https:\/\/nordicmart.andreevmaster.com\/fi\/tuote\/feandrea-suuri-kissapuu-172-cm\/","title":{"rendered":"Feandrea Suuri kissapuu 172 cm"},"content":{"rendered":"<p>Kissapuu, jolla on monia etuja Yll\u00e4 oleva kiipeilytorni on l\u00e4p\u00e4issyt kissatestin. Erityisesti kaksi suurta pehmopes\u00e4\u00e4 ja kolme p\u00f6rr\u00f6ist\u00e4 n\u00e4k\u00f6alatasannetta olivat suosittuja. Mutta my\u00f6s kissan lelun alaosassa oleva raapimislauta oli eritt\u00e4in suosittu. Lis\u00e4ksi molemmat testaajat tunsivat olonsa turvalliseksi ja hyppiv\u00e4t pelotta tasanteelta toiselle. T\u00e4m\u00e4n raapimispuun korkean vakauden takaavat erityisesti paksut sisalpuut ja vahvistettu pohjalevy. Mukana toimitetaan my\u00f6s kaatumissuoja. Tuotetiedot: &#8211; V\u00e4ri: vaaleanharmaa &#8211; Materiaali: lastulevy, pehmolelu, sisali &#8211; Koko: 60 x 55 x 172 cm (P x L x K) &#8211; Paino: 29,1 kg Toimitus sis\u00e4lt\u00e4\u00e4: &#8211; 1 x raapimispuu &#8211; 1 x ohjeet (DE, EN, FR, ES, IT) FEANDREA Huomautukset:- Aseta raapimispuu tasaiselle alustalle huoneesi nurkkaan. &#8211; \u00c4l\u00e4 aseta tuotetta kosteaan ymp\u00e4rist\u00f6\u00f6n. &#8211; Pid\u00e4 lapset poissa t\u00e4m\u00e4n tuotteen l\u00e4helt\u00e4. He eiv\u00e4t saa kiivet\u00e4 raapimispuuhun tai leikki\u00e4 sill\u00e4. &#8211; Jos kissasi yritt\u00e4\u00e4 sy\u00f6d\u00e4 turkispalloja tai joustavaa nauhaa, poista lelu v\u00e4litt\u00f6m\u00e4sti.- K\u00e4yt\u00e4 kaatumissuojaa kiinnitt\u00e4\u00e4ksesi tuotteen sein\u00e4\u00e4n. &#8211; Jos pehmopussi on vaurioitunut, ota v\u00e4litt\u00f6m\u00e4sti yhteytt\u00e4 meihin, jotta t\u00e4m\u00e4 raapimispuun osa voidaan korvata tai l\u00f6yt\u00e4\u00e4 toinen ratkaisu. Vaurioituneet osat voivat aiheuttaa loukkaantumisia, joten vaihda ne v\u00e4litt\u00f6m\u00e4sti.<\/p>\n","protected":false},"excerpt":{"rendered":"<p>Feandrea suuri raapimispuu, kissapuu 3 mukavalla n\u00e4k\u00f6alatasanteella, kissan lelu 2 pehme\u00e4ll\u00e4 luolalla, paksut sisal-rungot, ylim\u00e4\u00e4r\u00e4inen raapimislauta, vakaa, 172 cm, savuharmaa PCT18GYZ<\/p>\n","protected":false},"featured_media":45151,"comment_status":"open","ping_status":"closed","template":"","meta":[],"product_brand":[],"product_cat":[32],"product_tag":[],"class_list":{"0":"post-37237","1":"product","2":"type-product","3":"status-publish","4":"has-post-thumbnail","6":"product_cat-uncategorized-fi","8":"first","9":"instock","10":"shipping-taxable","11":"purchasable","12":"product-type-simple"},"_links":{"self":[{"href":"https:\/\/nordicmart.andreevmaster.com\/fi\/wp-json\/wp\/v2\/product\/37237","targetHints":{"allow":["GET"]}}],"collection":[{"href":"https:\/\/nordicmart.andreevmaster.com\/fi\/wp-json\/wp\/v2\/product"}],"about":[{"href":"https:\/\/nordicmart.andreevmaster.com\/fi\/wp-json\/wp\/v2\/types\/product"}],"replies":[{"embeddable":true,"href":"https:\/\/nordicmart.andreevmaster.com\/fi\/wp-json\/wp\/v2\/comments?post=37237"}],"wp:featuredmedia":[{"embeddable":true,"href":"https:\/\/nordicmart.andreevmaster.com\/fi\/wp-json\/wp\/v2\/media\/45151"}],"wp:attachment":[{"href":"https:\/\/nordicmart.andreevmaster.com\/fi\/wp-json\/wp\/v2\/media?parent=37237"}],"wp:term":[{"taxonomy":"product_brand","embeddable":true,"href":"https:\/\/nordicmart.andreevmaster.com\/fi\/wp-json\/wp\/v2\/product_brand?post=37237"},{"taxonomy":"product_cat","embeddable":true,"href":"https:\/\/nordicmart.andreevmaster.com\/fi\/wp-json\/wp\/v2\/product_cat?post=37237"},{"taxonomy":"product_tag","embeddable":true,"href":"https:\/\/nordicmart.andreevmaster.com\/fi\/wp-json\/wp\/v2\/product_tag?post=37237"}],"curies":[{"name":"wp","href":"https:\/\/api.w.org\/{rel}","templated":true}]}}