{"id":37236,"date":"2026-02-27T00:38:06","date_gmt":"2026-02-27T00:38:06","guid":{"rendered":"https:\/\/nordicmart.andreevmaster.com\/product\/feandrea-raapimispuu-xxl-172-cm-savuharmaa\/"},"modified":"2026-02-27T09:55:00","modified_gmt":"2026-02-27T09:55:00","slug":"feandrea-raapimispuu-xxl-172-cm-savuharmaa","status":"publish","type":"product","link":"https:\/\/nordicmart.andreevmaster.com\/fi\/tuote\/feandrea-raapimispuu-xxl-172-cm-savuharmaa\/","title":{"rendered":"Feandrea raapimispuu XXL 172 cm savuharmaa"},"content":{"rendered":"<p>FEANDREAn luovissa ty\u00f6pajoissa kaksi suloista kissanpentua hyppii ymp\u00e4riins\u00e4, tutkii kaikki raapimispuut henkil\u00f6kohtaisesti ja antaa niist\u00e4 el\u00e4imellisen palautteen. N\u00e4in FEANDREAn suunnittelijat saavat ensik\u00e4den, tai pikemminkin ensik\u00e4p\u00e4l\u00e4n, tietoa siit\u00e4, t\u00e4ytt\u00e4v\u00e4tk\u00f6 tuotteet hemmoteltujen viiksekk\u00e4iden vaatimukset. Kissapuu, jolla on monia etuja Yll\u00e4 oleva kiipeilytorni on l\u00e4p\u00e4issyt kissatestin. Erityisesti kissat pitiv\u00e4t kahdesta suuresta pehmopes\u00e4st\u00e4 ja kolmesta p\u00f6rr\u00f6isest\u00e4 n\u00e4k\u00f6alatasanteesta. Mutta my\u00f6s kissan lelun alaosassa oleva raapimislauta oli eritt\u00e4in suosittu. Lis\u00e4ksi molemmat testaajat tunsivat olonsa turvalliseksi ja hyppiv\u00e4t pelotta tasanteelta toiselle. T\u00e4m\u00e4n raapimispuun korkean vakauden takaavat ennen kaikkea paksut sisalpuut ja vahvistettu pohjalevy. Mukana toimitetaan my\u00f6s kaatumissuoja. Kokeile, mist\u00e4 osasta raapimispuuta kissasi pit\u00e4\u00e4 eniten, ja jaa testitulokset muiden lemmikkiel\u00e4inten yst\u00e4vien kanssa kommenteissa. Tuotetiedot: &#8211; V\u00e4ri: savuharmaa &#8211; Materiaali: CARB-sertifioitu puulastulevy, pehmolelu, sisali &#8211; Koko: 60 x 55 x 172 cm (L x S x K) &#8211; Paino: 29,1 kg Toimitus sis\u00e4lt\u00e4\u00e4: &#8211; 1 x raapimispuu &#8211; 1 x ohjeet (DE, EN, FR, ES, IT) FEANDREA Huomautukset: &#8211; Aseta raapimispuu tasaiselle alustalle huoneesi nurkkaan. &#8211; \u00c4l\u00e4 aseta tuotetta kosteaan ymp\u00e4rist\u00f6\u00f6n. &#8211; Pid\u00e4 lapset poissa t\u00e4m\u00e4n tuotteen l\u00e4helt\u00e4. He eiv\u00e4t saa kiivet\u00e4 raapimispuuhun tai leikki\u00e4 sill\u00e4. &#8211; Jos kissasi haluaa sy\u00f6d\u00e4 turkispalloja tai joustavaa nauhaa, poista lelu v\u00e4litt\u00f6m\u00e4sti. &#8211; Kiinnit\u00e4 tuote sein\u00e4\u00e4n kaatumissuojan avulla.<\/p>\n","protected":false},"excerpt":{"rendered":"<p>Feandrea suuri raapimispuu, kissapuu 3 mukavalla n\u00e4k\u00f6alatasanteella, kissan lelu 2 pehme\u00e4ll\u00e4 luolalla, paksut sisal-rungot, ylim\u00e4\u00e4r\u00e4inen raapimislauta, vakaa, 172 cm, savuharmaa PCT18GYZ<\/p>\n","protected":false},"featured_media":45150,"comment_status":"open","ping_status":"closed","template":"","meta":[],"product_brand":[],"product_cat":[32],"product_tag":[],"class_list":{"0":"post-37236","1":"product","2":"type-product","3":"status-publish","4":"has-post-thumbnail","6":"product_cat-uncategorized-fi","8":"first","9":"instock","10":"shipping-taxable","11":"purchasable","12":"product-type-simple"},"_links":{"self":[{"href":"https:\/\/nordicmart.andreevmaster.com\/fi\/wp-json\/wp\/v2\/product\/37236","targetHints":{"allow":["GET"]}}],"collection":[{"href":"https:\/\/nordicmart.andreevmaster.com\/fi\/wp-json\/wp\/v2\/product"}],"about":[{"href":"https:\/\/nordicmart.andreevmaster.com\/fi\/wp-json\/wp\/v2\/types\/product"}],"replies":[{"embeddable":true,"href":"https:\/\/nordicmart.andreevmaster.com\/fi\/wp-json\/wp\/v2\/comments?post=37236"}],"wp:featuredmedia":[{"embeddable":true,"href":"https:\/\/nordicmart.andreevmaster.com\/fi\/wp-json\/wp\/v2\/media\/45150"}],"wp:attachment":[{"href":"https:\/\/nordicmart.andreevmaster.com\/fi\/wp-json\/wp\/v2\/media?parent=37236"}],"wp:term":[{"taxonomy":"product_brand","embeddable":true,"href":"https:\/\/nordicmart.andreevmaster.com\/fi\/wp-json\/wp\/v2\/product_brand?post=37236"},{"taxonomy":"product_cat","embeddable":true,"href":"https:\/\/nordicmart.andreevmaster.com\/fi\/wp-json\/wp\/v2\/product_cat?post=37236"},{"taxonomy":"product_tag","embeddable":true,"href":"https:\/\/nordicmart.andreevmaster.com\/fi\/wp-json\/wp\/v2\/product_tag?post=37236"}],"curies":[{"name":"wp","href":"https:\/\/api.w.org\/{rel}","templated":true}]}}