{"id":37227,"date":"2026-02-27T00:38:03","date_gmt":"2026-02-27T00:38:03","guid":{"rendered":"https:\/\/nordicmart.andreevmaster.com\/product\/feandrea-raapimispuu-xxl-165-cm-savuharmaa\/"},"modified":"2026-02-27T09:54:58","modified_gmt":"2026-02-27T09:54:58","slug":"feandrea-raapimispuu-xxl-165-cm-savuharmaa","status":"publish","type":"product","link":"https:\/\/nordicmart.andreevmaster.com\/fi\/tuote\/feandrea-raapimispuu-xxl-165-cm-savuharmaa\/","title":{"rendered":"Feandrea raapimispuu XXL 165 cm savuharmaa"},"content":{"rendered":"<p>Tuotekuvaus: Songmics-kissapuu yhdist\u00e4\u00e4 korkean laadun ja monipuolisen k\u00e4ytett\u00e4vyyden. Sen pohjalevy on valmistettu korkealaatuisesta lastulevyst\u00e4, ja se tarjoaa erilaisia leikkitiloja ja leluja. Kaikki puunrungot on k\u00e4\u00e4ritty sisalilla, jotta kissasi voivat raapia niit\u00e4 mielin m\u00e4\u00e4rin. Ylellinen kissanluola tarjoaa suuren, rauhallisen lepopaikan. Lis\u00e4ksi pallot voivat tuoda kissoillesi paljon iloa. Vankalla pohjalevyll\u00e4 ja mukana toimitetulla kaatumisenestohihnalla varustettu kissanpuumaja vakuuttaa vakaudellaan ja kest\u00e4vyydell\u00e4\u00e4n. Kissanpuumajan avulla kissasi voivat kokea kotona puissa kiipeilyn ilon.Tuotetiedot: V\u00e4ri: savuharmaa Materiaali: korkealaatuinen lastulevy, pehmolelu, sisal, vahvistettu pahvi Mitat: 100 x 165 x 90 (L x K x S) Nettopaino: 21,8 kg Toimitus sis\u00e4lt\u00e4\u00e4: 1 x raapimispuu 1 x ohjeet (DE, EN, FR, IT, ES) Huomautukset: Pid\u00e4 raapimispuu vaakasuorassa lattiaan n\u00e4hden ja aseta se nurkkaan. \u00c4l\u00e4 k\u00e4yt\u00e4 raapimispuuta kosteassa ymp\u00e4rist\u00f6ss\u00e4. Tuote ei ole lelu kaksijalkaisille, joten est\u00e4 lapsia kiipe\u00e4m\u00e4st\u00e4 tai leikkim\u00e4st\u00e4 sill\u00e4. Br\u00e4ndimme optimoinnin yhteydess\u00e4 olemme korvanneet vanhat pakkaukset uusilla. Ne valitaan satunnaisesti kunkin tuotteen l\u00e4hett\u00e4mist\u00e4 varten, joten on mahdollista, ett\u00e4 saat vanhentuneen pakkausversion. Tuote itsess\u00e4\u00e4n on tietysti uusin versio. Br\u00e4ndimme jatkuvan kehitt\u00e4misen avulla haluamme parantaa ostokokemustasi jatkuvasti. <\/p>\n","protected":false},"excerpt":{"rendered":"<p>Feandrea XXL raapimispuu kiipeilypuu useilla tasoilla kissoille, korkeus 165 cm, savuharmaa PCT17G<\/p>\n","protected":false},"featured_media":45149,"comment_status":"open","ping_status":"closed","template":"","meta":[],"product_brand":[],"product_cat":[32],"product_tag":[],"class_list":{"0":"post-37227","1":"product","2":"type-product","3":"status-publish","4":"has-post-thumbnail","6":"product_cat-uncategorized-fi","8":"first","9":"instock","10":"shipping-taxable","11":"purchasable","12":"product-type-simple"},"_links":{"self":[{"href":"https:\/\/nordicmart.andreevmaster.com\/fi\/wp-json\/wp\/v2\/product\/37227","targetHints":{"allow":["GET"]}}],"collection":[{"href":"https:\/\/nordicmart.andreevmaster.com\/fi\/wp-json\/wp\/v2\/product"}],"about":[{"href":"https:\/\/nordicmart.andreevmaster.com\/fi\/wp-json\/wp\/v2\/types\/product"}],"replies":[{"embeddable":true,"href":"https:\/\/nordicmart.andreevmaster.com\/fi\/wp-json\/wp\/v2\/comments?post=37227"}],"wp:featuredmedia":[{"embeddable":true,"href":"https:\/\/nordicmart.andreevmaster.com\/fi\/wp-json\/wp\/v2\/media\/45149"}],"wp:attachment":[{"href":"https:\/\/nordicmart.andreevmaster.com\/fi\/wp-json\/wp\/v2\/media?parent=37227"}],"wp:term":[{"taxonomy":"product_brand","embeddable":true,"href":"https:\/\/nordicmart.andreevmaster.com\/fi\/wp-json\/wp\/v2\/product_brand?post=37227"},{"taxonomy":"product_cat","embeddable":true,"href":"https:\/\/nordicmart.andreevmaster.com\/fi\/wp-json\/wp\/v2\/product_cat?post=37227"},{"taxonomy":"product_tag","embeddable":true,"href":"https:\/\/nordicmart.andreevmaster.com\/fi\/wp-json\/wp\/v2\/product_tag?post=37227"}],"curies":[{"name":"wp","href":"https:\/\/api.w.org\/{rel}","templated":true}]}}