{"id":37224,"date":"2026-02-27T00:38:02","date_gmt":"2026-02-27T00:38:02","guid":{"rendered":"https:\/\/nordicmart.andreevmaster.com\/product\/feandrea-kratzbaum-irrotettavilla-tyynyilla-vintage-ruskea\/"},"modified":"2026-02-27T09:54:58","modified_gmt":"2026-02-27T09:54:58","slug":"feandrea-kratzbaum-irrotettavilla-tyynyilla-vintage-ruskea","status":"publish","type":"product","link":"https:\/\/nordicmart.andreevmaster.com\/fi\/tuote\/feandrea-kratzbaum-irrotettavilla-tyynyilla-vintage-ruskea\/","title":{"rendered":"Feandrea Kratzbaum irrotettavilla tyynyill\u00e4, vintage-ruskea"},"content":{"rendered":"<p>Tuotetiedot: V\u00e4ri: vintage-ruskea Materiaali: lastulevy, 500 g\/m\u00b2 pehmustettu, sisali Koko: 58 x 40 x 165 cm (P x L x K) Paino: 14,4 kg Toimitus sis\u00e4lt\u00e4\u00e4: 1 x raapimispuu 1 x lis\u00e4varustepaketti 1 x kaatumissuoja 1 x ohjeet FEANDREA Huomautukset:Jos lemmikkisi alkaa pureskella tai sy\u00f6d\u00e4 pomponia tai kuminauhaa, poista ne ja s\u00e4ilyt\u00e4 niit\u00e4 jonkin aikaa lemmikkisi ulottumattomissa. Koska kissat tykk\u00e4\u00e4v\u00e4t hyp\u00e4t\u00e4 ja leikki\u00e4, kiinnit\u00e4 raapimispuu sein\u00e4\u00e4n mukana toimitetulla kaatumisenestokitill\u00e4, jotta se on turvallinen k\u00e4ytt\u00e4\u00e4.<\/p>\n","protected":false},"excerpt":{"rendered":"<p>Feandrea raapimispuu, 165 cm Moderni kissatorni, kissan asunto 5 raapimispuulla, pest\u00e4v\u00e4t irrotettavat tyynyt, istumapuu, kissan luola, kissan huonekalut asuinkissoille, vintage-ruskea PCT166X01<\/p>\n","protected":false},"featured_media":0,"comment_status":"open","ping_status":"closed","template":"","meta":[],"product_brand":[],"product_cat":[32],"product_tag":[],"class_list":{"0":"post-37224","1":"product","2":"type-product","3":"status-publish","5":"product_cat-uncategorized-fi","7":"first","8":"instock","9":"shipping-taxable","10":"purchasable","11":"product-type-simple"},"_links":{"self":[{"href":"https:\/\/nordicmart.andreevmaster.com\/fi\/wp-json\/wp\/v2\/product\/37224","targetHints":{"allow":["GET"]}}],"collection":[{"href":"https:\/\/nordicmart.andreevmaster.com\/fi\/wp-json\/wp\/v2\/product"}],"about":[{"href":"https:\/\/nordicmart.andreevmaster.com\/fi\/wp-json\/wp\/v2\/types\/product"}],"replies":[{"embeddable":true,"href":"https:\/\/nordicmart.andreevmaster.com\/fi\/wp-json\/wp\/v2\/comments?post=37224"}],"wp:attachment":[{"href":"https:\/\/nordicmart.andreevmaster.com\/fi\/wp-json\/wp\/v2\/media?parent=37224"}],"wp:term":[{"taxonomy":"product_brand","embeddable":true,"href":"https:\/\/nordicmart.andreevmaster.com\/fi\/wp-json\/wp\/v2\/product_brand?post=37224"},{"taxonomy":"product_cat","embeddable":true,"href":"https:\/\/nordicmart.andreevmaster.com\/fi\/wp-json\/wp\/v2\/product_cat?post=37224"},{"taxonomy":"product_tag","embeddable":true,"href":"https:\/\/nordicmart.andreevmaster.com\/fi\/wp-json\/wp\/v2\/product_tag?post=37224"}],"curies":[{"name":"wp","href":"https:\/\/api.w.org\/{rel}","templated":true}]}}