{"id":37216,"date":"2026-02-27T00:38:00","date_gmt":"2026-02-27T00:38:00","guid":{"rendered":"https:\/\/nordicmart.andreevmaster.com\/product\/feandrea-raapimispuu-168-cm-2-koloa\/"},"modified":"2026-02-27T09:54:56","modified_gmt":"2026-02-27T09:54:56","slug":"feandrea-raapimispuu-168-cm-2-koloa","status":"publish","type":"product","link":"https:\/\/nordicmart.andreevmaster.com\/fi\/tuote\/feandrea-raapimispuu-168-cm-2-koloa\/","title":{"rendered":"Feandrea raapimispuu 168 cm, 2 koloa"},"content":{"rendered":"<p>Miksi valita t\u00e4m\u00e4 monikerroksinen kissanraapimispuu? &#8211; Turvallisuus ennen kaikkea: korkealaatuiset materiaalit, vahvistettu pohja ja kaatumissuoja takaavat vakaan ja turvallisen tuen, jotta kissasi voivat leikki\u00e4 turvallisesti. &#8211; T\u00e4ydellinen mukavuus: koko kissanraapimispuu on peitetty pehme\u00e4ll\u00e4 muhkealla kankaalla, joka takaa mukavan kodikkuuden. &#8211; Hauskaa joka puolella: 2 pomponia, leikkik\u00f6ysi, 2 koloa, kori ja riippumatto takaavat, ett\u00e4 kissasi eiv\u00e4t kyll\u00e4sty t\u00e4h\u00e4n raapimispuuhun. &#8211; Suojaa sohvaasi: 13 raapimispylv\u00e4st\u00e4 ja 1 raapimisramppi viihdytt\u00e4v\u00e4t levottomia kynsi\u00e4 ja est\u00e4v\u00e4t niit\u00e4 pilaamasta huonekaluja. &#8211; Sopii my\u00f6s kissanpennuille ja vanhemmille kissoille: sek\u00e4 monitasoinen rakenne ett\u00e4 ramppi helpottavat kiipe\u00e4mist\u00e4 yl\u00f6s ja alas. Tuotetiedot: &#8211; V\u00e4ri: savuharmaa &#8211; Materiaali: lastulevy, pehmolelu, sisali &#8211; Koko: 55 x 45 x 168 cm (P x L x K) &#8211; Paino: 18,4 kg &#8211; Maks. staattinen kokonaiskuormitus: 65 kgToimitus sis\u00e4lt\u00e4\u00e4:- 1 x raapimispuu- 1 x kaatumissuoja- 1 x lis\u00e4varustepaketti- 1 x ohjeetFEANDREA Huomautukset:- Jos kissasi alkaa pureskella tai sy\u00f6d\u00e4 pomponia tai kuminauhaa, poista lelu ja s\u00e4ilyt\u00e4 sit\u00e4 jonkin aikaa kissasi ulottumattomissa. &#8211; Jos kissanpes\u00e4 naarmuuntuu tai vaurioituu, korjaa tai vaihda se ennen jatkok\u00e4ytt\u00f6\u00e4, jotta minimoit kissasi loukkaantumisriskin.- Koska kissat tykk\u00e4\u00e4v\u00e4t hyp\u00e4t\u00e4 ja leikki\u00e4, kiinnit\u00e4 tuote sein\u00e4\u00e4n mukana toimitetulla kaatumissuojalla, jotta se pysyy vakaana.<\/p>\n","protected":false},"excerpt":{"rendered":"<p>Feandrea Kratzbaum suuri, 168 cm korkea, M kissapuu, 13 raapimispylv\u00e4st\u00e4, 2 tasoa, 2 luolaa, kori, riippumatto, pehmopallot, monikerroksinen kissanraapimispuu, savuharmaa PCT165G01<\/p>\n","protected":false},"featured_media":45143,"comment_status":"open","ping_status":"closed","template":"","meta":[],"product_brand":[],"product_cat":[32],"product_tag":[],"class_list":{"0":"post-37216","1":"product","2":"type-product","3":"status-publish","4":"has-post-thumbnail","6":"product_cat-uncategorized-fi","8":"first","9":"instock","10":"shipping-taxable","11":"purchasable","12":"product-type-simple"},"_links":{"self":[{"href":"https:\/\/nordicmart.andreevmaster.com\/fi\/wp-json\/wp\/v2\/product\/37216","targetHints":{"allow":["GET"]}}],"collection":[{"href":"https:\/\/nordicmart.andreevmaster.com\/fi\/wp-json\/wp\/v2\/product"}],"about":[{"href":"https:\/\/nordicmart.andreevmaster.com\/fi\/wp-json\/wp\/v2\/types\/product"}],"replies":[{"embeddable":true,"href":"https:\/\/nordicmart.andreevmaster.com\/fi\/wp-json\/wp\/v2\/comments?post=37216"}],"wp:featuredmedia":[{"embeddable":true,"href":"https:\/\/nordicmart.andreevmaster.com\/fi\/wp-json\/wp\/v2\/media\/45143"}],"wp:attachment":[{"href":"https:\/\/nordicmart.andreevmaster.com\/fi\/wp-json\/wp\/v2\/media?parent=37216"}],"wp:term":[{"taxonomy":"product_brand","embeddable":true,"href":"https:\/\/nordicmart.andreevmaster.com\/fi\/wp-json\/wp\/v2\/product_brand?post=37216"},{"taxonomy":"product_cat","embeddable":true,"href":"https:\/\/nordicmart.andreevmaster.com\/fi\/wp-json\/wp\/v2\/product_cat?post=37216"},{"taxonomy":"product_tag","embeddable":true,"href":"https:\/\/nordicmart.andreevmaster.com\/fi\/wp-json\/wp\/v2\/product_tag?post=37216"}],"curies":[{"name":"wp","href":"https:\/\/api.w.org\/{rel}","templated":true}]}}