{"id":37212,"date":"2026-02-27T00:37:59","date_gmt":"2026-02-27T00:37:59","guid":{"rendered":"https:\/\/nordicmart.andreevmaster.com\/product\/feandrea-kissanrauta-138-cm-tasoilla\/"},"modified":"2026-02-27T09:54:55","modified_gmt":"2026-02-27T09:54:55","slug":"feandrea-kissanrauta-138-cm-tasoilla","status":"publish","type":"product","link":"https:\/\/nordicmart.andreevmaster.com\/fi\/tuote\/feandrea-kissanrauta-138-cm-tasoilla\/","title":{"rendered":"Feandrea kissanrauta 138 cm, tasoilla"},"content":{"rendered":"<p>Miksi valita t\u00e4m\u00e4 FEANDREA-raapimispuu? Todellinen katseenvangitsija: Greige-pinta sopii hyvin kodin sisustukseen. Vakaa, turvallinen, kest\u00e4v\u00e4: Laadukkaat materiaalit, liukumattomat tyynyt ja kaatumissuoja takaavat vakauden, turvallisuuden ja kest\u00e4vyyden. Pehme\u00e4 raapimiseen: Eritt\u00e4in pehme\u00e4 500 g\/m\u00b2 pehmuste tekee siit\u00e4 erityisen mukavan. Suojaa sohvaasi: Useat sisalpuut teroittavat levottomat kynnet ja est\u00e4v\u00e4t niit\u00e4 pilaamasta huonekaluja.Tarjoaa loputtomasti hauskaa: 2 istumapalkkia tarkkailuun, luola lepoon ja pehme\u00e4 riippumatto iltap\u00e4iv\u00e4n laiskotteluun. Helppo puhdistaa: Tyynyt ovat irrotettavia, mik\u00e4 helpottaa puhdistusta.Tuotetiedot: V\u00e4ri: Greige Materiaali: Puulastulevy, 500 g\/m\u00b2 pehmustettu, sisali Koko: 55 x 45 x 138 cm (P x L x K) Paino: 15,5 kg Maks. staattinen kokonaiskuormitus: 40 kg Toimitus sis\u00e4lt\u00e4\u00e4: 1 x raapimispuu 1 x kaatumissuoja 1 x lis\u00e4varustepaketti 1 x ohjeet<\/p>\n","protected":false},"excerpt":{"rendered":"<p>Feandrea raapimispuu, kissapuu, kissakaluste, moderni, vintage-ruskea PCT164X01<\/p>\n","protected":false},"featured_media":0,"comment_status":"open","ping_status":"closed","template":"","meta":[],"product_brand":[],"product_cat":[32],"product_tag":[],"class_list":{"0":"post-37212","1":"product","2":"type-product","3":"status-publish","5":"product_cat-uncategorized-fi","7":"first","8":"instock","9":"shipping-taxable","10":"purchasable","11":"product-type-simple"},"_links":{"self":[{"href":"https:\/\/nordicmart.andreevmaster.com\/fi\/wp-json\/wp\/v2\/product\/37212","targetHints":{"allow":["GET"]}}],"collection":[{"href":"https:\/\/nordicmart.andreevmaster.com\/fi\/wp-json\/wp\/v2\/product"}],"about":[{"href":"https:\/\/nordicmart.andreevmaster.com\/fi\/wp-json\/wp\/v2\/types\/product"}],"replies":[{"embeddable":true,"href":"https:\/\/nordicmart.andreevmaster.com\/fi\/wp-json\/wp\/v2\/comments?post=37212"}],"wp:attachment":[{"href":"https:\/\/nordicmart.andreevmaster.com\/fi\/wp-json\/wp\/v2\/media?parent=37212"}],"wp:term":[{"taxonomy":"product_brand","embeddable":true,"href":"https:\/\/nordicmart.andreevmaster.com\/fi\/wp-json\/wp\/v2\/product_brand?post=37212"},{"taxonomy":"product_cat","embeddable":true,"href":"https:\/\/nordicmart.andreevmaster.com\/fi\/wp-json\/wp\/v2\/product_cat?post=37212"},{"taxonomy":"product_tag","embeddable":true,"href":"https:\/\/nordicmart.andreevmaster.com\/fi\/wp-json\/wp\/v2\/product_tag?post=37212"}],"curies":[{"name":"wp","href":"https:\/\/api.w.org\/{rel}","templated":true}]}}