{"id":37207,"date":"2026-02-27T00:37:58","date_gmt":"2026-02-27T00:37:58","guid":{"rendered":"https:\/\/nordicmart.andreevmaster.com\/product\/feandrea-kissapuu-riippumatolla-vaaleanharmaa\/"},"modified":"2026-02-27T09:54:54","modified_gmt":"2026-02-27T09:54:54","slug":"feandrea-kissapuu-riippumatolla-vaaleanharmaa","status":"publish","type":"product","link":"https:\/\/nordicmart.andreevmaster.com\/fi\/tuote\/feandrea-kissapuu-riippumatolla-vaaleanharmaa\/","title":{"rendered":"Feandrea kissapuu riippumatolla, vaaleanharmaa"},"content":{"rendered":"<p>FEANDREAn luovissa ty\u00f6pajoissa hyppii kaksi suloista kissanpentua, jotka tutkivat kaikki raapimispuut henkil\u00f6kohtaisesti ja antavat niist\u00e4 el\u00e4imellisen palautteen. N\u00e4in FEANDREAn suunnittelijat saavat ensik\u00e4den eli ensik\u00e4p\u00e4l\u00e4n tietoa siit\u00e4, t\u00e4ytt\u00e4v\u00e4tk\u00f6 tuotteet hemmoteltujen viiksekk\u00e4iden vaatimukset.T\u00e4m\u00e4n raapimispuun kohokohdat yhdell\u00e4 silm\u00e4yksell\u00e4: &#8211; Kest\u00e4v\u00e4 ja pehme\u00e4 pehmustettu p\u00e4\u00e4llinen &#8211; 1 mukava k\u00e4tk\u00f6paikka piiloutumiseen &#8211; 1 tukeva riippumatto p\u00e4iv\u00e4unille &#8211; 1 hyvin pehmustettu n\u00e4k\u00f6alatasanne rentoutumiseen &#8211; 1 turkispallo ylim\u00e4\u00e4r\u00e4ist\u00e4 hauskaa varten<\/p>\n","protected":false},"excerpt":{"rendered":"<p>Feandrea raapimispuu, kissapuu riippumatolla, 143 cm, vaaleanharmaa PCT161W01<\/p>\n","protected":false},"featured_media":45136,"comment_status":"open","ping_status":"closed","template":"","meta":[],"product_brand":[],"product_cat":[32],"product_tag":[],"class_list":{"0":"post-37207","1":"product","2":"type-product","3":"status-publish","4":"has-post-thumbnail","6":"product_cat-uncategorized-fi","8":"first","9":"instock","10":"shipping-taxable","11":"purchasable","12":"product-type-simple"},"_links":{"self":[{"href":"https:\/\/nordicmart.andreevmaster.com\/fi\/wp-json\/wp\/v2\/product\/37207","targetHints":{"allow":["GET"]}}],"collection":[{"href":"https:\/\/nordicmart.andreevmaster.com\/fi\/wp-json\/wp\/v2\/product"}],"about":[{"href":"https:\/\/nordicmart.andreevmaster.com\/fi\/wp-json\/wp\/v2\/types\/product"}],"replies":[{"embeddable":true,"href":"https:\/\/nordicmart.andreevmaster.com\/fi\/wp-json\/wp\/v2\/comments?post=37207"}],"wp:featuredmedia":[{"embeddable":true,"href":"https:\/\/nordicmart.andreevmaster.com\/fi\/wp-json\/wp\/v2\/media\/45136"}],"wp:attachment":[{"href":"https:\/\/nordicmart.andreevmaster.com\/fi\/wp-json\/wp\/v2\/media?parent=37207"}],"wp:term":[{"taxonomy":"product_brand","embeddable":true,"href":"https:\/\/nordicmart.andreevmaster.com\/fi\/wp-json\/wp\/v2\/product_brand?post=37207"},{"taxonomy":"product_cat","embeddable":true,"href":"https:\/\/nordicmart.andreevmaster.com\/fi\/wp-json\/wp\/v2\/product_cat?post=37207"},{"taxonomy":"product_tag","embeddable":true,"href":"https:\/\/nordicmart.andreevmaster.com\/fi\/wp-json\/wp\/v2\/product_tag?post=37207"}],"curies":[{"name":"wp","href":"https:\/\/api.w.org\/{rel}","templated":true}]}}