{"id":37203,"date":"2026-02-27T00:37:56","date_gmt":"2026-02-27T00:37:56","guid":{"rendered":"https:\/\/nordicmart.andreevmaster.com\/product\/feandrea-raapimispuu-143-cm-korkea-4-raapimispylvasta-kamelinruskea\/"},"modified":"2026-02-27T09:54:53","modified_gmt":"2026-02-27T09:54:53","slug":"feandrea-raapimispuu-143-cm-korkea-4-raapimispylvasta-kamelinruskea","status":"publish","type":"product","link":"https:\/\/nordicmart.andreevmaster.com\/fi\/tuote\/feandrea-raapimispuu-143-cm-korkea-4-raapimispylvasta-kamelinruskea\/","title":{"rendered":"Feandrea raapimispuu 143 cm korkea, 4 raapimispylv\u00e4st\u00e4, kamelinruskea"},"content":{"rendered":"<p>Feandrea raapimispuu, kissapuu riippumatolla, 143 cm, vaaleanharmaa PCT161W01<br \/>\nV\u00e4ri: kamelinruskea<br \/>\nMateriaali: lastulevy, pehmolelu, sisali<br \/>\nKoko: 55 x 45 x 143 cm (P x L x K)<br \/>\nPaino: 13 kg<br \/>\nMaks. staattinen kokonaiskuormitus: 40 kg<br \/>\nIhanteellinen kissam\u00e4\u00e4r\u00e4: enint\u00e4\u00e4n 4 (kukin \u2264 5 kg)<\/p>\n","protected":false},"excerpt":{"rendered":"<p>Feandrea raapimispuu, kissapuu riippumatolla, 143 cm, vaaleanharmaa PCT161W01<\/p>\n","protected":false},"featured_media":0,"comment_status":"open","ping_status":"closed","template":"","meta":[],"product_brand":[],"product_cat":[32],"product_tag":[],"class_list":{"0":"post-37203","1":"product","2":"type-product","3":"status-publish","5":"product_cat-uncategorized-fi","7":"first","8":"instock","9":"shipping-taxable","10":"purchasable","11":"product-type-simple"},"_links":{"self":[{"href":"https:\/\/nordicmart.andreevmaster.com\/fi\/wp-json\/wp\/v2\/product\/37203","targetHints":{"allow":["GET"]}}],"collection":[{"href":"https:\/\/nordicmart.andreevmaster.com\/fi\/wp-json\/wp\/v2\/product"}],"about":[{"href":"https:\/\/nordicmart.andreevmaster.com\/fi\/wp-json\/wp\/v2\/types\/product"}],"replies":[{"embeddable":true,"href":"https:\/\/nordicmart.andreevmaster.com\/fi\/wp-json\/wp\/v2\/comments?post=37203"}],"wp:attachment":[{"href":"https:\/\/nordicmart.andreevmaster.com\/fi\/wp-json\/wp\/v2\/media?parent=37203"}],"wp:term":[{"taxonomy":"product_brand","embeddable":true,"href":"https:\/\/nordicmart.andreevmaster.com\/fi\/wp-json\/wp\/v2\/product_brand?post=37203"},{"taxonomy":"product_cat","embeddable":true,"href":"https:\/\/nordicmart.andreevmaster.com\/fi\/wp-json\/wp\/v2\/product_cat?post=37203"},{"taxonomy":"product_tag","embeddable":true,"href":"https:\/\/nordicmart.andreevmaster.com\/fi\/wp-json\/wp\/v2\/product_tag?post=37203"}],"curies":[{"name":"wp","href":"https:\/\/api.w.org\/{rel}","templated":true}]}}