{"id":37193,"date":"2026-02-27T00:37:53","date_gmt":"2026-02-27T00:37:53","guid":{"rendered":"https:\/\/nordicmart.andreevmaster.com\/product\/feandrea-raapimispuu-118-cm-lelulla\/"},"modified":"2026-02-27T09:54:51","modified_gmt":"2026-02-27T09:54:51","slug":"feandrea-raapimispuu-118-cm-lelulla","status":"publish","type":"product","link":"https:\/\/nordicmart.andreevmaster.com\/fi\/tuote\/feandrea-raapimispuu-118-cm-lelulla\/","title":{"rendered":"Feandrea-raapimispuu 118 cm, lelulla"},"content":{"rendered":"<p>Miksi valita t\u00e4m\u00e4 monikerroksinen raapimispuu? &#8211; Vakaa ja kest\u00e4v\u00e4: korkealaatuiset materiaalit takaavat vakauden ja kest\u00e4vyyden pitk\u00e4aikaista hauskanpitoa varten. &#8211; Sopii kissanpennuille ja vanhemmille kissoille: sek\u00e4 monikerroksinen rakenne ett\u00e4 ramppi helpottavat kiipe\u00e4mist\u00e4 ja laskeutumista. &#8211; Mukava joka puolelta: Koko kissapuu on peitetty pehme\u00e4ll\u00e4 muhkealla kankaalla, jotta kissasi voivat tuntea olonsa mukavaksi kaikkialla. &#8211; Rajaton raapimisen ilo: Suuri raapimisramppi ja sisalrunko teroittavat levottomat kynnet. &#8211; Pehme\u00e4t pallot lis\u00e4\u00e4v\u00e4t hauskuutta: 3 pehme\u00e4\u00e4 palloa takaavat hauskanpidon; varapallo ilman kelloa tarjoaa lis\u00e4vaihtoehdon. &#8211; Irrotettavat lis\u00e4varusteet: Voit irrottaa pehme\u00e4t pallot ja k\u00e4ytt\u00e4\u00e4 niit\u00e4 kissan leluina leikkiess\u00e4si karvisten yst\u00e4viesi kanssa. Tuotetiedot: &#8211; V\u00e4ri: savuharmaa &#8211; Materiaali: lastulevy, pehmolelu, sisali &#8211; Tuotteen koko: 42 x 32 x 118 cm (P x L x K) &#8211; Paino: 6,6 kg &#8211; Maks. staattinen kokonaiskuormitus: 25 kg Toimitus sis\u00e4lt\u00e4\u00e4:- 1 x raapimispuu &#8211; 1 x lis\u00e4varustepaketti &#8211; 1 x kaatumissuoja &#8211; 1 x ohjeet FEANDREA Huomautukset: &#8211; Jos kissasi pureskelee pehmopalloja tai kuminauhaa, poista lelu v\u00e4litt\u00f6m\u00e4sti ja s\u00e4ilyt\u00e4 sit\u00e4 kissasi ulottumattomissa.- Jos kissanpes\u00e4 on vaurioitunut, korjaa tai vaihda se ajoissa, jotta v\u00e4lt\u00e4t vaurioituneiden osien aiheuttaman loukkaantumisriskin. &#8211; Kiinnit\u00e4 tuote sein\u00e4\u00e4n mukana toimitetulla kaatumissuojalla, jotta sen k\u00e4ytt\u00f6 on turvallista. &#8211; T\u00e4m\u00e4 raapimispuu sopii enint\u00e4\u00e4n 2 kissalle, joiden paino on enint\u00e4\u00e4n 7 kg.<\/p>\n","protected":false},"excerpt":{"rendered":"<p>Feandrea pieni raapimispuu, kissapuu raapimislautalla, 3 irrotettavaa pomponitikkua, 118 cm, vaaleanharmaa PCT143W01<\/p>\n","protected":false},"featured_media":45128,"comment_status":"open","ping_status":"closed","template":"","meta":[],"product_brand":[],"product_cat":[32],"product_tag":[],"class_list":{"0":"post-37193","1":"product","2":"type-product","3":"status-publish","4":"has-post-thumbnail","6":"product_cat-uncategorized-fi","8":"first","9":"instock","10":"shipping-taxable","11":"purchasable","12":"product-type-simple"},"_links":{"self":[{"href":"https:\/\/nordicmart.andreevmaster.com\/fi\/wp-json\/wp\/v2\/product\/37193","targetHints":{"allow":["GET"]}}],"collection":[{"href":"https:\/\/nordicmart.andreevmaster.com\/fi\/wp-json\/wp\/v2\/product"}],"about":[{"href":"https:\/\/nordicmart.andreevmaster.com\/fi\/wp-json\/wp\/v2\/types\/product"}],"replies":[{"embeddable":true,"href":"https:\/\/nordicmart.andreevmaster.com\/fi\/wp-json\/wp\/v2\/comments?post=37193"}],"wp:featuredmedia":[{"embeddable":true,"href":"https:\/\/nordicmart.andreevmaster.com\/fi\/wp-json\/wp\/v2\/media\/45128"}],"wp:attachment":[{"href":"https:\/\/nordicmart.andreevmaster.com\/fi\/wp-json\/wp\/v2\/media?parent=37193"}],"wp:term":[{"taxonomy":"product_brand","embeddable":true,"href":"https:\/\/nordicmart.andreevmaster.com\/fi\/wp-json\/wp\/v2\/product_brand?post=37193"},{"taxonomy":"product_cat","embeddable":true,"href":"https:\/\/nordicmart.andreevmaster.com\/fi\/wp-json\/wp\/v2\/product_cat?post=37193"},{"taxonomy":"product_tag","embeddable":true,"href":"https:\/\/nordicmart.andreevmaster.com\/fi\/wp-json\/wp\/v2\/product_tag?post=37193"}],"curies":[{"name":"wp","href":"https:\/\/api.w.org\/{rel}","templated":true}]}}