{"id":37192,"date":"2026-02-27T00:37:53","date_gmt":"2026-02-27T00:37:53","guid":{"rendered":"https:\/\/nordicmart.andreevmaster.com\/product\/feandrea-raapimispuu-pehmealla-pesalla-vaaleanharmaa\/"},"modified":"2026-02-27T09:54:51","modified_gmt":"2026-02-27T09:54:51","slug":"feandrea-raapimispuu-pehmealla-pesalla-vaaleanharmaa","status":"publish","type":"product","link":"https:\/\/nordicmart.andreevmaster.com\/fi\/tuote\/feandrea-raapimispuu-pehmealla-pesalla-vaaleanharmaa\/","title":{"rendered":"Feandrea raapimispuu pehme\u00e4ll\u00e4 pes\u00e4ll\u00e4, vaaleanharmaa"},"content":{"rendered":"<p>FEANDREAn luovissa ty\u00f6pajoissa kaksi suloista kissanpentua hyppii ymp\u00e4riins\u00e4, tutkii kaikki raapimispuut henkil\u00f6kohtaisesti ja antaa niist\u00e4 el\u00e4imellisen palautteen. N\u00e4in FEANDREAn suunnittelijat saavat ensik\u00e4den, tai pikemminkin ensik\u00e4p\u00e4l\u00e4n, tietoa siit\u00e4, t\u00e4ytt\u00e4v\u00e4tk\u00f6 tuotteet hemmoteltujen viiksekk\u00e4iden vaatimukset.Suloinen kissasi voi nauttia seuraavista erityisominaisuuksista: 1 n\u00e4k\u00f6alatasanne yl\u00e4osassa tarkkailuun 1 mukava pehmopes\u00e4 piiloleikkeihin 1 pehme\u00e4 makuualusta rentoutumiseen Sisalilla p\u00e4\u00e4llystetyt puunrungot kynsien teroittamiseen Porrastettu rakenne helpottaa kiipe\u00e4mist\u00e4 ja laskeutumista Yl\u00e4osan pehmop\u00e4\u00e4llyste on irrotettava ja helppo puhdistaa Tuotetiedot:V\u00e4ri: vaaleanharmaa Materiaali: lastulevy, pehmustettu kangas, sisal Koko: 46 x 41 x 84 cm (P x L x K) Paino: 7,3 kg Toimitus sis\u00e4lt\u00e4\u00e4: 1 x raapimispuu 1 x kaatumissuoja 1 x ohjeet (DE, EN, FR, ES, IT) FEANDREA Huomautukset:Jos kissanpes\u00e4 vaurioituu, korjaa tai vaihda se ajoissa, jotta v\u00e4lt\u00e4t loukkaantumiset vaurioituneiden osien vuoksi.<\/p>\n","protected":false},"excerpt":{"rendered":"<p>Feandrea raapimispuu, pieni kissapuu, 84 cm, vaaleanharmaa PCT142W01<\/p>\n","protected":false},"featured_media":45127,"comment_status":"open","ping_status":"closed","template":"","meta":[],"product_brand":[],"product_cat":[32],"product_tag":[],"class_list":{"0":"post-37192","1":"product","2":"type-product","3":"status-publish","4":"has-post-thumbnail","6":"product_cat-uncategorized-fi","8":"first","9":"instock","10":"shipping-taxable","11":"purchasable","12":"product-type-simple"},"_links":{"self":[{"href":"https:\/\/nordicmart.andreevmaster.com\/fi\/wp-json\/wp\/v2\/product\/37192","targetHints":{"allow":["GET"]}}],"collection":[{"href":"https:\/\/nordicmart.andreevmaster.com\/fi\/wp-json\/wp\/v2\/product"}],"about":[{"href":"https:\/\/nordicmart.andreevmaster.com\/fi\/wp-json\/wp\/v2\/types\/product"}],"replies":[{"embeddable":true,"href":"https:\/\/nordicmart.andreevmaster.com\/fi\/wp-json\/wp\/v2\/comments?post=37192"}],"wp:featuredmedia":[{"embeddable":true,"href":"https:\/\/nordicmart.andreevmaster.com\/fi\/wp-json\/wp\/v2\/media\/45127"}],"wp:attachment":[{"href":"https:\/\/nordicmart.andreevmaster.com\/fi\/wp-json\/wp\/v2\/media?parent=37192"}],"wp:term":[{"taxonomy":"product_brand","embeddable":true,"href":"https:\/\/nordicmart.andreevmaster.com\/fi\/wp-json\/wp\/v2\/product_brand?post=37192"},{"taxonomy":"product_cat","embeddable":true,"href":"https:\/\/nordicmart.andreevmaster.com\/fi\/wp-json\/wp\/v2\/product_cat?post=37192"},{"taxonomy":"product_tag","embeddable":true,"href":"https:\/\/nordicmart.andreevmaster.com\/fi\/wp-json\/wp\/v2\/product_tag?post=37192"}],"curies":[{"name":"wp","href":"https:\/\/api.w.org\/{rel}","templated":true}]}}