{"id":37189,"date":"2026-02-27T00:37:52","date_gmt":"2026-02-27T00:37:52","guid":{"rendered":"https:\/\/nordicmart.andreevmaster.com\/product\/feandrea-raapimispuu-115-cm-raapimislautalla\/"},"modified":"2026-02-27T09:54:50","modified_gmt":"2026-02-27T09:54:50","slug":"feandrea-raapimispuu-115-cm-raapimislautalla","status":"publish","type":"product","link":"https:\/\/nordicmart.andreevmaster.com\/fi\/tuote\/feandrea-raapimispuu-115-cm-raapimislautalla\/","title":{"rendered":"Feandrea raapimispuu 115 cm raapimislautalla"},"content":{"rendered":"<p>FEANDREAn luovissa ty\u00f6pajoissa hyppii kaksi suloista kissanpentua, jotka tutkivat kaikki raapimispuut henkil\u00f6kohtaisesti ja antavat niist\u00e4 el\u00e4imellisen palautteen. N\u00e4in FEANDREAn suunnittelijat saavat ensik\u00e4den eli ensik\u00e4p\u00e4l\u00e4n tietoa siit\u00e4, t\u00e4ytt\u00e4v\u00e4tk\u00f6 tuotteet hemmoteltujen viiksekk\u00e4iden vaatimukset. Suloinen kissasi voi nauttia seuraavista erityisominaisuuksista: &#8211; 2 n\u00e4k\u00f6alatasannetta yl\u00e4osassa tarkkailuun &#8211; 1 mukava k\u00e4tk\u00f6paikka piiloleikkej\u00e4 varten &#8211; Sisalilla p\u00e4\u00e4llystetyt puunrungot jokaisella tasolla kynsien teroittamista varten &#8211; 1 iso raapimislauta, joka toimii samalla portaikkona &#8211; Porrastettu rakenne helpottaa nousemista ja laskeutumista &#8211; 2 turkispalloa lis\u00e4\u00e4v\u00e4t hauskuutta Tuotetiedot: &#8211; V\u00e4ri: beige &#8211; Materiaali: lastulevy, pehmolelu, sisali &#8211; Koko: 50 x 35 x 115 cm (P x L x K) &#8211; Paino: 10,3 kg Toimitussis\u00e4lt\u00f6: &#8211; 1 x raapimispuu &#8211; 1 x kaatumissuoja &#8211; 1 x ohjeet FEANDREA Huomautukset:- Jos kissanpes\u00e4 vaurioituu, korjaa tai vaihda se ajoissa, jotta v\u00e4lt\u00e4t loukkaantumiset vaurioituneiden osien vuoksi. &#8211; Jos kissasi pureskelee turkispalloa tai kuminauhaa, poista lelu v\u00e4litt\u00f6m\u00e4sti ja s\u00e4ilyt\u00e4 sit\u00e4 kissasi ulottumattomissa.<\/p>\n","protected":false},"excerpt":{"rendered":"<p>Feandrea raapimispuu, kissapuu, 115 cm, raapimislauta, vaaleanharmaa PCT141W01<\/p>\n","protected":false},"featured_media":0,"comment_status":"open","ping_status":"closed","template":"","meta":[],"product_brand":[],"product_cat":[32],"product_tag":[],"class_list":{"0":"post-37189","1":"product","2":"type-product","3":"status-publish","5":"product_cat-uncategorized-fi","7":"first","8":"instock","9":"shipping-taxable","10":"purchasable","11":"product-type-simple"},"_links":{"self":[{"href":"https:\/\/nordicmart.andreevmaster.com\/fi\/wp-json\/wp\/v2\/product\/37189","targetHints":{"allow":["GET"]}}],"collection":[{"href":"https:\/\/nordicmart.andreevmaster.com\/fi\/wp-json\/wp\/v2\/product"}],"about":[{"href":"https:\/\/nordicmart.andreevmaster.com\/fi\/wp-json\/wp\/v2\/types\/product"}],"replies":[{"embeddable":true,"href":"https:\/\/nordicmart.andreevmaster.com\/fi\/wp-json\/wp\/v2\/comments?post=37189"}],"wp:attachment":[{"href":"https:\/\/nordicmart.andreevmaster.com\/fi\/wp-json\/wp\/v2\/media?parent=37189"}],"wp:term":[{"taxonomy":"product_brand","embeddable":true,"href":"https:\/\/nordicmart.andreevmaster.com\/fi\/wp-json\/wp\/v2\/product_brand?post=37189"},{"taxonomy":"product_cat","embeddable":true,"href":"https:\/\/nordicmart.andreevmaster.com\/fi\/wp-json\/wp\/v2\/product_cat?post=37189"},{"taxonomy":"product_tag","embeddable":true,"href":"https:\/\/nordicmart.andreevmaster.com\/fi\/wp-json\/wp\/v2\/product_tag?post=37189"}],"curies":[{"name":"wp","href":"https:\/\/api.w.org\/{rel}","templated":true}]}}