{"id":37182,"date":"2026-02-27T00:37:51","date_gmt":"2026-02-27T00:37:51","guid":{"rendered":"https:\/\/nordicmart.andreevmaster.com\/product\/feandrea-kissapuu-61-cm-puuhake\/"},"modified":"2026-02-27T09:54:48","modified_gmt":"2026-02-27T09:54:48","slug":"feandrea-kissapuu-61-cm-puuhake","status":"publish","type":"product","link":"https:\/\/nordicmart.andreevmaster.com\/fi\/tuote\/feandrea-kissapuu-61-cm-puuhake\/","title":{"rendered":"Feandrea-kissapuu 61 cm, puuhake"},"content":{"rendered":"<p>FEANDREAn luovissa ty\u00f6pajoissa kaksi suloista kissanpentua hyppii ymp\u00e4riins\u00e4, tutkii kaikki raapimispuut henkil\u00f6kohtaisesti ja antaa niist\u00e4 el\u00e4imellisen palautteen. N\u00e4in FEANDREAn suunnittelijat saavat ensik\u00e4den eli ensik\u00e4p\u00e4l\u00e4n tietoa siit\u00e4, t\u00e4ytt\u00e4v\u00e4tk\u00f6 tuotteet hemmoteltujen viiksekk\u00e4iden vaatimukset. T\u00e4m\u00e4n raapimispuun kohokohdat yhdell\u00e4 silm\u00e4yksell\u00e4: &#8211; Rustikkainen pinta sopii hyvin kodin sisustukseen &#8211; 500 g\/m\u00b2 pehmustettu pinta on pehme\u00e4 ja mukava &#8211; Yl\u00e4osassa on 1 taso rentoutumiseen &#8211; 1 kotoisa pes\u00e4 piiloleikkej\u00e4 varten &#8211; 1 pehme\u00e4 makuualusta p\u00e4iv\u00e4unia varten &#8211; 2 sisalpuuta kynsien teroittamista varten &#8211; Irrotettavat tyynyt ovat helppoja puhdistaa Tuotetiedot:- V\u00e4ri: vintage-ruskea &#8211; Materiaali: lastulevy, 500 g\/m\u00b2 pehmustettu, sisali &#8211; Koko: 44 x 28 x 61 cm (P x L x K) &#8211; Paino: 5,2 kg Toimitus sis\u00e4lt\u00e4\u00e4: &#8211; 1 x raapimispuu &#8211; 1 x kaatumissuoja &#8211; 1 x lis\u00e4varustepaketti &#8211; 1 x ohjeet<\/p>\n","protected":false},"excerpt":{"rendered":"<p>Feandrea raapimispuu, kissapuu puuhakkeesta, vintage-ruskea PCT122X01<\/p>\n","protected":false},"featured_media":45120,"comment_status":"open","ping_status":"closed","template":"","meta":[],"product_brand":[],"product_cat":[32],"product_tag":[],"class_list":{"0":"post-37182","1":"product","2":"type-product","3":"status-publish","4":"has-post-thumbnail","6":"product_cat-uncategorized-fi","8":"first","9":"instock","10":"shipping-taxable","11":"purchasable","12":"product-type-simple"},"_links":{"self":[{"href":"https:\/\/nordicmart.andreevmaster.com\/fi\/wp-json\/wp\/v2\/product\/37182","targetHints":{"allow":["GET"]}}],"collection":[{"href":"https:\/\/nordicmart.andreevmaster.com\/fi\/wp-json\/wp\/v2\/product"}],"about":[{"href":"https:\/\/nordicmart.andreevmaster.com\/fi\/wp-json\/wp\/v2\/types\/product"}],"replies":[{"embeddable":true,"href":"https:\/\/nordicmart.andreevmaster.com\/fi\/wp-json\/wp\/v2\/comments?post=37182"}],"wp:featuredmedia":[{"embeddable":true,"href":"https:\/\/nordicmart.andreevmaster.com\/fi\/wp-json\/wp\/v2\/media\/45120"}],"wp:attachment":[{"href":"https:\/\/nordicmart.andreevmaster.com\/fi\/wp-json\/wp\/v2\/media?parent=37182"}],"wp:term":[{"taxonomy":"product_brand","embeddable":true,"href":"https:\/\/nordicmart.andreevmaster.com\/fi\/wp-json\/wp\/v2\/product_brand?post=37182"},{"taxonomy":"product_cat","embeddable":true,"href":"https:\/\/nordicmart.andreevmaster.com\/fi\/wp-json\/wp\/v2\/product_cat?post=37182"},{"taxonomy":"product_tag","embeddable":true,"href":"https:\/\/nordicmart.andreevmaster.com\/fi\/wp-json\/wp\/v2\/product_tag?post=37182"}],"curies":[{"name":"wp","href":"https:\/\/api.w.org\/{rel}","templated":true}]}}