{"id":37180,"date":"2026-02-27T00:37:50","date_gmt":"2026-02-27T00:37:50","guid":{"rendered":"https:\/\/nordicmart.andreevmaster.com\/product\/feandrea-pieni-raapimispuu-luolalla\/"},"modified":"2026-02-27T09:54:48","modified_gmt":"2026-02-27T09:54:48","slug":"feandrea-pieni-raapimispuu-luolalla","status":"publish","type":"product","link":"https:\/\/nordicmart.andreevmaster.com\/fi\/tuote\/feandrea-pieni-raapimispuu-luolalla\/","title":{"rendered":"Feandrea Pieni raapimispuu luolalla"},"content":{"rendered":"<p>FEANDREAn luovissa ty\u00f6pajoissa hyppii kaksi suloista kissanpentua, jotka tutkivat kaikki raapimispuut henkil\u00f6kohtaisesti ja antavat niist\u00e4 el\u00e4imellisen palautteen. N\u00e4in FEANDREAn suunnittelijat saavat ensik\u00e4den eli ensik\u00e4p\u00e4l\u00e4n tietoa siit\u00e4, t\u00e4ytt\u00e4v\u00e4tk\u00f6 tuotteet hemmoteltujen viiksekk\u00e4iden vaatimukset. T\u00e4m\u00e4n raapimispuun kohokohdat yhdell\u00e4 silm\u00e4yksell\u00e4: &#8211; 4 pehmopalloa lis\u00e4\u00e4v\u00e4t hauskuutta &#8211; 1 hyvin suunniteltu n\u00e4k\u00f6alatasanne tarkkailuun &#8211; 1 mukava k\u00e4tk\u00f6paikka piilotteluun ja torkkumiseen &#8211; Pehme\u00e4 pehmop\u00e4\u00e4llyste, kuin halaus Tuotetiedot:- V\u00e4ri: savuharmaa &#8211; Materiaali: lastulevy, pehmolelu, sisali &#8211; Koko: 53 x 33 x 72 cm (P x L x K) &#8211; Paino: 5,4 kg Toimitus sis\u00e4lt\u00e4\u00e4: &#8211; 1 x raapimispuu &#8211; 1 x kaatumissuoja &#8211; 1 x lis\u00e4varustepaketti &#8211; 1 x ohjeet FEANDREA Huomautukset:- Jos kissasi pureskelee pehmopalloja tai kuminauhaa, poista lelu v\u00e4litt\u00f6m\u00e4sti ja s\u00e4ilyt\u00e4 sit\u00e4 kissasi ulottumattomissa. &#8211; Jos kissanpes\u00e4 vaurioituu, korjaa tai vaihda se ajoissa, jotta v\u00e4lt\u00e4t vaurioituneiden osien aiheuttamat loukkaantumiset.<\/p>\n","protected":false},"excerpt":{"rendered":"<p>Feandrea raapimispuu, kissapuu, jossa on turkispallot, 72 cm, vaaleanharmaa PCT121W01<\/p>\n","protected":false},"featured_media":45118,"comment_status":"open","ping_status":"closed","template":"","meta":[],"product_brand":[],"product_cat":[32],"product_tag":[],"class_list":{"0":"post-37180","1":"product","2":"type-product","3":"status-publish","4":"has-post-thumbnail","6":"product_cat-uncategorized-fi","8":"first","9":"instock","10":"shipping-taxable","11":"purchasable","12":"product-type-simple"},"_links":{"self":[{"href":"https:\/\/nordicmart.andreevmaster.com\/fi\/wp-json\/wp\/v2\/product\/37180","targetHints":{"allow":["GET"]}}],"collection":[{"href":"https:\/\/nordicmart.andreevmaster.com\/fi\/wp-json\/wp\/v2\/product"}],"about":[{"href":"https:\/\/nordicmart.andreevmaster.com\/fi\/wp-json\/wp\/v2\/types\/product"}],"replies":[{"embeddable":true,"href":"https:\/\/nordicmart.andreevmaster.com\/fi\/wp-json\/wp\/v2\/comments?post=37180"}],"wp:featuredmedia":[{"embeddable":true,"href":"https:\/\/nordicmart.andreevmaster.com\/fi\/wp-json\/wp\/v2\/media\/45118"}],"wp:attachment":[{"href":"https:\/\/nordicmart.andreevmaster.com\/fi\/wp-json\/wp\/v2\/media?parent=37180"}],"wp:term":[{"taxonomy":"product_brand","embeddable":true,"href":"https:\/\/nordicmart.andreevmaster.com\/fi\/wp-json\/wp\/v2\/product_brand?post=37180"},{"taxonomy":"product_cat","embeddable":true,"href":"https:\/\/nordicmart.andreevmaster.com\/fi\/wp-json\/wp\/v2\/product_cat?post=37180"},{"taxonomy":"product_tag","embeddable":true,"href":"https:\/\/nordicmart.andreevmaster.com\/fi\/wp-json\/wp\/v2\/product_tag?post=37180"}],"curies":[{"name":"wp","href":"https:\/\/api.w.org\/{rel}","templated":true}]}}