{"id":37169,"date":"2026-02-27T00:37:47","date_gmt":"2026-02-27T00:37:47","guid":{"rendered":"https:\/\/nordicmart.andreevmaster.com\/product\/feandrea-2-in-1-moderni-kissapuu\/"},"modified":"2026-02-27T09:54:46","modified_gmt":"2026-02-27T09:54:46","slug":"feandrea-2-in-1-moderni-kissapuu","status":"publish","type":"product","link":"https:\/\/nordicmart.andreevmaster.com\/fi\/tuote\/feandrea-2-in-1-moderni-kissapuu\/","title":{"rendered":"Feandrea 2-in-1 moderni kissapuu"},"content":{"rendered":"<p>Feandrea WoodyWonders raapimispuu kissanhiekkalaatikolla, 2-in-1 moderni kissapuu, 134 cm, Croomerilla, raapimispylv\u00e4ill\u00e4, alustalla, pest\u00e4vill\u00e4 tyynyill\u00e4, greige PCT115G01<br \/>\nV\u00e4ri: greige<br \/>\nMateriaali: puulastulevy, 500 g\/m\u00b2 pehmustettu, sisali<br \/>\nKoko: 52 x 52 x 134 cm (P x L x K)<br \/>\nPaino: 16,2 kg<\/p>\n","protected":false},"excerpt":{"rendered":"<p>Feandrea WoodyWonders raapimispuu kissanhiekkalaatikolla, 2-in-1 moderni kissapuu, 134 cm, Croomerilla, raapimispylv\u00e4ill\u00e4, alustalla, pest\u00e4vill\u00e4 tyynyill\u00e4, greige PCT115G01<\/p>\n","protected":false},"featured_media":46687,"comment_status":"open","ping_status":"closed","template":"","meta":[],"product_brand":[],"product_cat":[32],"product_tag":[],"class_list":{"0":"post-37169","1":"product","2":"type-product","3":"status-publish","4":"has-post-thumbnail","6":"product_cat-uncategorized-fi","8":"first","9":"instock","10":"shipping-taxable","11":"purchasable","12":"product-type-simple"},"_links":{"self":[{"href":"https:\/\/nordicmart.andreevmaster.com\/fi\/wp-json\/wp\/v2\/product\/37169","targetHints":{"allow":["GET"]}}],"collection":[{"href":"https:\/\/nordicmart.andreevmaster.com\/fi\/wp-json\/wp\/v2\/product"}],"about":[{"href":"https:\/\/nordicmart.andreevmaster.com\/fi\/wp-json\/wp\/v2\/types\/product"}],"replies":[{"embeddable":true,"href":"https:\/\/nordicmart.andreevmaster.com\/fi\/wp-json\/wp\/v2\/comments?post=37169"}],"wp:featuredmedia":[{"embeddable":true,"href":"https:\/\/nordicmart.andreevmaster.com\/fi\/wp-json\/wp\/v2\/media\/46687"}],"wp:attachment":[{"href":"https:\/\/nordicmart.andreevmaster.com\/fi\/wp-json\/wp\/v2\/media?parent=37169"}],"wp:term":[{"taxonomy":"product_brand","embeddable":true,"href":"https:\/\/nordicmart.andreevmaster.com\/fi\/wp-json\/wp\/v2\/product_brand?post=37169"},{"taxonomy":"product_cat","embeddable":true,"href":"https:\/\/nordicmart.andreevmaster.com\/fi\/wp-json\/wp\/v2\/product_cat?post=37169"},{"taxonomy":"product_tag","embeddable":true,"href":"https:\/\/nordicmart.andreevmaster.com\/fi\/wp-json\/wp\/v2\/product_tag?post=37169"}],"curies":[{"name":"wp","href":"https:\/\/api.w.org\/{rel}","templated":true}]}}