{"id":37168,"date":"2026-02-27T00:37:46","date_gmt":"2026-02-27T00:37:46","guid":{"rendered":"https:\/\/nordicmart.andreevmaster.com\/product\/feandrea-raapimispuu-kissanhiekkalaatikolla\/"},"modified":"2026-02-27T09:54:45","modified_gmt":"2026-02-27T09:54:45","slug":"feandrea-raapimispuu-kissanhiekkalaatikolla","status":"publish","type":"product","link":"https:\/\/nordicmart.andreevmaster.com\/fi\/tuote\/feandrea-raapimispuu-kissanhiekkalaatikolla\/","title":{"rendered":"Feandrea-raapimispuu kissanhiekkalaatikolla"},"content":{"rendered":"<p>Miksi sinun pit\u00e4isi valita t\u00e4m\u00e4 2-in-1-monitoimikissapuu? &#8211; Kaikki yhdess\u00e4: leikkiminen, torkkuminen, raapiminen, tarpeiden tekeminen&#8230; Kissasi voivat viett\u00e4\u00e4 t\u00e4\u00e4ll\u00e4 koko p\u00e4iv\u00e4n. &#8211; Mukavuus seitsem\u00e4nness\u00e4 taivaassa: 500 g\/m\u00b2 pehmustetut alustat, korit ja tyynyt ovat pehmeit\u00e4 ja tarjoavat ylellist\u00e4 mukavuutta. &#8211; Turvallinen ja suojattu: Kaatumisenestolaitteella voit kiinnitt\u00e4\u00e4 kissan raapimispuun sein\u00e4\u00e4n, jotta kaikki ovat turvassa. &#8211; Helppo puhdistaa: Tyynyt ovat irrotettavia ja pest\u00e4vi\u00e4, ja viilupinta on helppo puhdistaa. &#8211; S\u00e4\u00e4st\u00e4 tilaa: 2-in-1-muotoilu sopii my\u00f6s pieniin tiloihin. &#8211; Pit\u00e4\u00e4 kotisi puhtaana: Kissan hiekkalaatikon kaappi piilottaa lian, v\u00e4hent\u00e4\u00e4 hajua ja est\u00e4\u00e4 kissanhiekan putoamisen. Tuotetiedot:- V\u00e4ri: vintage-ruskea &#8211; Materiaali: lastulevy, 500 g\/m\u00b2 pehmustettu, sisali &#8211; Tuotteen koko: 57,5 x 50 x 140 cm (P x L x K) &#8211; Tuotteen paino: 18,4 kg Toimitus sis\u00e4lt\u00e4\u00e4:- 1 x 2-in-1-raapimispuu &#8211; 1 x lis\u00e4varustepaketti &#8211; 1 x kaatumissuoja &#8211; 1 x ohjeet FEANDREA Huomautukset: &#8211; Kiinnit\u00e4 tuote aina sein\u00e4\u00e4n mukana toimitetulla kaatumissuojalla, jotta se on turvallinen k\u00e4ytt\u00e4\u00e4.<\/p>\n","protected":false},"excerpt":{"rendered":"<p>Feandrea raapimispuu kissan wc:ll\u00e4, kissapuu, vintage-ruskea PCT113X01<\/p>\n","protected":false},"featured_media":0,"comment_status":"open","ping_status":"closed","template":"","meta":[],"product_brand":[],"product_cat":[32],"product_tag":[],"class_list":{"0":"post-37168","1":"product","2":"type-product","3":"status-publish","5":"product_cat-uncategorized-fi","7":"first","8":"instock","9":"shipping-taxable","10":"purchasable","11":"product-type-simple"},"_links":{"self":[{"href":"https:\/\/nordicmart.andreevmaster.com\/fi\/wp-json\/wp\/v2\/product\/37168","targetHints":{"allow":["GET"]}}],"collection":[{"href":"https:\/\/nordicmart.andreevmaster.com\/fi\/wp-json\/wp\/v2\/product"}],"about":[{"href":"https:\/\/nordicmart.andreevmaster.com\/fi\/wp-json\/wp\/v2\/types\/product"}],"replies":[{"embeddable":true,"href":"https:\/\/nordicmart.andreevmaster.com\/fi\/wp-json\/wp\/v2\/comments?post=37168"}],"wp:attachment":[{"href":"https:\/\/nordicmart.andreevmaster.com\/fi\/wp-json\/wp\/v2\/media?parent=37168"}],"wp:term":[{"taxonomy":"product_brand","embeddable":true,"href":"https:\/\/nordicmart.andreevmaster.com\/fi\/wp-json\/wp\/v2\/product_brand?post=37168"},{"taxonomy":"product_cat","embeddable":true,"href":"https:\/\/nordicmart.andreevmaster.com\/fi\/wp-json\/wp\/v2\/product_cat?post=37168"},{"taxonomy":"product_tag","embeddable":true,"href":"https:\/\/nordicmart.andreevmaster.com\/fi\/wp-json\/wp\/v2\/product_tag?post=37168"}],"curies":[{"name":"wp","href":"https:\/\/api.w.org\/{rel}","templated":true}]}}