{"id":37164,"date":"2026-02-27T00:37:45","date_gmt":"2026-02-27T00:37:45","guid":{"rendered":"https:\/\/nordicmart.andreevmaster.com\/product\/feandrea-raapimispuu-hyllylla-vintage-ruskea\/"},"modified":"2026-02-27T09:54:45","modified_gmt":"2026-02-27T09:54:45","slug":"feandrea-raapimispuu-hyllylla-vintage-ruskea","status":"publish","type":"product","link":"https:\/\/nordicmart.andreevmaster.com\/fi\/tuote\/feandrea-raapimispuu-hyllylla-vintage-ruskea\/","title":{"rendered":"Feandrea raapimispuu hyllyll\u00e4, vintage-ruskea"},"content":{"rendered":"<p>FEANDREAn luovissa ty\u00f6pajoissa kaksi suloista kissanpentua hyppii ymp\u00e4riins\u00e4, tutkii kaikki raapimispuut henkil\u00f6kohtaisesti ja antaa niist\u00e4 el\u00e4imellisen palautteen. N\u00e4in FEANDREAn suunnittelijat saavat ensik\u00e4den, tai pikemminkin ensik\u00e4p\u00e4l\u00e4n, tietoa siit\u00e4, t\u00e4ytt\u00e4v\u00e4tk\u00f6 tuotteet hemmoteltujen viiksekk\u00e4iden vaatimukset. T\u00e4m\u00e4n 2-in-1-kissakalusteen kohokohdat yhdell\u00e4 silm\u00e4yksell\u00e4: &#8211; Suuri yl\u00e4hylly tavaroiden s\u00e4ilytt\u00e4mist\u00e4 varten. &#8211; Kaksi pehme\u00e4\u00e4 tyyny\u00e4. &#8211; Taso ja kotoisa pes\u00e4 rentoutumiseen ja piiloutumiseen. &#8211; Sisalpuut ja sivussa oleva sisalmatto kissojen kynsien teroittamiseen. &#8211; Asennuksessa tarvitaan vain ruuveja. &#8211; Jokainen ruuvi toimitetaan vararuuvi. &#8211; Ter\u00e4srunko ja s\u00e4\u00e4dett\u00e4v\u00e4t jalat takaavat vakauden. Tuotetiedot: &#8211; V\u00e4ri: vintage-ruskea &#8211; Materiaali: lastulevy, ter\u00e4s, pehmolelu, sisali &#8211; Kokonaiskoko: 74 x 34 x 114 cm (P x L x K) &#8211; Luolan koko: 46 x 34 x 36 cm (P x L x K) &#8211; Sisalmaton koko: 31 x 30 cm (P x L) &#8211; Paino: 12,8 kg Toimitus sis\u00e4lt\u00e4\u00e4: &#8211; 1 x raapimispuu &#8211; 1 x lis\u00e4varustepaketti &#8211; 1 x kaatumissuoja &#8211; 1 x ohjeet FEANDREA Huomautukset:- Jos kissasi pureskelee tyyny\u00e4, poista se v\u00e4litt\u00f6m\u00e4sti. &#8211; Jos kissan luola vaurioituu, korjaa tai vaihda se ajoissa, jotta v\u00e4lt\u00e4t vaurioituneiden osien aiheuttamat loukkaantumiset. &#8211; Kiinnit\u00e4 t\u00e4m\u00e4 tuote sein\u00e4\u00e4n mukana toimitetulla kaatumissuojalla turvallisen k\u00e4yt\u00f6n varmistamiseksi.<\/p>\n","protected":false},"excerpt":{"rendered":"<p>Feandrea raapimispuu, kissapuu, 2-in-1-huonekalu, vintage-ruskea PCT112X01<\/p>\n","protected":false},"featured_media":0,"comment_status":"open","ping_status":"closed","template":"","meta":[],"product_brand":[],"product_cat":[32],"product_tag":[],"class_list":{"0":"post-37164","1":"product","2":"type-product","3":"status-publish","5":"product_cat-uncategorized-fi","7":"first","8":"instock","9":"shipping-taxable","10":"purchasable","11":"product-type-simple"},"_links":{"self":[{"href":"https:\/\/nordicmart.andreevmaster.com\/fi\/wp-json\/wp\/v2\/product\/37164","targetHints":{"allow":["GET"]}}],"collection":[{"href":"https:\/\/nordicmart.andreevmaster.com\/fi\/wp-json\/wp\/v2\/product"}],"about":[{"href":"https:\/\/nordicmart.andreevmaster.com\/fi\/wp-json\/wp\/v2\/types\/product"}],"replies":[{"embeddable":true,"href":"https:\/\/nordicmart.andreevmaster.com\/fi\/wp-json\/wp\/v2\/comments?post=37164"}],"wp:attachment":[{"href":"https:\/\/nordicmart.andreevmaster.com\/fi\/wp-json\/wp\/v2\/media?parent=37164"}],"wp:term":[{"taxonomy":"product_brand","embeddable":true,"href":"https:\/\/nordicmart.andreevmaster.com\/fi\/wp-json\/wp\/v2\/product_brand?post=37164"},{"taxonomy":"product_cat","embeddable":true,"href":"https:\/\/nordicmart.andreevmaster.com\/fi\/wp-json\/wp\/v2\/product_cat?post=37164"},{"taxonomy":"product_tag","embeddable":true,"href":"https:\/\/nordicmart.andreevmaster.com\/fi\/wp-json\/wp\/v2\/product_tag?post=37164"}],"curies":[{"name":"wp","href":"https:\/\/api.w.org\/{rel}","templated":true}]}}