{"id":37158,"date":"2026-02-27T00:37:43","date_gmt":"2026-02-27T00:37:43","guid":{"rendered":"https:\/\/nordicmart.andreevmaster.com\/product\/feandrea-kissapuu-125-cm-raapimalaudalla\/"},"modified":"2026-02-27T09:54:43","modified_gmt":"2026-02-27T09:54:43","slug":"feandrea-kissapuu-125-cm-raapimalaudalla","status":"publish","type":"product","link":"https:\/\/nordicmart.andreevmaster.com\/fi\/tuote\/feandrea-kissapuu-125-cm-raapimalaudalla\/","title":{"rendered":"Feandrea kissapuu 125 cm raapimalaudalla"},"content":{"rendered":"<p>FEANDREAn luovissa ty\u00f6pajoissa kaksi suloista kissanpentua hyppii ymp\u00e4riins\u00e4, tutkii kaikki raapimispuut henkil\u00f6kohtaisesti ja antaa el\u00e4imellisen palautteensa niist\u00e4. N\u00e4in FEANDREAn suunnittelijat saavat ensik\u00e4den, tai pikemminkin ensik\u00e4p\u00e4l\u00e4n, tietoa siit\u00e4, t\u00e4ytt\u00e4v\u00e4tk\u00f6 tuotteet hemmoteltujen viiksekk\u00e4iden vaatimukset.T\u00e4m\u00e4n raapimispuun kohokohdat yhdell\u00e4 silm\u00e4yksell\u00e4: 2 hyvin pehmustettua n\u00e4k\u00f6alatasannetta tarkkailuun 1 mukava k\u00e4tk\u00f6paikka piiloutumiseen ja torkkumiseen 1 raapimislauta kynsien teroittamiseen sohvan sijaan 1 turkispallo ylim\u00e4\u00e4r\u00e4ist\u00e4 hauskaa varten Pehme\u00e4 pehmustettu p\u00e4\u00e4llinen, yht\u00e4 pehme\u00e4 kuin halaus Tuotetiedot:V\u00e4ri: savuharmaa Materiaali: lastulevy, pehmolelu, sisali Koko: 55 x 50 x 125 cm (P x L x K) Paino: 19,7 kg Toimitus sis\u00e4lt\u00e4\u00e4: 1 x raapimispuu 1 x kaatumissuoja 1 x lis\u00e4varustepaketti 1 x ohjeet (DE, EN, FR, ES, IT) FEANDREA Huomautukset:Jos kissasi pureskelee turkispalloa tai kuminauhaa, poista lelu v\u00e4litt\u00f6m\u00e4sti ja s\u00e4ilyt\u00e4 sit\u00e4 kissasi ulottumattomissa. Jos kissanpes\u00e4 vaurioituu, korjaa tai vaihda se ajoissa, jotta v\u00e4lt\u00e4t vaurioituneiden osien aiheuttamat loukkaantumiset.<\/p>\n","protected":false},"excerpt":{"rendered":"<p>Feandrea raapimispuu, kissapuu raapimislavalla, 125 cm, vaaleanharmaa PCT103W01<\/p>\n","protected":false},"featured_media":45106,"comment_status":"open","ping_status":"closed","template":"","meta":[],"product_brand":[],"product_cat":[32],"product_tag":[],"class_list":{"0":"post-37158","1":"product","2":"type-product","3":"status-publish","4":"has-post-thumbnail","6":"product_cat-uncategorized-fi","8":"first","9":"instock","10":"shipping-taxable","11":"purchasable","12":"product-type-simple"},"_links":{"self":[{"href":"https:\/\/nordicmart.andreevmaster.com\/fi\/wp-json\/wp\/v2\/product\/37158","targetHints":{"allow":["GET"]}}],"collection":[{"href":"https:\/\/nordicmart.andreevmaster.com\/fi\/wp-json\/wp\/v2\/product"}],"about":[{"href":"https:\/\/nordicmart.andreevmaster.com\/fi\/wp-json\/wp\/v2\/types\/product"}],"replies":[{"embeddable":true,"href":"https:\/\/nordicmart.andreevmaster.com\/fi\/wp-json\/wp\/v2\/comments?post=37158"}],"wp:featuredmedia":[{"embeddable":true,"href":"https:\/\/nordicmart.andreevmaster.com\/fi\/wp-json\/wp\/v2\/media\/45106"}],"wp:attachment":[{"href":"https:\/\/nordicmart.andreevmaster.com\/fi\/wp-json\/wp\/v2\/media?parent=37158"}],"wp:term":[{"taxonomy":"product_brand","embeddable":true,"href":"https:\/\/nordicmart.andreevmaster.com\/fi\/wp-json\/wp\/v2\/product_brand?post=37158"},{"taxonomy":"product_cat","embeddable":true,"href":"https:\/\/nordicmart.andreevmaster.com\/fi\/wp-json\/wp\/v2\/product_cat?post=37158"},{"taxonomy":"product_tag","embeddable":true,"href":"https:\/\/nordicmart.andreevmaster.com\/fi\/wp-json\/wp\/v2\/product_tag?post=37158"}],"curies":[{"name":"wp","href":"https:\/\/api.w.org\/{rel}","templated":true}]}}