{"id":37154,"date":"2026-02-27T00:37:42","date_gmt":"2026-02-27T00:37:42","guid":{"rendered":"https:\/\/nordicmart.andreevmaster.com\/product\/feandrea-kratzbaum-suuri-xl-kissapuu-beige\/"},"modified":"2026-02-27T09:54:42","modified_gmt":"2026-02-27T09:54:42","slug":"feandrea-kratzbaum-suuri-xl-kissapuu-beige","status":"publish","type":"product","link":"https:\/\/nordicmart.andreevmaster.com\/fi\/tuote\/feandrea-kratzbaum-suuri-xl-kissapuu-beige\/","title":{"rendered":"Feandrea Kratzbaum suuri XL kissapuu beige"},"content":{"rendered":"<p>FEANDREAn luovissa ty\u00f6pajoissa kaksi suloista kissanpentua hyppii ymp\u00e4riins\u00e4, tutkii kaikki raapimispuut henkil\u00f6kohtaisesti ja antaa el\u00e4imellisen palautteensa niist\u00e4. N\u00e4in FEANDREAn suunnittelijat saavat ensik\u00e4den, tai pikemminkin ensik\u00e4p\u00e4l\u00e4n, tietoa siit\u00e4, t\u00e4ytt\u00e4v\u00e4tk\u00f6 tuotteet hemmoteltujen viiksekk\u00e4iden vaatimukset. Kissanpennut olivat erityisen vakuuttuneita seuraavista raapimispuun ominaisuuksista: &#8211; Korkea vakaus; kaksinkertaisesti vahvistettu pohjalevy &#8211; Tukevat, kokonaan sisalilla p\u00e4\u00e4llystetyt rungot &#8211; Erityisen suuri; sopii useille kissoille tai lihaksikkaille uroskissoille &#8211; Pehme\u00e4ll\u00e4 muhkealla kankaalla verhoiltu &#8211; Varustettu kissanpes\u00e4ll\u00e4, riippumatolla ja 2 makuualustalla &#8211; Kissanpes\u00e4 on valmistettu puumateriaalista &#8211; Pehmustettu n\u00e4k\u00f6alatasanne Tuotetiedot: &#8211; V\u00e4ri: beige &#8211; Materiaali: MDF (keskitihe\u00e4 kuitulevy), muhkea kangas, sisali &#8211; Koko: 55 x 55 x 153 cm (P x L x K) &#8211; Paino: 31 kg Toimitus sis\u00e4lt\u00e4\u00e4: &#8211; 1 x raapimispuu &#8211; 1 x ohjeet (DE, EN, FR, ES, IT) FEANDREA HUOMAUTUKSET: &#8211; T\u00e4m\u00e4 tuote toimitetaan 2 paketissa.<\/p>\n","protected":false},"excerpt":{"rendered":"<p>Feandrea Kratzbaum suuri, XL kissapuu, 55 x 55 x 153 cm, beige PCT07M<\/p>\n","protected":false},"featured_media":45104,"comment_status":"open","ping_status":"closed","template":"","meta":[],"product_brand":[],"product_cat":[32],"product_tag":[],"class_list":{"0":"post-37154","1":"product","2":"type-product","3":"status-publish","4":"has-post-thumbnail","6":"product_cat-uncategorized-fi","8":"first","9":"instock","10":"shipping-taxable","11":"purchasable","12":"product-type-simple"},"_links":{"self":[{"href":"https:\/\/nordicmart.andreevmaster.com\/fi\/wp-json\/wp\/v2\/product\/37154","targetHints":{"allow":["GET"]}}],"collection":[{"href":"https:\/\/nordicmart.andreevmaster.com\/fi\/wp-json\/wp\/v2\/product"}],"about":[{"href":"https:\/\/nordicmart.andreevmaster.com\/fi\/wp-json\/wp\/v2\/types\/product"}],"replies":[{"embeddable":true,"href":"https:\/\/nordicmart.andreevmaster.com\/fi\/wp-json\/wp\/v2\/comments?post=37154"}],"wp:featuredmedia":[{"embeddable":true,"href":"https:\/\/nordicmart.andreevmaster.com\/fi\/wp-json\/wp\/v2\/media\/45104"}],"wp:attachment":[{"href":"https:\/\/nordicmart.andreevmaster.com\/fi\/wp-json\/wp\/v2\/media?parent=37154"}],"wp:term":[{"taxonomy":"product_brand","embeddable":true,"href":"https:\/\/nordicmart.andreevmaster.com\/fi\/wp-json\/wp\/v2\/product_brand?post=37154"},{"taxonomy":"product_cat","embeddable":true,"href":"https:\/\/nordicmart.andreevmaster.com\/fi\/wp-json\/wp\/v2\/product_cat?post=37154"},{"taxonomy":"product_tag","embeddable":true,"href":"https:\/\/nordicmart.andreevmaster.com\/fi\/wp-json\/wp\/v2\/product_tag?post=37154"}],"curies":[{"name":"wp","href":"https:\/\/api.w.org\/{rel}","templated":true}]}}