{"id":37151,"date":"2026-02-27T00:37:41","date_gmt":"2026-02-27T00:37:41","guid":{"rendered":"https:\/\/nordicmart.andreevmaster.com\/product\/feandrea-raapimispuu-86-cm-korkea-pestavilla-pehmustetyynyilla-sumunharmaa\/"},"modified":"2026-02-27T09:54:42","modified_gmt":"2026-02-27T09:54:42","slug":"feandrea-raapimispuu-86-cm-korkea-pestavilla-pehmustetyynyilla-sumunharmaa","status":"publish","type":"product","link":"https:\/\/nordicmart.andreevmaster.com\/fi\/tuote\/feandrea-raapimispuu-86-cm-korkea-pestavilla-pehmustetyynyilla-sumunharmaa\/","title":{"rendered":"Feandrea raapimispuu 86 cm korkea, pest\u00e4vill\u00e4 pehmustetyynyill\u00e4, sumunharmaa"},"content":{"rendered":"<p>Feandrea Kratzbaum 88 cm, keskikokoinen kissanraapimispuu, jossa 3 makuualustaa ja kolo, kissanhuonekalut MDF:st\u00e4 ja puuviilusta, sisalrunko, pest\u00e4v\u00e4t tekoturkisp\u00e4\u00e4lliset, vintage-ruskea, valkoinen PCT70HW<br \/>\nV\u00e4ri: sumunharmaa<br \/>\nMateriaali: lastulevy, 500 g\/m\u00b2 pehmustettu kangas, sisali<br \/>\nKoko: 66 x 40 x 86 cm (P x L x K)<br \/>\nPaino: 14,8 kg<br \/>\nIhanteellinen kissam\u00e4\u00e4r\u00e4: \u2264 4 (kukin \u2264 7 kg)<\/p>\n","protected":false},"excerpt":{"rendered":"<p>Feandrea Kratzbaum 88 cm, keskikokoinen kissanraapimispuu, jossa 3 makuualustaa ja kolo, kissanhuonekalut MDF:st\u00e4 ja puuviilusta, sisalrunko, pest\u00e4v\u00e4t tekoturkisp\u00e4\u00e4lliset, vintage-ruskea, valkoinen PCT70HW<\/p>\n","protected":false},"featured_media":45102,"comment_status":"open","ping_status":"closed","template":"","meta":[],"product_brand":[],"product_cat":[32],"product_tag":[],"class_list":{"0":"post-37151","1":"product","2":"type-product","3":"status-publish","4":"has-post-thumbnail","6":"product_cat-uncategorized-fi","8":"first","9":"instock","10":"shipping-taxable","11":"purchasable","12":"product-type-simple"},"_links":{"self":[{"href":"https:\/\/nordicmart.andreevmaster.com\/fi\/wp-json\/wp\/v2\/product\/37151","targetHints":{"allow":["GET"]}}],"collection":[{"href":"https:\/\/nordicmart.andreevmaster.com\/fi\/wp-json\/wp\/v2\/product"}],"about":[{"href":"https:\/\/nordicmart.andreevmaster.com\/fi\/wp-json\/wp\/v2\/types\/product"}],"replies":[{"embeddable":true,"href":"https:\/\/nordicmart.andreevmaster.com\/fi\/wp-json\/wp\/v2\/comments?post=37151"}],"wp:featuredmedia":[{"embeddable":true,"href":"https:\/\/nordicmart.andreevmaster.com\/fi\/wp-json\/wp\/v2\/media\/45102"}],"wp:attachment":[{"href":"https:\/\/nordicmart.andreevmaster.com\/fi\/wp-json\/wp\/v2\/media?parent=37151"}],"wp:term":[{"taxonomy":"product_brand","embeddable":true,"href":"https:\/\/nordicmart.andreevmaster.com\/fi\/wp-json\/wp\/v2\/product_brand?post=37151"},{"taxonomy":"product_cat","embeddable":true,"href":"https:\/\/nordicmart.andreevmaster.com\/fi\/wp-json\/wp\/v2\/product_cat?post=37151"},{"taxonomy":"product_tag","embeddable":true,"href":"https:\/\/nordicmart.andreevmaster.com\/fi\/wp-json\/wp\/v2\/product_tag?post=37151"}],"curies":[{"name":"wp","href":"https:\/\/api.w.org\/{rel}","templated":true}]}}