{"id":37147,"date":"2026-02-27T00:37:40","date_gmt":"2026-02-27T00:37:40","guid":{"rendered":"https:\/\/nordicmart.andreevmaster.com\/product\/feandrea-raapimispuu-138-cm-taso\/"},"modified":"2026-02-27T09:54:41","modified_gmt":"2026-02-27T09:54:41","slug":"feandrea-raapimispuu-138-cm-taso","status":"publish","type":"product","link":"https:\/\/nordicmart.andreevmaster.com\/fi\/tuote\/feandrea-raapimispuu-138-cm-taso\/","title":{"rendered":"Feandrea raapimispuu 138 cm, taso"},"content":{"rendered":"<p>FEANDREAn luovissa ty\u00f6pajoissa kaksi suloista kissanpentua hyppii ymp\u00e4riins\u00e4, tutkii kaikki raapimispuut henkil\u00f6kohtaisesti ja antaa niist\u00e4 el\u00e4imellisen palautteen. N\u00e4in FEANDREAn suunnittelijat saavat ensik\u00e4den, tai pikemminkin ensik\u00e4p\u00e4l\u00e4n, tietoa siit\u00e4, t\u00e4ytt\u00e4v\u00e4tk\u00f6 tuotteet hemmoteltujen viiksekk\u00e4iden vaatimukset. T\u00e4m\u00e4n raapimispuun kohokohdat yhdell\u00e4 silm\u00e4yksell\u00e4: &#8211; Mukavan suuri; tekee yhden tai useamman kissan onnelliseksi &#8211; Puumateriaalilla vahvistettu pohja ja kaatumissuoja lis\u00e4\u00e4v\u00e4t vakautta ja turvallisuutta &#8211; Raapimislauta kynsien teroittamiseen- Hyvin pehmustettu n\u00e4k\u00f6alatasanne rentoutumiseen &#8211; Mukava k\u00e4tk\u00f6paikka piiloutumiseen &#8211; Vakaa makuualusta p\u00e4iv\u00e4unille &#8211; P\u00f6rr\u00f6iset pallot ja sisalnaru lis\u00e4\u00e4v\u00e4t hauskuutta &#8211; Kest\u00e4v\u00e4, pehme\u00e4 pehmustettu p\u00e4\u00e4llinen Tuotetiedot: &#8211; V\u00e4ri: beige &#8211; Materiaali: lastulevy, pehmolelu, sisali, vahvistetusta pahvista valmistetut pylv\u00e4\u00e4t &#8211; Koko: 55 x 40 x 138 cm (P x L x K) &#8211; Paino: 13,5 kg Toimitus sis\u00e4lt\u00e4\u00e4: &#8211; 1 x raapimispuu &#8211; 1 x kaatumissuoja &#8211; 1 x ohjeet (DE, EN, FR, ES, IT) FEANDREA Huomautukset:- Aseta raapimispuu sein\u00e4n l\u00e4helle ja k\u00e4yt\u00e4 sit\u00e4 tasaisella lattialla. &#8211; \u00c4l\u00e4 k\u00e4yt\u00e4 raapimispuuta kosteassa ymp\u00e4rist\u00f6ss\u00e4. &#8211; Lapset eiv\u00e4t saa kiivet\u00e4 tuotteelle tai leikki\u00e4 sill\u00e4. &#8211; Suosittelemme kiinnitt\u00e4m\u00e4\u00e4n tuotteen sein\u00e4\u00e4n mukana toimitetulla kaatumissuojalla.<\/p>\n","protected":false},"excerpt":{"rendered":"<p>Feandrea kissapuu raapimispuulla, kiipeilypuu kissoille, korkeus 138 cm, luolalla ja makuualustoilla, vaaleanharmaa PCT60W<\/p>\n","protected":false},"featured_media":45100,"comment_status":"open","ping_status":"closed","template":"","meta":[],"product_brand":[],"product_cat":[32],"product_tag":[],"class_list":{"0":"post-37147","1":"product","2":"type-product","3":"status-publish","4":"has-post-thumbnail","6":"product_cat-uncategorized-fi","8":"first","9":"instock","10":"shipping-taxable","11":"purchasable","12":"product-type-simple"},"_links":{"self":[{"href":"https:\/\/nordicmart.andreevmaster.com\/fi\/wp-json\/wp\/v2\/product\/37147","targetHints":{"allow":["GET"]}}],"collection":[{"href":"https:\/\/nordicmart.andreevmaster.com\/fi\/wp-json\/wp\/v2\/product"}],"about":[{"href":"https:\/\/nordicmart.andreevmaster.com\/fi\/wp-json\/wp\/v2\/types\/product"}],"replies":[{"embeddable":true,"href":"https:\/\/nordicmart.andreevmaster.com\/fi\/wp-json\/wp\/v2\/comments?post=37147"}],"wp:featuredmedia":[{"embeddable":true,"href":"https:\/\/nordicmart.andreevmaster.com\/fi\/wp-json\/wp\/v2\/media\/45100"}],"wp:attachment":[{"href":"https:\/\/nordicmart.andreevmaster.com\/fi\/wp-json\/wp\/v2\/media?parent=37147"}],"wp:term":[{"taxonomy":"product_brand","embeddable":true,"href":"https:\/\/nordicmart.andreevmaster.com\/fi\/wp-json\/wp\/v2\/product_brand?post=37147"},{"taxonomy":"product_cat","embeddable":true,"href":"https:\/\/nordicmart.andreevmaster.com\/fi\/wp-json\/wp\/v2\/product_cat?post=37147"},{"taxonomy":"product_tag","embeddable":true,"href":"https:\/\/nordicmart.andreevmaster.com\/fi\/wp-json\/wp\/v2\/product_tag?post=37147"}],"curies":[{"name":"wp","href":"https:\/\/api.w.org\/{rel}","templated":true}]}}