{"id":37145,"date":"2026-02-27T00:37:40","date_gmt":"2026-02-27T00:37:40","guid":{"rendered":"https:\/\/nordicmart.andreevmaster.com\/product\/feandrea-kissapuu-110-cm-makuualustalla\/"},"modified":"2026-02-27T09:54:40","modified_gmt":"2026-02-27T09:54:40","slug":"feandrea-kissapuu-110-cm-makuualustalla","status":"publish","type":"product","link":"https:\/\/nordicmart.andreevmaster.com\/fi\/tuote\/feandrea-kissapuu-110-cm-makuualustalla\/","title":{"rendered":"Feandrea-kissapuu 110 cm makuualustalla"},"content":{"rendered":"<p>FEANDREAn luovissa ty\u00f6pajoissa kaksi suloista kissanpentua hyppii ymp\u00e4riins\u00e4, tutkii kaikki raapimispuut henkil\u00f6kohtaisesti ja antaa el\u00e4imellisen palautteensa niist\u00e4. N\u00e4in FEANDREAn suunnittelijat saavat ensik\u00e4den, tai pikemminkin ensik\u00e4p\u00e4l\u00e4n, tietoa siit\u00e4, t\u00e4ytt\u00e4v\u00e4tk\u00f6 tuotteet hemmoteltujen viiksekk\u00e4iden vaatimukset. T\u00e4m\u00e4n raapimispuun kohokohdat yhdell\u00e4 silm\u00e4yksell\u00e4: &#8211; Varustettu lukuisilla kiipeilyelementeill\u00e4; sopii kaiken ik\u00e4isille kissoille &#8211; Tilava, hyvin pehmustettu n\u00e4k\u00f6alatasanne &#8211; Tilava k\u00e4tk\u00f6 ja mukava makuualusta &#8211; Eritt\u00e4in vakaa; pohjalevy on vahvistettu puumateriaalilla &#8211; Kaatumisenesto lis\u00e4\u00e4 turvallisuutta Tuotetiedot:- V\u00e4ri: savuharmaa &#8211; Materiaali: lastulevy, pehmolelu, sisali &#8211; Koko: 50 x 40 x 110 cm (P x L x K) &#8211; Paino: 10,4 kg Toimitus sis\u00e4lt\u00e4\u00e4: &#8211; 1 x raapimispuu &#8211; 1 x ohjeet (DE, EN, FR, ES, IT) FEANDREA Huomautukset:- Jos kissasi pureskelee turkispalloa tai kuminauhaa, poista n\u00e4m\u00e4 lis\u00e4varusteet v\u00e4litt\u00f6m\u00e4sti ja s\u00e4ilyt\u00e4 ne lemmikkisi ulottumattomissa. &#8211; Jos pehmustettu pes\u00e4 on vaurioitunut, ota meihin v\u00e4litt\u00f6m\u00e4sti yhteytt\u00e4, jotta t\u00e4m\u00e4 raapimispuun osa voidaan korvata tai l\u00f6yt\u00e4\u00e4 toinen ratkaisu. Vaurioituneet osat voivat aiheuttaa loukkaantumisia, joten vaihda ne v\u00e4litt\u00f6m\u00e4sti.<\/p>\n","protected":false},"excerpt":{"rendered":"<p>Feandrea raapimispuu, 110 cm korkea kissapuu, savuharmaa PCT052G01<\/p>\n","protected":false},"featured_media":45098,"comment_status":"open","ping_status":"closed","template":"","meta":[],"product_brand":[],"product_cat":[32],"product_tag":[],"class_list":{"0":"post-37145","1":"product","2":"type-product","3":"status-publish","4":"has-post-thumbnail","6":"product_cat-uncategorized-fi","8":"first","9":"instock","10":"shipping-taxable","11":"purchasable","12":"product-type-simple"},"_links":{"self":[{"href":"https:\/\/nordicmart.andreevmaster.com\/fi\/wp-json\/wp\/v2\/product\/37145","targetHints":{"allow":["GET"]}}],"collection":[{"href":"https:\/\/nordicmart.andreevmaster.com\/fi\/wp-json\/wp\/v2\/product"}],"about":[{"href":"https:\/\/nordicmart.andreevmaster.com\/fi\/wp-json\/wp\/v2\/types\/product"}],"replies":[{"embeddable":true,"href":"https:\/\/nordicmart.andreevmaster.com\/fi\/wp-json\/wp\/v2\/comments?post=37145"}],"wp:featuredmedia":[{"embeddable":true,"href":"https:\/\/nordicmart.andreevmaster.com\/fi\/wp-json\/wp\/v2\/media\/45098"}],"wp:attachment":[{"href":"https:\/\/nordicmart.andreevmaster.com\/fi\/wp-json\/wp\/v2\/media?parent=37145"}],"wp:term":[{"taxonomy":"product_brand","embeddable":true,"href":"https:\/\/nordicmart.andreevmaster.com\/fi\/wp-json\/wp\/v2\/product_brand?post=37145"},{"taxonomy":"product_cat","embeddable":true,"href":"https:\/\/nordicmart.andreevmaster.com\/fi\/wp-json\/wp\/v2\/product_cat?post=37145"},{"taxonomy":"product_tag","embeddable":true,"href":"https:\/\/nordicmart.andreevmaster.com\/fi\/wp-json\/wp\/v2\/product_tag?post=37145"}],"curies":[{"name":"wp","href":"https:\/\/api.w.org\/{rel}","templated":true}]}}