{"id":37140,"date":"2026-02-27T00:37:38","date_gmt":"2026-02-27T00:37:38","guid":{"rendered":"https:\/\/nordicmart.andreevmaster.com\/product\/feandrea-kompakti-raapimispuu-107-cm-vaaleanharmaa\/"},"modified":"2026-02-27T09:54:39","modified_gmt":"2026-02-27T09:54:39","slug":"feandrea-kompakti-raapimispuu-107-cm-vaaleanharmaa","status":"publish","type":"product","link":"https:\/\/nordicmart.andreevmaster.com\/fi\/tuote\/feandrea-kompakti-raapimispuu-107-cm-vaaleanharmaa\/","title":{"rendered":"Feandrea Kompakti raapimispuu 107 cm Vaaleanharmaa"},"content":{"rendered":"<p>FEANDREAn luovissa ty\u00f6pajoissa hyppii kaksi suloista kissanpentua, jotka tutkivat kaikki raapimispuut henkil\u00f6kohtaisesti ja antavat niist\u00e4 el\u00e4imellisen palautteen. N\u00e4in FEANDREAn suunnittelijat saavat ensik\u00e4den eli ensik\u00e4p\u00e4l\u00e4n tietoa siit\u00e4, t\u00e4ytt\u00e4v\u00e4tk\u00f6 tuotteet hemmoteltujen viiksekk\u00e4iden vaatimukset.Kissapuu, jolla on monia etuja Yll\u00e4 oleva kiipeilytorni on l\u00e4p\u00e4issyt kissatestin. Kissoille miellyttiv\u00e4t erityisesti suuri kotoisa luola ja pehme\u00e4 n\u00e4k\u00f6alatasanne, jotka on varustettu pehme\u00e4ll\u00e4 matolla. Lis\u00e4ksi molemmat testaajat tunsivat olonsa turvalliseksi ja hyppiv\u00e4t pelotta tasanteelta toiselle. T\u00e4m\u00e4n raapimispuun korkean vakauden takaavat erityisesti erityisen paksut sisalpuut ja kaksikerroksinen pohjalevy. Mukana toimitetaan my\u00f6s kaatumissuoja. Kokeile, miss\u00e4 asennossa raapimispuun s\u00e4\u00e4dett\u00e4v\u00e4t osat sopivat parhaiten kotiisi, ja jaa tulos muiden lemmikkiel\u00e4inten yst\u00e4vien kanssa kommenteissa. Tuotetiedot: &#8211; V\u00e4ri: vaaleanharmaa, valkoinen sisal &#8211; Materiaali: CARB-sertifioitu puulastulevy, pahvirullat, pehmolelu, sisal &#8211; Koko: 70 x 60 x 107 cm (P x L x K) &#8211; Paino: 26,6 kg Toimitus sis\u00e4lt\u00e4\u00e4: &#8211; 1 x raapimispuu &#8211; 1 x ohjeet (DE, EN, FR, ES, IT) FEANDREA Huomautukset:- Aseta raapimispuu tasaiselle alustalle asunnon nurkkaan. &#8211; \u00c4l\u00e4 aseta tuotetta kosteaan ymp\u00e4rist\u00f6\u00f6n. &#8211; Pid\u00e4 lapset poissa t\u00e4m\u00e4n tuotteen l\u00e4helt\u00e4. He eiv\u00e4t saa kiivet\u00e4 raapimispuuhun tai leikki\u00e4 sill\u00e4. &#8211; Kiinnit\u00e4 tuote sein\u00e4\u00e4n kaatumissuojan avulla.<\/p>\n","protected":false},"excerpt":{"rendered":"<p>Feandrea raapimispuu XXL-n\u00e4k\u00f6alatasanteella, makuualustalla, suurella k\u00e4tk\u00f6ll\u00e4, s\u00e4\u00e4dett\u00e4vill\u00e4 osilla, eritt\u00e4in paksut rungot kokonaan sisalilla k\u00e4\u00e4ritty, kissapuu, vakaa, beige PCT01M<\/p>\n","protected":false},"featured_media":0,"comment_status":"open","ping_status":"closed","template":"","meta":[],"product_brand":[],"product_cat":[32],"product_tag":[],"class_list":{"0":"post-37140","1":"product","2":"type-product","3":"status-publish","5":"product_cat-uncategorized-fi","7":"first","8":"instock","9":"shipping-taxable","10":"purchasable","11":"product-type-simple"},"_links":{"self":[{"href":"https:\/\/nordicmart.andreevmaster.com\/fi\/wp-json\/wp\/v2\/product\/37140","targetHints":{"allow":["GET"]}}],"collection":[{"href":"https:\/\/nordicmart.andreevmaster.com\/fi\/wp-json\/wp\/v2\/product"}],"about":[{"href":"https:\/\/nordicmart.andreevmaster.com\/fi\/wp-json\/wp\/v2\/types\/product"}],"replies":[{"embeddable":true,"href":"https:\/\/nordicmart.andreevmaster.com\/fi\/wp-json\/wp\/v2\/comments?post=37140"}],"wp:attachment":[{"href":"https:\/\/nordicmart.andreevmaster.com\/fi\/wp-json\/wp\/v2\/media?parent=37140"}],"wp:term":[{"taxonomy":"product_brand","embeddable":true,"href":"https:\/\/nordicmart.andreevmaster.com\/fi\/wp-json\/wp\/v2\/product_brand?post=37140"},{"taxonomy":"product_cat","embeddable":true,"href":"https:\/\/nordicmart.andreevmaster.com\/fi\/wp-json\/wp\/v2\/product_cat?post=37140"},{"taxonomy":"product_tag","embeddable":true,"href":"https:\/\/nordicmart.andreevmaster.com\/fi\/wp-json\/wp\/v2\/product_tag?post=37140"}],"curies":[{"name":"wp","href":"https:\/\/api.w.org\/{rel}","templated":true}]}}