{"id":37139,"date":"2026-02-27T00:37:38","date_gmt":"2026-02-27T00:37:38","guid":{"rendered":"https:\/\/nordicmart.andreevmaster.com\/product\/feandrea-raapimispuu-paksut-rungot-107-cm-beige\/"},"modified":"2026-02-27T09:54:39","modified_gmt":"2026-02-27T09:54:39","slug":"feandrea-raapimispuu-paksut-rungot-107-cm-beige","status":"publish","type":"product","link":"https:\/\/nordicmart.andreevmaster.com\/fi\/tuote\/feandrea-raapimispuu-paksut-rungot-107-cm-beige\/","title":{"rendered":"Feandrea raapimispuu paksut rungot 107 cm beige"},"content":{"rendered":"<p>FEANDREAn luovissa ty\u00f6pajoissa kaksi suloista kissanpentua hyppii ymp\u00e4riins\u00e4, tutkii kaikki raapimispuut henkil\u00f6kohtaisesti ja antaa niist\u00e4 el\u00e4imellisen palautteen. N\u00e4in FEANDREAn suunnittelijat saavat ensik\u00e4den, tai pikemminkin ensik\u00e4p\u00e4l\u00e4n, tietoa siit\u00e4, t\u00e4ytt\u00e4v\u00e4tk\u00f6 tuotteet hemmoteltujen viiksekk\u00e4iden vaatimukset.Kissapuu, jolla on monia etuja Yll\u00e4 oleva kiipeilytorni on l\u00e4p\u00e4issyt kissatestin. Erityisesti kissat pitiv\u00e4t suuresta pehmopuolesta ja p\u00f6rr\u00f6isest\u00e4 n\u00e4k\u00f6alatasanteesta, jotka on varustettu pehme\u00e4ll\u00e4 matolla. Lis\u00e4ksi molemmat testaajat tunsivat olonsa turvalliseksi ja hyppiv\u00e4t pelotta tasanteelta toiselle. T\u00e4m\u00e4n raapimispuun korkean vakauden takaavat erityisesti erityisen paksut sisalpuut ja kaksikerroksinen pohjalevy. Mukana toimitetaan my\u00f6s kaatumissuoja. Kokeile, miss\u00e4 asennossa raapimispuun s\u00e4\u00e4dett\u00e4v\u00e4t osat sopivat parhaiten kotiisi, ja jaa tulos muiden el\u00e4inyst\u00e4vien kanssa kommenteissa. Tuotetiedot:V\u00e4ri: beige, valkoinen sisal Materiaali: CARB-sertifioitu puulevy, pahvirullat, pehmolelu, sisal Koko: 70 x 60 x 107 cm (P x L x K) Paino: 26,6 kg Toimitus sis\u00e4lt\u00e4\u00e4: 1 x raapimispuu 1 x ohjeet (DE, EN, FR, ES, IT) FEANDREA Huomautukset: 1. Aseta raapimispuu tasaiselle alustalle huoneesi nurkkaan. 2. \u00c4l\u00e4 aseta tuotetta kosteaan ymp\u00e4rist\u00f6\u00f6n. 3. Pid\u00e4 lapset poissa t\u00e4m\u00e4n tuotteen l\u00e4helt\u00e4. He eiv\u00e4t saa kiivet\u00e4 raapimispuuhun tai leikki\u00e4 sill\u00e4. 4. Kiinnit\u00e4 tuote sein\u00e4\u00e4n kaatumissuojan avulla.<\/p>\n","protected":false},"excerpt":{"rendered":"<p>Feandrea raapimispuu XXL-n\u00e4k\u00f6alatasanteella, makuualustalla, suurella k\u00e4tk\u00f6ll\u00e4, s\u00e4\u00e4dett\u00e4vill\u00e4 osilla, eritt\u00e4in paksut rungot kokonaan sisalilla k\u00e4\u00e4ritty, kissapuu, vakaa, beige PCT01M<\/p>\n","protected":false},"featured_media":0,"comment_status":"open","ping_status":"closed","template":"","meta":[],"product_brand":[],"product_cat":[32],"product_tag":[],"class_list":{"0":"post-37139","1":"product","2":"type-product","3":"status-publish","5":"product_cat-uncategorized-fi","7":"first","8":"instock","9":"shipping-taxable","10":"purchasable","11":"product-type-simple"},"_links":{"self":[{"href":"https:\/\/nordicmart.andreevmaster.com\/fi\/wp-json\/wp\/v2\/product\/37139","targetHints":{"allow":["GET"]}}],"collection":[{"href":"https:\/\/nordicmart.andreevmaster.com\/fi\/wp-json\/wp\/v2\/product"}],"about":[{"href":"https:\/\/nordicmart.andreevmaster.com\/fi\/wp-json\/wp\/v2\/types\/product"}],"replies":[{"embeddable":true,"href":"https:\/\/nordicmart.andreevmaster.com\/fi\/wp-json\/wp\/v2\/comments?post=37139"}],"wp:attachment":[{"href":"https:\/\/nordicmart.andreevmaster.com\/fi\/wp-json\/wp\/v2\/media?parent=37139"}],"wp:term":[{"taxonomy":"product_brand","embeddable":true,"href":"https:\/\/nordicmart.andreevmaster.com\/fi\/wp-json\/wp\/v2\/product_brand?post=37139"},{"taxonomy":"product_cat","embeddable":true,"href":"https:\/\/nordicmart.andreevmaster.com\/fi\/wp-json\/wp\/v2\/product_cat?post=37139"},{"taxonomy":"product_tag","embeddable":true,"href":"https:\/\/nordicmart.andreevmaster.com\/fi\/wp-json\/wp\/v2\/product_tag?post=37139"}],"curies":[{"name":"wp","href":"https:\/\/api.w.org\/{rel}","templated":true}]}}