{"id":37138,"date":"2026-02-27T00:37:37","date_gmt":"2026-02-27T00:37:37","guid":{"rendered":"https:\/\/nordicmart.andreevmaster.com\/product\/feandrea-xxl-kissapuu-168-cm-korkea-vaaleanharmaa\/"},"modified":"2026-02-27T09:54:39","modified_gmt":"2026-02-27T09:54:39","slug":"feandrea-xxl-kissapuu-168-cm-korkea-vaaleanharmaa","status":"publish","type":"product","link":"https:\/\/nordicmart.andreevmaster.com\/fi\/tuote\/feandrea-xxl-kissapuu-168-cm-korkea-vaaleanharmaa\/","title":{"rendered":"Feandrea XXL kissapuu 168 cm korkea vaaleanharmaa"},"content":{"rendered":"<p>FEANDREAn luovissa ty\u00f6pajoissa kaksi suloista kissanpentua hyppii ymp\u00e4riins\u00e4, tutkii kaikki kissanpuut henkil\u00f6kohtaisesti ja antaa el\u00e4imellisen palautteensa. N\u00e4in FEANDREAn suunnittelijat saavat ensik\u00e4den, tai pikemminkin ensikissan, tietoa siit\u00e4, t\u00e4ytt\u00e4v\u00e4tk\u00f6 tuotteet hemmoteltujen viiksekk\u00e4iden vaatimukset. T\u00e4m\u00e4n raapimispuun kohokohdat yhdell\u00e4 silm\u00e4yksell\u00e4: &#8211; Mukavan suuri; tilaa 3 kissalle, joiden paino ei saisi ylitt\u00e4\u00e4 7 kg &#8211; 3 hyvin pehmustettua n\u00e4k\u00f6alatasannetta, joissa on korotetut reunat rentoutumiseen &#8211; 2 mukavaa k\u00e4tk\u00f6\u00e4 piiloleikkeihin ja rentoutumiseen- XXL-raapimilevy ja sisalk\u00f6ydell\u00e4 kiedotut pylv\u00e4\u00e4t, jotta kissasi voi j\u00e4tt\u00e4\u00e4 j\u00e4lki\u00e4 oikeisiin paikkoihin &#8211; Tukeva makuualusta p\u00e4iv\u00e4unille &#8211; Puulla vahvistettu pohja ja kaatumissuoja lis\u00e4\u00e4v\u00e4t vakautta ja turvallisuutta &#8211; 3 palloa turkista lis\u00e4\u00e4v\u00e4t hauskuutta &#8211; Kest\u00e4v\u00e4, pehme\u00e4 pehmolelu Tuotetiedot: &#8211; V\u00e4ri: Vaaleanharmaa &#8211; Materiaali: lastulevy, pehmolelu, sisali &#8211; Koko: 55 x 55 x 168 cm (P x L x K) &#8211; Paino: 22,2 kg Toimitus sis\u00e4lt\u00e4\u00e4: &#8211; 1 x raapimispuu &#8211; 1 x kaatumissuoja &#8211; 1 x asennustarvikkeet &#8211; 1 x ohjeet (DE, EN, FR, ES, IT) FEANDREA Huomautukset:- Jos pehmustettu pes\u00e4 tai p\u00e4\u00e4llinen on vaurioitunut, ota v\u00e4litt\u00f6m\u00e4sti yhteytt\u00e4 asiakaspalveluumme, jotta saat korvaavan tuotteen tai muun ratkaisun, jolla v\u00e4ltet\u00e4\u00e4n vaurioituneiden osien aiheuttamat loukkaantumiset. &#8211; Poista karvapallot v\u00e4litt\u00f6m\u00e4sti, jos kissasi pureskelee niit\u00e4.<\/p>\n","protected":false},"excerpt":{"rendered":"<p>Feandrea raapimispuu, XXL kissapuu, 168 cm<\/p>\n","protected":false},"featured_media":45097,"comment_status":"open","ping_status":"closed","template":"","meta":[],"product_brand":[],"product_cat":[32],"product_tag":[],"class_list":{"0":"post-37138","1":"product","2":"type-product","3":"status-publish","4":"has-post-thumbnail","6":"product_cat-uncategorized-fi","8":"first","9":"instock","10":"shipping-taxable","11":"purchasable","12":"product-type-simple"},"_links":{"self":[{"href":"https:\/\/nordicmart.andreevmaster.com\/fi\/wp-json\/wp\/v2\/product\/37138","targetHints":{"allow":["GET"]}}],"collection":[{"href":"https:\/\/nordicmart.andreevmaster.com\/fi\/wp-json\/wp\/v2\/product"}],"about":[{"href":"https:\/\/nordicmart.andreevmaster.com\/fi\/wp-json\/wp\/v2\/types\/product"}],"replies":[{"embeddable":true,"href":"https:\/\/nordicmart.andreevmaster.com\/fi\/wp-json\/wp\/v2\/comments?post=37138"}],"wp:featuredmedia":[{"embeddable":true,"href":"https:\/\/nordicmart.andreevmaster.com\/fi\/wp-json\/wp\/v2\/media\/45097"}],"wp:attachment":[{"href":"https:\/\/nordicmart.andreevmaster.com\/fi\/wp-json\/wp\/v2\/media?parent=37138"}],"wp:term":[{"taxonomy":"product_brand","embeddable":true,"href":"https:\/\/nordicmart.andreevmaster.com\/fi\/wp-json\/wp\/v2\/product_brand?post=37138"},{"taxonomy":"product_cat","embeddable":true,"href":"https:\/\/nordicmart.andreevmaster.com\/fi\/wp-json\/wp\/v2\/product_cat?post=37138"},{"taxonomy":"product_tag","embeddable":true,"href":"https:\/\/nordicmart.andreevmaster.com\/fi\/wp-json\/wp\/v2\/product_tag?post=37138"}],"curies":[{"name":"wp","href":"https:\/\/api.w.org\/{rel}","templated":true}]}}