{"id":37136,"date":"2026-02-27T00:37:37","date_gmt":"2026-02-27T00:37:37","guid":{"rendered":"https:\/\/nordicmart.andreevmaster.com\/product\/feandrea-iso-kissapuu-172-cm-korkea-beige\/"},"modified":"2026-02-27T09:54:38","modified_gmt":"2026-02-27T09:54:38","slug":"feandrea-iso-kissapuu-172-cm-korkea-beige","status":"publish","type":"product","link":"https:\/\/nordicmart.andreevmaster.com\/fi\/tuote\/feandrea-iso-kissapuu-172-cm-korkea-beige\/","title":{"rendered":"Feandrea Iso kissapuu 172 cm korkea beige"},"content":{"rendered":"<p>FEANDREAn luovissa ty\u00f6pajoissa kaksi suloista kissanpentua hyppii ymp\u00e4riins\u00e4, tutkii kaikki raapimispuut henkil\u00f6kohtaisesti ja antaa el\u00e4imellisen palautteensa niist\u00e4. N\u00e4in FEANDREAn suunnittelijat saavat ensik\u00e4den, tai pikemminkin ensik\u00e4p\u00e4l\u00e4n, tietoa siit\u00e4, t\u00e4ytt\u00e4v\u00e4tk\u00f6 tuotteet hemmoteltujen viiksekk\u00e4iden vaatimukset. Kissapuu, jolla on monia etuja Yll\u00e4 oleva kiipeilytorni on l\u00e4p\u00e4issyt kissatestin. Erityisesti kissat pitiv\u00e4t kahdesta suuresta pehmopes\u00e4st\u00e4 ja kolmesta p\u00f6rr\u00f6isest\u00e4 n\u00e4k\u00f6alatasanteesta. Mutta my\u00f6s kissan lelun alaosassa oleva raapimislauta oli eritt\u00e4in suosittu. Lis\u00e4ksi molemmat testaajat tunsivat olonsa turvalliseksi ja hyppiv\u00e4t pelotta tasanteelta toiselle. T\u00e4m\u00e4n raapimispuun korkean vakauden takaavat ennen kaikkea paksut sisalpuut ja vahvistettu pohjalevy. Mukana toimitetaan my\u00f6s kaatumissuoja. Tuotetiedot: &#8211; V\u00e4ri: beige &#8211; Materiaali: lastulevy, pehmolelu, sisal &#8211; Koko: 60 x 55 x 172 cm (P x L x K) &#8211; Paino: 29,1 kg Toimitus sis\u00e4lt\u00e4\u00e4:- 1 x raapimispuu &#8211; 1 x ohjeet (DE, EN, FR, ES, IT) FEANDREA-ohjeet: &#8211; Aseta raapimispuu tasaiselle alustalle huoneesi nurkkaan. &#8211; \u00c4l\u00e4 aseta tuotetta kosteaan ymp\u00e4rist\u00f6\u00f6n. &#8211; Pid\u00e4 lapset poissa t\u00e4m\u00e4n tuotteen l\u00e4helt\u00e4. He eiv\u00e4t saa kiivet\u00e4 raapimispuuhun tai leikki\u00e4 sill\u00e4.- Jos kissasi yritt\u00e4\u00e4 sy\u00f6d\u00e4 turkispalloja tai joustavaa nauhaa, poista lelut v\u00e4litt\u00f6m\u00e4sti. &#8211; Kiinnit\u00e4 tuote sein\u00e4\u00e4n kaatumissuojan avulla. &#8211; Jos pehmoputka on vaurioitunut, ota meihin v\u00e4litt\u00f6m\u00e4sti yhteytt\u00e4, jotta voimme korvata t\u00e4m\u00e4n raapimispuun osan tai l\u00f6yt\u00e4\u00e4 toisen ratkaisun. Vaurioituneet osat voivat aiheuttaa loukkaantumisia, joten vaihda ne v\u00e4litt\u00f6m\u00e4sti. Tuotekuvaus<\/p>\n","protected":false},"excerpt":{"rendered":"<p>Feandrea raapimispuu, iso kissapuu, 172 cm, beige PCT018M01<\/p>\n","protected":false},"featured_media":45095,"comment_status":"open","ping_status":"closed","template":"","meta":[],"product_brand":[],"product_cat":[32],"product_tag":[],"class_list":{"0":"post-37136","1":"product","2":"type-product","3":"status-publish","4":"has-post-thumbnail","6":"product_cat-uncategorized-fi","8":"first","9":"instock","10":"shipping-taxable","11":"purchasable","12":"product-type-simple"},"_links":{"self":[{"href":"https:\/\/nordicmart.andreevmaster.com\/fi\/wp-json\/wp\/v2\/product\/37136","targetHints":{"allow":["GET"]}}],"collection":[{"href":"https:\/\/nordicmart.andreevmaster.com\/fi\/wp-json\/wp\/v2\/product"}],"about":[{"href":"https:\/\/nordicmart.andreevmaster.com\/fi\/wp-json\/wp\/v2\/types\/product"}],"replies":[{"embeddable":true,"href":"https:\/\/nordicmart.andreevmaster.com\/fi\/wp-json\/wp\/v2\/comments?post=37136"}],"wp:featuredmedia":[{"embeddable":true,"href":"https:\/\/nordicmart.andreevmaster.com\/fi\/wp-json\/wp\/v2\/media\/45095"}],"wp:attachment":[{"href":"https:\/\/nordicmart.andreevmaster.com\/fi\/wp-json\/wp\/v2\/media?parent=37136"}],"wp:term":[{"taxonomy":"product_brand","embeddable":true,"href":"https:\/\/nordicmart.andreevmaster.com\/fi\/wp-json\/wp\/v2\/product_brand?post=37136"},{"taxonomy":"product_cat","embeddable":true,"href":"https:\/\/nordicmart.andreevmaster.com\/fi\/wp-json\/wp\/v2\/product_cat?post=37136"},{"taxonomy":"product_tag","embeddable":true,"href":"https:\/\/nordicmart.andreevmaster.com\/fi\/wp-json\/wp\/v2\/product_tag?post=37136"}],"curies":[{"name":"wp","href":"https:\/\/api.w.org\/{rel}","templated":true}]}}