{"id":37121,"date":"2026-02-27T00:37:32","date_gmt":"2026-02-27T00:37:32","guid":{"rendered":"https:\/\/nordicmart.andreevmaster.com\/product\/feandrea-raapimispuu-luolilla-50-x-50-x-141-cm-kermanvalkoinen\/"},"modified":"2026-02-27T09:54:35","modified_gmt":"2026-02-27T09:54:35","slug":"feandrea-raapimispuu-luolilla-50-x-50-x-141-cm-kermanvalkoinen","status":"publish","type":"product","link":"https:\/\/nordicmart.andreevmaster.com\/fi\/tuote\/feandrea-raapimispuu-luolilla-50-x-50-x-141-cm-kermanvalkoinen\/","title":{"rendered":"Feandrea raapimispuu luolilla 50 x 50 x 141 cm kermanvalkoinen"},"content":{"rendered":"<p>Feandrea iso raapimispuu, M kissapuu, luolalla, riippumatolla, pehmustetulla alustalla, tunnelilla, sisalpuilla, raapimislavalla, 50 x 50 x 141 cm, vaaleanharmaa-luonnonv\u00e4ri PCT002N01<br \/>\nV\u00e4ri: kermanvalkoinen<br \/>\nMateriaali: lastulevy, pehmolelu, sisali<br \/>\nKoko: 50 x 50 x 141 cm (P x L x K)<br \/>\nPaino: 22,3 kg<br \/>\nMaks. staattinen kokonaiskuormitus: 83 kg<br \/>\nIhanteellinen kissam\u00e4\u00e4r\u00e4: \u2264 5 (kukin \u2264 10 kg)<\/p>\n","protected":false},"excerpt":{"rendered":"<p>Feandrea iso raapimispuu, M kissapuu, luolalla, riippumatolla, pehmustetulla alustalla, tunnelilla, sisalpuilla, raapimislavalla, 50 x 50 x 141 cm, vaaleanharmaa-luonnonv\u00e4ri PCT002N01<\/p>\n","protected":false},"featured_media":0,"comment_status":"open","ping_status":"closed","template":"","meta":[],"product_brand":[],"product_cat":[32],"product_tag":[],"class_list":{"0":"post-37121","1":"product","2":"type-product","3":"status-publish","5":"product_cat-uncategorized-fi","7":"first","8":"instock","9":"shipping-taxable","10":"purchasable","11":"product-type-simple"},"_links":{"self":[{"href":"https:\/\/nordicmart.andreevmaster.com\/fi\/wp-json\/wp\/v2\/product\/37121","targetHints":{"allow":["GET"]}}],"collection":[{"href":"https:\/\/nordicmart.andreevmaster.com\/fi\/wp-json\/wp\/v2\/product"}],"about":[{"href":"https:\/\/nordicmart.andreevmaster.com\/fi\/wp-json\/wp\/v2\/types\/product"}],"replies":[{"embeddable":true,"href":"https:\/\/nordicmart.andreevmaster.com\/fi\/wp-json\/wp\/v2\/comments?post=37121"}],"wp:attachment":[{"href":"https:\/\/nordicmart.andreevmaster.com\/fi\/wp-json\/wp\/v2\/media?parent=37121"}],"wp:term":[{"taxonomy":"product_brand","embeddable":true,"href":"https:\/\/nordicmart.andreevmaster.com\/fi\/wp-json\/wp\/v2\/product_brand?post=37121"},{"taxonomy":"product_cat","embeddable":true,"href":"https:\/\/nordicmart.andreevmaster.com\/fi\/wp-json\/wp\/v2\/product_cat?post=37121"},{"taxonomy":"product_tag","embeddable":true,"href":"https:\/\/nordicmart.andreevmaster.com\/fi\/wp-json\/wp\/v2\/product_tag?post=37121"}],"curies":[{"name":"wp","href":"https:\/\/api.w.org\/{rel}","templated":true}]}}