{"id":37117,"date":"2026-02-27T00:37:31","date_gmt":"2026-02-27T00:37:31","guid":{"rendered":"https:\/\/nordicmart.andreevmaster.com\/product\/feandrea-kissanhiekkalaatikko-kaapilla-ja-ovilla\/"},"modified":"2026-02-27T09:54:34","modified_gmt":"2026-02-27T09:54:34","slug":"feandrea-kissanhiekkalaatikko-kaapilla-ja-ovilla","status":"publish","type":"product","link":"https:\/\/nordicmart.andreevmaster.com\/fi\/tuote\/feandrea-kissanhiekkalaatikko-kaapilla-ja-ovilla\/","title":{"rendered":"Feandrea kissanhiekkalaatikko kaapilla ja ovilla"},"content":{"rendered":"<p>Tiesitk\u00f6, ett\u00e4 useimmat kissanhiekka-astiat ovat rumia ja viev\u00e4t paljon tilaa? Jos haluat huonekalun, joka piilottaa kissanhiekka-astian ja sopii hyvin huoneesi sisustukseen, t\u00e4m\u00e4 FEANDREA-kissatalo on tyylik\u00e4s ratkaisu. Miksi valita FEANDREA-kissatalo? &#8211; Valmistettu puulevyst\u00e4, vahva ja kest\u00e4v\u00e4 &#8211; Leikattu sivuovi tarjoaa lis\u00e4\u00e4 hauskuutta kissallesi &#8211; Kaksi lamelliaukkoa kahvoilla mahdollistavat hyv\u00e4n ilmankierron &#8211; V\u00e4lisein\u00e4 voidaan poistaa, jotta saadaan lis\u00e4\u00e4 tilaa &#8211; Suuren yl\u00e4osan ansiosta t\u00e4t\u00e4 huonekalua voidaan k\u00e4ytt\u00e4\u00e4 my\u00f6s sivup\u00f6yt\u00e4n\u00e4 tai y\u00f6p\u00f6yt\u00e4n\u00e4 &#8211; Rustikaalinen pinta maalaistyyliin korostaa huoneesi sisustusta Tuotetiedot: &#8211; V\u00e4ri: vintage-ruskea &#8211; Materiaali: puulevy &#8211; Koko: 80 x 53 x 49,2 cm (P x L x K) &#8211; Paino: 14,3 kg &#8211; Maks. staattinen kantavuus: 60 kg Toimitus sis\u00e4lt\u00e4\u00e4: &#8211; 1 x kissan wc &#8211; 1 x lis\u00e4varustepaketti &#8211; 1 x ohjeet FEANDREA Huomautukset: &#8211; Turvallisuussyist\u00e4 \u00e4l\u00e4 seiso tai istu tuotteen p\u00e4\u00e4ll\u00e4.<\/p>\n","protected":false},"excerpt":{"rendered":"<p>Feandrea kissanhiekkalaatikko, kissan wc, kissan talo, ovilla, vintage-ruskea PCL003X01<\/p>\n","protected":false},"featured_media":45082,"comment_status":"open","ping_status":"closed","template":"","meta":[],"product_brand":[],"product_cat":[32],"product_tag":[],"class_list":{"0":"post-37117","1":"product","2":"type-product","3":"status-publish","4":"has-post-thumbnail","6":"product_cat-uncategorized-fi","8":"first","9":"instock","10":"shipping-taxable","11":"purchasable","12":"product-type-simple"},"_links":{"self":[{"href":"https:\/\/nordicmart.andreevmaster.com\/fi\/wp-json\/wp\/v2\/product\/37117","targetHints":{"allow":["GET"]}}],"collection":[{"href":"https:\/\/nordicmart.andreevmaster.com\/fi\/wp-json\/wp\/v2\/product"}],"about":[{"href":"https:\/\/nordicmart.andreevmaster.com\/fi\/wp-json\/wp\/v2\/types\/product"}],"replies":[{"embeddable":true,"href":"https:\/\/nordicmart.andreevmaster.com\/fi\/wp-json\/wp\/v2\/comments?post=37117"}],"wp:featuredmedia":[{"embeddable":true,"href":"https:\/\/nordicmart.andreevmaster.com\/fi\/wp-json\/wp\/v2\/media\/45082"}],"wp:attachment":[{"href":"https:\/\/nordicmart.andreevmaster.com\/fi\/wp-json\/wp\/v2\/media?parent=37117"}],"wp:term":[{"taxonomy":"product_brand","embeddable":true,"href":"https:\/\/nordicmart.andreevmaster.com\/fi\/wp-json\/wp\/v2\/product_brand?post=37117"},{"taxonomy":"product_cat","embeddable":true,"href":"https:\/\/nordicmart.andreevmaster.com\/fi\/wp-json\/wp\/v2\/product_cat?post=37117"},{"taxonomy":"product_tag","embeddable":true,"href":"https:\/\/nordicmart.andreevmaster.com\/fi\/wp-json\/wp\/v2\/product_tag?post=37117"}],"curies":[{"name":"wp","href":"https:\/\/api.w.org\/{rel}","templated":true}]}}