{"id":37114,"date":"2026-02-27T00:37:31","date_gmt":"2026-02-27T00:37:31","guid":{"rendered":"https:\/\/nordicmart.andreevmaster.com\/product\/feandrea-kissan-talo-kissanhiekkalaatikko-irrotettavalla-valiseinalla-sivupoyta\/"},"modified":"2026-02-27T09:54:34","modified_gmt":"2026-02-27T09:54:34","slug":"feandrea-kissan-talo-kissanhiekkalaatikko-irrotettavalla-valiseinalla-sivupoyta","status":"publish","type":"product","link":"https:\/\/nordicmart.andreevmaster.com\/fi\/tuote\/feandrea-kissan-talo-kissanhiekkalaatikko-irrotettavalla-valiseinalla-sivupoyta\/","title":{"rendered":"Feandrea kissan talo, kissanhiekkalaatikko irrotettavalla v\u00e4lisein\u00e4ll\u00e4, sivup\u00f6yt\u00e4"},"content":{"rendered":"<p>Feandrea kissan wc, kissan talo, ovilla, vintage-ruskea-musta PCL002X02<br \/>\nTekniset tiedot:<br \/>\n&#8211; Mitat: 80 x 53 x 50 cm (P x L x K)<br \/>\n&#8211; Paino: 15,9 kg<br \/>\n&#8211; Yl\u00e4levyn maks. staattinen kantavuus (v\u00e4lisein\u00e4ll\u00e4): 60 kg<br \/>\n&#8211; Yl\u00e4levyn maks. staattinen kantavuus (ilman v\u00e4lisein\u00e4\u00e4): 10 kg<br \/>\n&#8211; Pohjan maks. staattinen kantavuus: 30 kg<br \/>\n&#8211; Materiaali: lastulevy, MDF (keskitihe\u00e4 kuitulevy)<br \/>\n&#8211; V\u00e4ri: ruskea-valkoinen, puunsyykuvioinen<\/p>\n","protected":false},"excerpt":{"rendered":"<p>Feandrea kissan wc, kissan talo, ovilla, vintage-ruskea-musta PCL002X02<\/p>\n","protected":false},"featured_media":45079,"comment_status":"open","ping_status":"closed","template":"","meta":[],"product_brand":[],"product_cat":[32],"product_tag":[],"class_list":{"0":"post-37114","1":"product","2":"type-product","3":"status-publish","4":"has-post-thumbnail","6":"product_cat-uncategorized-fi","8":"first","9":"instock","10":"shipping-taxable","11":"purchasable","12":"product-type-simple"},"_links":{"self":[{"href":"https:\/\/nordicmart.andreevmaster.com\/fi\/wp-json\/wp\/v2\/product\/37114","targetHints":{"allow":["GET"]}}],"collection":[{"href":"https:\/\/nordicmart.andreevmaster.com\/fi\/wp-json\/wp\/v2\/product"}],"about":[{"href":"https:\/\/nordicmart.andreevmaster.com\/fi\/wp-json\/wp\/v2\/types\/product"}],"replies":[{"embeddable":true,"href":"https:\/\/nordicmart.andreevmaster.com\/fi\/wp-json\/wp\/v2\/comments?post=37114"}],"wp:featuredmedia":[{"embeddable":true,"href":"https:\/\/nordicmart.andreevmaster.com\/fi\/wp-json\/wp\/v2\/media\/45079"}],"wp:attachment":[{"href":"https:\/\/nordicmart.andreevmaster.com\/fi\/wp-json\/wp\/v2\/media?parent=37114"}],"wp:term":[{"taxonomy":"product_brand","embeddable":true,"href":"https:\/\/nordicmart.andreevmaster.com\/fi\/wp-json\/wp\/v2\/product_brand?post=37114"},{"taxonomy":"product_cat","embeddable":true,"href":"https:\/\/nordicmart.andreevmaster.com\/fi\/wp-json\/wp\/v2\/product_cat?post=37114"},{"taxonomy":"product_tag","embeddable":true,"href":"https:\/\/nordicmart.andreevmaster.com\/fi\/wp-json\/wp\/v2\/product_tag?post=37114"}],"curies":[{"name":"wp","href":"https:\/\/api.w.org\/{rel}","templated":true}]}}