{"id":37109,"date":"2026-02-27T00:37:29","date_gmt":"2026-02-27T00:37:29","guid":{"rendered":"https:\/\/nordicmart.andreevmaster.com\/product\/feandrea-kissanhiekkalaatikko-jossa-on-push-to-open-ovet-suurille-kissoille\/"},"modified":"2026-02-27T09:54:33","modified_gmt":"2026-02-27T09:54:33","slug":"feandrea-kissanhiekkalaatikko-jossa-on-push-to-open-ovet-suurille-kissoille","status":"publish","type":"product","link":"https:\/\/nordicmart.andreevmaster.com\/fi\/tuote\/feandrea-kissanhiekkalaatikko-jossa-on-push-to-open-ovet-suurille-kissoille\/","title":{"rendered":"Feandrea kissanhiekkalaatikko, jossa on push-to-open-ovet suurille kissoille"},"content":{"rendered":"<p>SONGMICS HOME kissanhiekkalaatikkokaappi, ty\u00f6kaluton tekniikka, kissan talo, suurille kissoille, push-to-open-ovet, sivup\u00f6yt\u00e4, minimalistinen, eritt\u00e4in nopea ty\u00f6kaluton asennus, lumivalkoinen PCL013W01<\/p>\n","protected":false},"excerpt":{"rendered":"<p>SONGMICS HOME kissanhiekkalaatikkokaappi, ty\u00f6kaluton tekniikka, kissan talo, suurille kissoille, push-to-open-ovet, sivup\u00f6yt\u00e4, minimalistinen, eritt\u00e4in nopea ty\u00f6kaluton asennus, lumivalkoinen PCL013W01<\/p>\n","protected":false},"featured_media":45076,"comment_status":"open","ping_status":"closed","template":"","meta":[],"product_brand":[],"product_cat":[32],"product_tag":[],"class_list":{"0":"post-37109","1":"product","2":"type-product","3":"status-publish","4":"has-post-thumbnail","6":"product_cat-uncategorized-fi","8":"first","9":"instock","10":"shipping-taxable","11":"purchasable","12":"product-type-simple"},"_links":{"self":[{"href":"https:\/\/nordicmart.andreevmaster.com\/fi\/wp-json\/wp\/v2\/product\/37109","targetHints":{"allow":["GET"]}}],"collection":[{"href":"https:\/\/nordicmart.andreevmaster.com\/fi\/wp-json\/wp\/v2\/product"}],"about":[{"href":"https:\/\/nordicmart.andreevmaster.com\/fi\/wp-json\/wp\/v2\/types\/product"}],"replies":[{"embeddable":true,"href":"https:\/\/nordicmart.andreevmaster.com\/fi\/wp-json\/wp\/v2\/comments?post=37109"}],"wp:featuredmedia":[{"embeddable":true,"href":"https:\/\/nordicmart.andreevmaster.com\/fi\/wp-json\/wp\/v2\/media\/45076"}],"wp:attachment":[{"href":"https:\/\/nordicmart.andreevmaster.com\/fi\/wp-json\/wp\/v2\/media?parent=37109"}],"wp:term":[{"taxonomy":"product_brand","embeddable":true,"href":"https:\/\/nordicmart.andreevmaster.com\/fi\/wp-json\/wp\/v2\/product_brand?post=37109"},{"taxonomy":"product_cat","embeddable":true,"href":"https:\/\/nordicmart.andreevmaster.com\/fi\/wp-json\/wp\/v2\/product_cat?post=37109"},{"taxonomy":"product_tag","embeddable":true,"href":"https:\/\/nordicmart.andreevmaster.com\/fi\/wp-json\/wp\/v2\/product_tag?post=37109"}],"curies":[{"name":"wp","href":"https:\/\/api.w.org\/{rel}","templated":true}]}}