{"id":37106,"date":"2026-02-27T00:37:28","date_gmt":"2026-02-27T00:37:28","guid":{"rendered":"https:\/\/nordicmart.andreevmaster.com\/product\/feandrea-kissatalo-kaksoisovella-ja-kahvoilla-harmahtava\/"},"modified":"2026-02-27T09:54:32","modified_gmt":"2026-02-27T09:54:32","slug":"feandrea-kissatalo-kaksoisovella-ja-kahvoilla-harmahtava","status":"publish","type":"product","link":"https:\/\/nordicmart.andreevmaster.com\/fi\/tuote\/feandrea-kissatalo-kaksoisovella-ja-kahvoilla-harmahtava\/","title":{"rendered":"Feandrea kissatalo kaksoisovella ja kahvoilla, harmahtava"},"content":{"rendered":"<p>Feandrea kissatalo, moderni kissanhiekkalaatikko, etuovi, kaksoisovi ja kahvat, sivup\u00f6yt\u00e4n\u00e4, 85 x 48,5 x 50 cm, pilvinen valkoinen PCL012W01<br \/>\nV\u00e4ri: harmaa-beige<br \/>\nMateriaali: lastulevy<br \/>\nKoko: 85 x 48,5 x 50 cm (P x L x K)<br \/>\nPaino: 16,3 kg<br \/>\nYl\u00e4levyn maks. staattinen kantavuus: 75 kg<\/p>\n","protected":false},"excerpt":{"rendered":"<p>Feandrea kissatalo, moderni kissanhiekkalaatikko, etuovi, kaksoisovi ja kahvat, sivup\u00f6yt\u00e4n\u00e4, 85 x 48,5 x 50 cm, pilvinen valkoinen PCL012W01<\/p>\n","protected":false},"featured_media":45073,"comment_status":"open","ping_status":"closed","template":"","meta":[],"product_brand":[],"product_cat":[32],"product_tag":[],"class_list":{"0":"post-37106","1":"product","2":"type-product","3":"status-publish","4":"has-post-thumbnail","6":"product_cat-uncategorized-fi","8":"first","9":"instock","10":"shipping-taxable","11":"purchasable","12":"product-type-simple"},"_links":{"self":[{"href":"https:\/\/nordicmart.andreevmaster.com\/fi\/wp-json\/wp\/v2\/product\/37106","targetHints":{"allow":["GET"]}}],"collection":[{"href":"https:\/\/nordicmart.andreevmaster.com\/fi\/wp-json\/wp\/v2\/product"}],"about":[{"href":"https:\/\/nordicmart.andreevmaster.com\/fi\/wp-json\/wp\/v2\/types\/product"}],"replies":[{"embeddable":true,"href":"https:\/\/nordicmart.andreevmaster.com\/fi\/wp-json\/wp\/v2\/comments?post=37106"}],"wp:featuredmedia":[{"embeddable":true,"href":"https:\/\/nordicmart.andreevmaster.com\/fi\/wp-json\/wp\/v2\/media\/45073"}],"wp:attachment":[{"href":"https:\/\/nordicmart.andreevmaster.com\/fi\/wp-json\/wp\/v2\/media?parent=37106"}],"wp:term":[{"taxonomy":"product_brand","embeddable":true,"href":"https:\/\/nordicmart.andreevmaster.com\/fi\/wp-json\/wp\/v2\/product_brand?post=37106"},{"taxonomy":"product_cat","embeddable":true,"href":"https:\/\/nordicmart.andreevmaster.com\/fi\/wp-json\/wp\/v2\/product_cat?post=37106"},{"taxonomy":"product_tag","embeddable":true,"href":"https:\/\/nordicmart.andreevmaster.com\/fi\/wp-json\/wp\/v2\/product_tag?post=37106"}],"curies":[{"name":"wp","href":"https:\/\/api.w.org\/{rel}","templated":true}]}}