{"id":37102,"date":"2026-02-27T00:37:27","date_gmt":"2026-02-27T00:37:27","guid":{"rendered":"https:\/\/nordicmart.andreevmaster.com\/product\/feandrea-kissanhiekkalaatikko-ovilla\/"},"modified":"2026-02-27T09:54:31","modified_gmt":"2026-02-27T09:54:31","slug":"feandrea-kissanhiekkalaatikko-ovilla","status":"publish","type":"product","link":"https:\/\/nordicmart.andreevmaster.com\/fi\/tuote\/feandrea-kissanhiekkalaatikko-ovilla\/","title":{"rendered":"Feandrea kissanhiekkalaatikko ovilla"},"content":{"rendered":"<p>J\u00e4tehuoltoratkaisut voivat olla haisevia ja rumia, mutta t\u00e4m\u00e4n kaapin ei tarvitse olla. Se on tyylik\u00e4s ratkaisu, joka piilottaa sotkun ja hajut ja tarjoaa kissoillesi hieman yksityisyytt\u00e4. Miksi valita FEANDREA kissan talo? &#8211; Valmistettu lastulevyst\u00e4, se on vahva ja kest\u00e4v\u00e4 &#8211; Kaareva sis\u00e4\u00e4nk\u00e4ynti tarjoaa enemm\u00e4n hauskaa kissallesi &#8211; V\u00e4lisein\u00e4 voidaan poistaa, jotta saadaan lis\u00e4\u00e4 tilaa &#8211; Suuren yl\u00e4osan ansiosta t\u00e4t\u00e4 huonekalua voidaan k\u00e4ytt\u00e4\u00e4 my\u00f6s sivup\u00f6yt\u00e4n\u00e4 tai y\u00f6p\u00f6yt\u00e4n\u00e4 &#8211; Kaksi ovea kahvoilla helpottavat p\u00e4\u00e4sy\u00e4 kissan kaappiin, jotta hiekka voidaan tyhjent\u00e4\u00e4 &#8211; Rustikaalinen pinta ja ainutlaatuiset maalaistyyliin sopivat ovet korostavat huoneesi tyyli\u00e4 &#8211; Helppojen ohjeiden ansiosta se on koottavissa 20 minuutissa Tuotetiedot:- V\u00e4ri: vintage-ruskea-musta &#8211; Materiaali: lastulevy &#8211; Koko: 80 x 53 x 49,2 cm (P x L x K) &#8211; Paino: 14,9 kg &#8211; Maks. staattinen kantavuus: 60 kg FEANDREA-ohjeet: &#8211; Turvallisuussyist\u00e4 \u00e4l\u00e4 seiso tai istu tuotteen p\u00e4\u00e4ll\u00e4.<\/p>\n","protected":false},"excerpt":{"rendered":"<p>Feandrea kissan wc, kissan talo, ovilla, vintage-ruskea-musta PCL002X02<\/p>\n","protected":false},"featured_media":45069,"comment_status":"open","ping_status":"closed","template":"","meta":[],"product_brand":[],"product_cat":[32],"product_tag":[],"class_list":{"0":"post-37102","1":"product","2":"type-product","3":"status-publish","4":"has-post-thumbnail","6":"product_cat-uncategorized-fi","8":"first","9":"instock","10":"shipping-taxable","11":"purchasable","12":"product-type-simple"},"_links":{"self":[{"href":"https:\/\/nordicmart.andreevmaster.com\/fi\/wp-json\/wp\/v2\/product\/37102","targetHints":{"allow":["GET"]}}],"collection":[{"href":"https:\/\/nordicmart.andreevmaster.com\/fi\/wp-json\/wp\/v2\/product"}],"about":[{"href":"https:\/\/nordicmart.andreevmaster.com\/fi\/wp-json\/wp\/v2\/types\/product"}],"replies":[{"embeddable":true,"href":"https:\/\/nordicmart.andreevmaster.com\/fi\/wp-json\/wp\/v2\/comments?post=37102"}],"wp:featuredmedia":[{"embeddable":true,"href":"https:\/\/nordicmart.andreevmaster.com\/fi\/wp-json\/wp\/v2\/media\/45069"}],"wp:attachment":[{"href":"https:\/\/nordicmart.andreevmaster.com\/fi\/wp-json\/wp\/v2\/media?parent=37102"}],"wp:term":[{"taxonomy":"product_brand","embeddable":true,"href":"https:\/\/nordicmart.andreevmaster.com\/fi\/wp-json\/wp\/v2\/product_brand?post=37102"},{"taxonomy":"product_cat","embeddable":true,"href":"https:\/\/nordicmart.andreevmaster.com\/fi\/wp-json\/wp\/v2\/product_cat?post=37102"},{"taxonomy":"product_tag","embeddable":true,"href":"https:\/\/nordicmart.andreevmaster.com\/fi\/wp-json\/wp\/v2\/product_tag?post=37102"}],"curies":[{"name":"wp","href":"https:\/\/api.w.org\/{rel}","templated":true}]}}