{"id":37101,"date":"2026-02-27T00:37:26","date_gmt":"2026-02-27T00:37:26","guid":{"rendered":"https:\/\/nordicmart.andreevmaster.com\/product\/feandrea-kissanhiekkalaatikko-vintage-ruskea\/"},"modified":"2026-02-27T09:54:31","modified_gmt":"2026-02-27T09:54:31","slug":"feandrea-kissanhiekkalaatikko-vintage-ruskea","status":"publish","type":"product","link":"https:\/\/nordicmart.andreevmaster.com\/fi\/tuote\/feandrea-kissanhiekkalaatikko-vintage-ruskea\/","title":{"rendered":"Feandrea kissanhiekkalaatikko, vintage-ruskea"},"content":{"rendered":"<p>Tiesitk\u00f6, ett\u00e4 useimmat kissanhiekkalaatikot ovat rumia ja viev\u00e4t paljon tilaa? Jos haluat huonekalun, joka piilottaa kissanhiekkalaatikon ja sopii hyvin huoneeseesi sisustuselementtin\u00e4, t\u00e4m\u00e4 FEANDREA kissan talo on tyylik\u00e4s ratkaisu. Miksi valita FEANDREA kissan talo?Se on valmistettu puulevyst\u00e4, joten se on vahva ja kest\u00e4v\u00e4. Leikattu sivuovi tarjoaa lis\u00e4\u00e4 hauskuutta kissallesi. Kaksi lamelliaukkoa kahvoilla mahdollistavat hyv\u00e4n ilmankierron. V\u00e4lisein\u00e4 voidaan poistaa, jotta saadaan lis\u00e4\u00e4 tilaa. Suuren yl\u00e4osan ansiosta t\u00e4t\u00e4 huonekalua voidaan k\u00e4ytt\u00e4\u00e4 my\u00f6s sivup\u00f6yt\u00e4n\u00e4 tai y\u00f6p\u00f6yt\u00e4n\u00e4. Rustikaalinen pinta maalaistyyliin korostaa huoneesi sisustusta. Tuotetiedot:V\u00e4ri: vintage-ruskea Materiaali: lastulevy Koko: 80 x 53 x 49,2 cm (P x L x K) Paino: 14,3 kg Maks. staattinen kantavuus: 60 kg Toimitus sis\u00e4lt\u00e4\u00e4: 1 x kissanhiekkalaatikkokaappi 1 x lis\u00e4varustepaketti 1 x ohjeet FEANDREA Huomautukset: Turvallisuussyist\u00e4 \u00e4l\u00e4 seiso tai istu tuotteen p\u00e4\u00e4ll\u00e4.<\/p>\n","protected":false},"excerpt":{"rendered":"<p>Feandrea kissan wc, kissan talo, ovilla, vintage-ruskea-musta PCL002X02<\/p>\n","protected":false},"featured_media":45068,"comment_status":"open","ping_status":"closed","template":"","meta":[],"product_brand":[],"product_cat":[32],"product_tag":[],"class_list":{"0":"post-37101","1":"product","2":"type-product","3":"status-publish","4":"has-post-thumbnail","6":"product_cat-uncategorized-fi","8":"first","9":"instock","10":"shipping-taxable","11":"purchasable","12":"product-type-simple"},"_links":{"self":[{"href":"https:\/\/nordicmart.andreevmaster.com\/fi\/wp-json\/wp\/v2\/product\/37101","targetHints":{"allow":["GET"]}}],"collection":[{"href":"https:\/\/nordicmart.andreevmaster.com\/fi\/wp-json\/wp\/v2\/product"}],"about":[{"href":"https:\/\/nordicmart.andreevmaster.com\/fi\/wp-json\/wp\/v2\/types\/product"}],"replies":[{"embeddable":true,"href":"https:\/\/nordicmart.andreevmaster.com\/fi\/wp-json\/wp\/v2\/comments?post=37101"}],"wp:featuredmedia":[{"embeddable":true,"href":"https:\/\/nordicmart.andreevmaster.com\/fi\/wp-json\/wp\/v2\/media\/45068"}],"wp:attachment":[{"href":"https:\/\/nordicmart.andreevmaster.com\/fi\/wp-json\/wp\/v2\/media?parent=37101"}],"wp:term":[{"taxonomy":"product_brand","embeddable":true,"href":"https:\/\/nordicmart.andreevmaster.com\/fi\/wp-json\/wp\/v2\/product_brand?post=37101"},{"taxonomy":"product_cat","embeddable":true,"href":"https:\/\/nordicmart.andreevmaster.com\/fi\/wp-json\/wp\/v2\/product_cat?post=37101"},{"taxonomy":"product_tag","embeddable":true,"href":"https:\/\/nordicmart.andreevmaster.com\/fi\/wp-json\/wp\/v2\/product_tag?post=37101"}],"curies":[{"name":"wp","href":"https:\/\/api.w.org\/{rel}","templated":true}]}}