{"id":37100,"date":"2026-02-27T00:37:26","date_gmt":"2026-02-27T00:37:26","guid":{"rendered":"https:\/\/nordicmart.andreevmaster.com\/product\/feandrea-kissanhiekkalaatikkokaappi-irrotettavalla-valiseinalla\/"},"modified":"2026-02-27T09:54:31","modified_gmt":"2026-02-27T09:54:31","slug":"feandrea-kissanhiekkalaatikkokaappi-irrotettavalla-valiseinalla","status":"publish","type":"product","link":"https:\/\/nordicmart.andreevmaster.com\/fi\/tuote\/feandrea-kissanhiekkalaatikkokaappi-irrotettavalla-valiseinalla\/","title":{"rendered":"Feandrea kissanhiekkalaatikkokaappi irrotettavalla v\u00e4lisein\u00e4ll\u00e4"},"content":{"rendered":"<p>Feandrea kissan wc, kissan talo, ovilla, vintage-ruskea-musta PCL002X02<br \/>\nV\u00e4ri: valkoinen<br \/>\nMateriaali: lastulevy, MDF (keskitihe\u00e4 kuitulevy)<br \/>\nKoko: 80 x 53 x 50 cm (P x L x K)<br \/>\nPaino: 15,9 kg<br \/>\nHyllyn maks. staattinen kantavuus (v\u00e4lisein\u00e4ll\u00e4): 60 kg<br \/>\nHyllyn maks. staattinen kantavuus (ilman v\u00e4lisein\u00e4\u00e4): 10 kg<br \/>\nLattian maks. staattinen kantavuus: 30 kg<\/p>\n","protected":false},"excerpt":{"rendered":"<p>Feandrea kissan wc, kissan talo, ovilla, vintage-ruskea-musta PCL002X02<\/p>\n","protected":false},"featured_media":0,"comment_status":"open","ping_status":"closed","template":"","meta":[],"product_brand":[],"product_cat":[32],"product_tag":[],"class_list":{"0":"post-37100","1":"product","2":"type-product","3":"status-publish","5":"product_cat-uncategorized-fi","7":"first","8":"instock","9":"shipping-taxable","10":"purchasable","11":"product-type-simple"},"_links":{"self":[{"href":"https:\/\/nordicmart.andreevmaster.com\/fi\/wp-json\/wp\/v2\/product\/37100","targetHints":{"allow":["GET"]}}],"collection":[{"href":"https:\/\/nordicmart.andreevmaster.com\/fi\/wp-json\/wp\/v2\/product"}],"about":[{"href":"https:\/\/nordicmart.andreevmaster.com\/fi\/wp-json\/wp\/v2\/types\/product"}],"replies":[{"embeddable":true,"href":"https:\/\/nordicmart.andreevmaster.com\/fi\/wp-json\/wp\/v2\/comments?post=37100"}],"wp:attachment":[{"href":"https:\/\/nordicmart.andreevmaster.com\/fi\/wp-json\/wp\/v2\/media?parent=37100"}],"wp:term":[{"taxonomy":"product_brand","embeddable":true,"href":"https:\/\/nordicmart.andreevmaster.com\/fi\/wp-json\/wp\/v2\/product_brand?post=37100"},{"taxonomy":"product_cat","embeddable":true,"href":"https:\/\/nordicmart.andreevmaster.com\/fi\/wp-json\/wp\/v2\/product_cat?post=37100"},{"taxonomy":"product_tag","embeddable":true,"href":"https:\/\/nordicmart.andreevmaster.com\/fi\/wp-json\/wp\/v2\/product_tag?post=37100"}],"curies":[{"name":"wp","href":"https:\/\/api.w.org\/{rel}","templated":true}]}}