{"id":37099,"date":"2026-02-27T00:37:26","date_gmt":"2026-02-27T00:37:26","guid":{"rendered":"https:\/\/nordicmart.andreevmaster.com\/product\/feandrea-kissatalo-irrotettavalla-valiseinalla-80-x-53-x-50-cm\/"},"modified":"2026-02-27T09:54:30","modified_gmt":"2026-02-27T09:54:30","slug":"feandrea-kissatalo-irrotettavalla-valiseinalla-80-x-53-x-50-cm","status":"publish","type":"product","link":"https:\/\/nordicmart.andreevmaster.com\/fi\/tuote\/feandrea-kissatalo-irrotettavalla-valiseinalla-80-x-53-x-50-cm\/","title":{"rendered":"Feandrea kissatalo irrotettavalla v\u00e4lisein\u00e4ll\u00e4 80 x 53 x 50 cm"},"content":{"rendered":"<p>Feandrea kissan wc, kissan talo, ovilla, vintage-ruskea-musta PCL002X02<br \/>\nV\u00e4ri: hunajanruskea-vintagevalkoinen<br \/>\nMateriaali: lastulevy, MDF (keskitihe\u00e4 kuitulevy)<br \/>\nKoko: 80 x 53 x 50 cm (P x L x K)<br \/>\nPaino: 15,9 kg<br \/>\nYl\u00e4levyn maks. staattinen kantavuus (v\u00e4lisein\u00e4ll\u00e4): 60 kg<br \/>\nYl\u00e4levyn maks. staattinen kantavuus (ilman v\u00e4lisein\u00e4\u00e4): 10 kg<br \/>\nPohjan maks. staattinen kantavuus: 30 kg<\/p>\n","protected":false},"excerpt":{"rendered":"<p>Feandrea kissan wc, kissan talo, ovilla, vintage-ruskea-musta PCL002X02<\/p>\n","protected":false},"featured_media":0,"comment_status":"open","ping_status":"closed","template":"","meta":[],"product_brand":[],"product_cat":[32],"product_tag":[],"class_list":{"0":"post-37099","1":"product","2":"type-product","3":"status-publish","5":"product_cat-uncategorized-fi","7":"first","8":"instock","9":"shipping-taxable","10":"purchasable","11":"product-type-simple"},"_links":{"self":[{"href":"https:\/\/nordicmart.andreevmaster.com\/fi\/wp-json\/wp\/v2\/product\/37099","targetHints":{"allow":["GET"]}}],"collection":[{"href":"https:\/\/nordicmart.andreevmaster.com\/fi\/wp-json\/wp\/v2\/product"}],"about":[{"href":"https:\/\/nordicmart.andreevmaster.com\/fi\/wp-json\/wp\/v2\/types\/product"}],"replies":[{"embeddable":true,"href":"https:\/\/nordicmart.andreevmaster.com\/fi\/wp-json\/wp\/v2\/comments?post=37099"}],"wp:attachment":[{"href":"https:\/\/nordicmart.andreevmaster.com\/fi\/wp-json\/wp\/v2\/media?parent=37099"}],"wp:term":[{"taxonomy":"product_brand","embeddable":true,"href":"https:\/\/nordicmart.andreevmaster.com\/fi\/wp-json\/wp\/v2\/product_brand?post=37099"},{"taxonomy":"product_cat","embeddable":true,"href":"https:\/\/nordicmart.andreevmaster.com\/fi\/wp-json\/wp\/v2\/product_cat?post=37099"},{"taxonomy":"product_tag","embeddable":true,"href":"https:\/\/nordicmart.andreevmaster.com\/fi\/wp-json\/wp\/v2\/product_tag?post=37099"}],"curies":[{"name":"wp","href":"https:\/\/api.w.org\/{rel}","templated":true}]}}