{"id":37097,"date":"2026-02-27T00:37:25","date_gmt":"2026-02-27T00:37:25","guid":{"rendered":"https:\/\/nordicmart.andreevmaster.com\/product\/feandrea-kissanhiekkalaatikkokaappi-ovilla\/"},"modified":"2026-02-27T09:54:30","modified_gmt":"2026-02-27T09:54:30","slug":"feandrea-kissanhiekkalaatikkokaappi-ovilla","status":"publish","type":"product","link":"https:\/\/nordicmart.andreevmaster.com\/fi\/tuote\/feandrea-kissanhiekkalaatikkokaappi-ovilla\/","title":{"rendered":"Feandrea kissanhiekkalaatikkokaappi ovilla"},"content":{"rendered":"<p>Kissanhiekkalaatikot voivat olla hajuisia ja rumia, mutta niiden ei tarvitse olla. Onko t\u00e4h\u00e4n olemassa helppoa ratkaisua? Suljettu kissanhiekkalaatikko, joka peitt\u00e4\u00e4 rumat osat, v\u00e4hent\u00e4\u00e4 hajua, est\u00e4\u00e4 kissanhiekan levi\u00e4misen ja tarjoaa kissallesi enemm\u00e4n yksityisyytt\u00e4. Mik\u00e4 tekee FEANDREA kissanhiekkalaatikosta niin erityisen? &#8211; Rustikaalinen tyyli: Rustikaalinen ulkon\u00e4k\u00f6 ja navettaluukut korostavat kodin tyyli\u00e4. &#8211; Suljettu koppi: Pit\u00e4\u00e4 uteliaat koirat loitolla. &#8211; Laadukkaat materiaalit: Se on kulutusta ja naarmuuntumista kest\u00e4v\u00e4, vankka, pitk\u00e4ik\u00e4inen ja helppo puhdistaa. &#8211; Pariovet: Mahdollistavat helpon p\u00e4\u00e4syn kissanhiekka-astiaan hiekan lapioimista varten. &#8211; Kaksinkertaiset magneettilukot: Pit\u00e4\u00e4 ovet tiukasti kiinni, jotta ne eiv\u00e4t aukea itsest\u00e4\u00e4n. &#8211; Suojaa lattiaa: Lattian suojat est\u00e4v\u00e4t naarmujen syntymisen lattiaan. &#8211; Helppo koota: Helppotajuisten ohjeiden avulla kissan kaappi on koottu 20 minuutissa. Tuotetiedot: &#8211; V\u00e4ri: Greige &#8211; Materiaali: Lastulevy, MDF (keskitihe\u00e4 kuitulevy) &#8211; Koko: 80 x 53 x 49,2 cm (P x L x K) &#8211; Paino: 15,8 kg &#8211; Hyllyn maks. staattinen kantavuus (v\u00e4lisein\u00e4ll\u00e4): 60 kg &#8211; Hyllyn maks. staattinen kantavuus (ilman v\u00e4lisein\u00e4\u00e4): 10 kg &#8211; Pohjan maks. staattinen kantavuus: 30 kg Toimitus sis\u00e4lt\u00e4\u00e4:- 1 x kissanhiekkalaatikkokaappi &#8211; 1 x lis\u00e4varustepaketti &#8211; 1 x ohjeet FEANDREA Huomautukset: &#8211; \u00c4l\u00e4 astu tai istu tuotteen p\u00e4\u00e4lle. &#8211; Sis\u00e4sein\u00e4m\u00e4n kanssa hiekkalaatikon enimm\u00e4iskantavuus on 60 kg. Ilman v\u00e4lisein\u00e4\u00e4 se on 10 kg.<\/p>\n","protected":false},"excerpt":{"rendered":"<p>Feandrea kissan wc, kissan talo, ovilla, vintage-ruskea-musta PCL002X02<\/p>\n","protected":false},"featured_media":0,"comment_status":"open","ping_status":"closed","template":"","meta":[],"product_brand":[],"product_cat":[32],"product_tag":[],"class_list":{"0":"post-37097","1":"product","2":"type-product","3":"status-publish","5":"product_cat-uncategorized-fi","7":"first","8":"instock","9":"shipping-taxable","10":"purchasable","11":"product-type-simple"},"_links":{"self":[{"href":"https:\/\/nordicmart.andreevmaster.com\/fi\/wp-json\/wp\/v2\/product\/37097","targetHints":{"allow":["GET"]}}],"collection":[{"href":"https:\/\/nordicmart.andreevmaster.com\/fi\/wp-json\/wp\/v2\/product"}],"about":[{"href":"https:\/\/nordicmart.andreevmaster.com\/fi\/wp-json\/wp\/v2\/types\/product"}],"replies":[{"embeddable":true,"href":"https:\/\/nordicmart.andreevmaster.com\/fi\/wp-json\/wp\/v2\/comments?post=37097"}],"wp:attachment":[{"href":"https:\/\/nordicmart.andreevmaster.com\/fi\/wp-json\/wp\/v2\/media?parent=37097"}],"wp:term":[{"taxonomy":"product_brand","embeddable":true,"href":"https:\/\/nordicmart.andreevmaster.com\/fi\/wp-json\/wp\/v2\/product_brand?post=37097"},{"taxonomy":"product_cat","embeddable":true,"href":"https:\/\/nordicmart.andreevmaster.com\/fi\/wp-json\/wp\/v2\/product_cat?post=37097"},{"taxonomy":"product_tag","embeddable":true,"href":"https:\/\/nordicmart.andreevmaster.com\/fi\/wp-json\/wp\/v2\/product_tag?post=37097"}],"curies":[{"name":"wp","href":"https:\/\/api.w.org\/{rel}","templated":true}]}}