{"id":37094,"date":"2026-02-27T00:37:25","date_gmt":"2026-02-27T00:37:25","guid":{"rendered":"https:\/\/nordicmart.andreevmaster.com\/product\/clickat-oasis-kissan-huonekalut-kiipeilyseina-5-kpln-sarja\/"},"modified":"2026-02-27T09:54:29","modified_gmt":"2026-02-27T09:54:29","slug":"clickat-oasis-kissan-huonekalut-kiipeilyseina-5-kpln-sarja","status":"publish","type":"product","link":"https:\/\/nordicmart.andreevmaster.com\/fi\/tuote\/clickat-oasis-kissan-huonekalut-kiipeilyseina-5-kpln-sarja\/","title":{"rendered":"Clickat Oasis &#8211; kissan huonekalut kiipeilysein\u00e4 5 kpl:n sarja"},"content":{"rendered":"<p>Feandrea Clickat Oasis kiipeilysein\u00e4 kissoille, kissakalusteet 5 kpl:n sarja, kissalauta, riippumatto, raapimispylv\u00e4s, kissanluola, vaihdettavat ja pest\u00e4v\u00e4t osat, kaurapuuroinen ruskea-kahvinruskea PCK900T66<br \/>\nV\u00e4ri: kaurapuuroruskea-kahvinruskea<br \/>\nMateriaali: lastulevy, huopa, matto, puuvilla-pellavakangas, m\u00e4ntypuuta, PET-muovi<br \/>\nKoko: 140,5 x 142,9 cm (P x K)<br \/>\nPaino: 18,2 kg<\/p>\n","protected":false},"excerpt":{"rendered":"<p>Feandrea Clickat Oasis kiipeilysein\u00e4 kissoille, kissakalusteet 5 kpl:n sarja, kissalauta, riippumatto, raapimispylv\u00e4s, kissanluola, vaihdettavat ja pest\u00e4v\u00e4t osat, kaurapuuroinen ruskea-kahvinruskea PCK900T66<\/p>\n","protected":false},"featured_media":45065,"comment_status":"open","ping_status":"closed","template":"","meta":[],"product_brand":[],"product_cat":[32],"product_tag":[],"class_list":{"0":"post-37094","1":"product","2":"type-product","3":"status-publish","4":"has-post-thumbnail","6":"product_cat-uncategorized-fi","8":"first","9":"instock","10":"shipping-taxable","11":"purchasable","12":"product-type-simple"},"_links":{"self":[{"href":"https:\/\/nordicmart.andreevmaster.com\/fi\/wp-json\/wp\/v2\/product\/37094","targetHints":{"allow":["GET"]}}],"collection":[{"href":"https:\/\/nordicmart.andreevmaster.com\/fi\/wp-json\/wp\/v2\/product"}],"about":[{"href":"https:\/\/nordicmart.andreevmaster.com\/fi\/wp-json\/wp\/v2\/types\/product"}],"replies":[{"embeddable":true,"href":"https:\/\/nordicmart.andreevmaster.com\/fi\/wp-json\/wp\/v2\/comments?post=37094"}],"wp:featuredmedia":[{"embeddable":true,"href":"https:\/\/nordicmart.andreevmaster.com\/fi\/wp-json\/wp\/v2\/media\/45065"}],"wp:attachment":[{"href":"https:\/\/nordicmart.andreevmaster.com\/fi\/wp-json\/wp\/v2\/media?parent=37094"}],"wp:term":[{"taxonomy":"product_brand","embeddable":true,"href":"https:\/\/nordicmart.andreevmaster.com\/fi\/wp-json\/wp\/v2\/product_brand?post=37094"},{"taxonomy":"product_cat","embeddable":true,"href":"https:\/\/nordicmart.andreevmaster.com\/fi\/wp-json\/wp\/v2\/product_cat?post=37094"},{"taxonomy":"product_tag","embeddable":true,"href":"https:\/\/nordicmart.andreevmaster.com\/fi\/wp-json\/wp\/v2\/product_tag?post=37094"}],"curies":[{"name":"wp","href":"https:\/\/api.w.org\/{rel}","templated":true}]}}