{"id":37093,"date":"2026-02-27T00:37:24","date_gmt":"2026-02-27T00:37:24","guid":{"rendered":"https:\/\/nordicmart.andreevmaster.com\/product\/clickat-clickat-kokoelma-nro-010-kissanpesa-seinakiinnitykseen\/"},"modified":"2026-02-27T09:54:29","modified_gmt":"2026-02-27T09:54:29","slug":"clickat-clickat-kokoelma-nro-010-kissanpesa-seinakiinnitykseen","status":"publish","type":"product","link":"https:\/\/nordicmart.andreevmaster.com\/fi\/tuote\/clickat-clickat-kokoelma-nro-010-kissanpesa-seinakiinnitykseen\/","title":{"rendered":"Clickat Clickat -kokoelma \u2013 nro 010 Kissanpes\u00e4 sein\u00e4kiinnitykseen"},"content":{"rendered":"<p>Feandrea Clickat kissanluola, kissan talo sein\u00e4lle, kiipeilysein\u00e4 kissoille, kissan huonekalut, kissan riippumatto, ikkuna, vaihdettavat ja pest\u00e4v\u00e4t tyynyt, tilaa s\u00e4\u00e4st\u00e4v\u00e4, kaurapuuroinen ruskea PCK010T66<br \/>\nV\u00e4ri: kaurapuuroinen ruskea<br \/>\nMateriaali: lastulevy, pehmolelu, puuvilla-pellavakangas, m\u00e4ntypuuta, PET-muovi<br \/>\nKoko: 46,6 x 29,5 x 46,6 cm (P x L x K)<br \/>\nPaino: 7,2 kg<br \/>\nMaks. staattinen kantavuus: 38,5 kg<\/p>\n","protected":false},"excerpt":{"rendered":"<p>Feandrea Clickat kissanluola, kissan talo sein\u00e4lle, kiipeilysein\u00e4 kissoille, kissan huonekalut, kissan riippumatto, ikkuna, vaihdettavat ja pest\u00e4v\u00e4t tyynyt, tilaa s\u00e4\u00e4st\u00e4v\u00e4, kaurapuuroinen ruskea PCK010T66<\/p>\n","protected":false},"featured_media":45064,"comment_status":"open","ping_status":"closed","template":"","meta":[],"product_brand":[],"product_cat":[32],"product_tag":[],"class_list":{"0":"post-37093","1":"product","2":"type-product","3":"status-publish","4":"has-post-thumbnail","6":"product_cat-uncategorized-fi","8":"first","9":"instock","10":"shipping-taxable","11":"purchasable","12":"product-type-simple"},"_links":{"self":[{"href":"https:\/\/nordicmart.andreevmaster.com\/fi\/wp-json\/wp\/v2\/product\/37093","targetHints":{"allow":["GET"]}}],"collection":[{"href":"https:\/\/nordicmart.andreevmaster.com\/fi\/wp-json\/wp\/v2\/product"}],"about":[{"href":"https:\/\/nordicmart.andreevmaster.com\/fi\/wp-json\/wp\/v2\/types\/product"}],"replies":[{"embeddable":true,"href":"https:\/\/nordicmart.andreevmaster.com\/fi\/wp-json\/wp\/v2\/comments?post=37093"}],"wp:featuredmedia":[{"embeddable":true,"href":"https:\/\/nordicmart.andreevmaster.com\/fi\/wp-json\/wp\/v2\/media\/45064"}],"wp:attachment":[{"href":"https:\/\/nordicmart.andreevmaster.com\/fi\/wp-json\/wp\/v2\/media?parent=37093"}],"wp:term":[{"taxonomy":"product_brand","embeddable":true,"href":"https:\/\/nordicmart.andreevmaster.com\/fi\/wp-json\/wp\/v2\/product_brand?post=37093"},{"taxonomy":"product_cat","embeddable":true,"href":"https:\/\/nordicmart.andreevmaster.com\/fi\/wp-json\/wp\/v2\/product_cat?post=37093"},{"taxonomy":"product_tag","embeddable":true,"href":"https:\/\/nordicmart.andreevmaster.com\/fi\/wp-json\/wp\/v2\/product_tag?post=37093"}],"curies":[{"name":"wp","href":"https:\/\/api.w.org\/{rel}","templated":true}]}}