{"id":37091,"date":"2026-02-27T00:37:24","date_gmt":"2026-02-27T00:37:24","guid":{"rendered":"https:\/\/nordicmart.andreevmaster.com\/product\/clickat-clickat-kokoelma-nro-008-suuri-kissalauta-seinakiinnitykseen\/"},"modified":"2026-02-27T09:54:29","modified_gmt":"2026-02-27T09:54:29","slug":"clickat-clickat-kokoelma-nro-008-suuri-kissalauta-seinakiinnitykseen","status":"publish","type":"product","link":"https:\/\/nordicmart.andreevmaster.com\/fi\/tuote\/clickat-clickat-kokoelma-nro-008-suuri-kissalauta-seinakiinnitykseen\/","title":{"rendered":"Clickat Clickat -kokoelma \u2013 nro 008 Suuri kissalauta sein\u00e4kiinnitykseen"},"content":{"rendered":"<p>Feandrea Clickat kissalauta, suuri, sein\u00e4kiinnitys, kiipeilysein\u00e4 kissoille, kissakalusteet suurille kissoille, vaihdettava ja pest\u00e4v\u00e4 huopapehmuste, helppo asentaa ja purkaa, kaurapuuroruskea-kahvinruskea PCK008T66<br \/>\nV\u00e4ri: kaurapuuro-kahvinruskea<br \/>\nMateriaali: lastulevy, huopa, m\u00e4ntypuuta<br \/>\nKoko: 87,2 x 28 x 21 cm (P x L x K)<br \/>\nPaino: 4 kg<br \/>\nMaks. staattinen kantavuus: 38,5 kg<\/p>\n","protected":false},"excerpt":{"rendered":"<p>Feandrea Clickat kissalauta, suuri, sein\u00e4kiinnitys, kiipeilysein\u00e4 kissoille, kissakalusteet suurille kissoille, vaihdettava ja pest\u00e4v\u00e4 huopapehmuste, helppo asentaa ja purkaa, kaurapuuroruskea-kahvinruskea PCK008T66<\/p>\n","protected":false},"featured_media":45062,"comment_status":"open","ping_status":"closed","template":"","meta":[],"product_brand":[],"product_cat":[32],"product_tag":[],"class_list":{"0":"post-37091","1":"product","2":"type-product","3":"status-publish","4":"has-post-thumbnail","6":"product_cat-uncategorized-fi","8":"first","9":"instock","10":"shipping-taxable","11":"purchasable","12":"product-type-simple"},"_links":{"self":[{"href":"https:\/\/nordicmart.andreevmaster.com\/fi\/wp-json\/wp\/v2\/product\/37091","targetHints":{"allow":["GET"]}}],"collection":[{"href":"https:\/\/nordicmart.andreevmaster.com\/fi\/wp-json\/wp\/v2\/product"}],"about":[{"href":"https:\/\/nordicmart.andreevmaster.com\/fi\/wp-json\/wp\/v2\/types\/product"}],"replies":[{"embeddable":true,"href":"https:\/\/nordicmart.andreevmaster.com\/fi\/wp-json\/wp\/v2\/comments?post=37091"}],"wp:featuredmedia":[{"embeddable":true,"href":"https:\/\/nordicmart.andreevmaster.com\/fi\/wp-json\/wp\/v2\/media\/45062"}],"wp:attachment":[{"href":"https:\/\/nordicmart.andreevmaster.com\/fi\/wp-json\/wp\/v2\/media?parent=37091"}],"wp:term":[{"taxonomy":"product_brand","embeddable":true,"href":"https:\/\/nordicmart.andreevmaster.com\/fi\/wp-json\/wp\/v2\/product_brand?post=37091"},{"taxonomy":"product_cat","embeddable":true,"href":"https:\/\/nordicmart.andreevmaster.com\/fi\/wp-json\/wp\/v2\/product_cat?post=37091"},{"taxonomy":"product_tag","embeddable":true,"href":"https:\/\/nordicmart.andreevmaster.com\/fi\/wp-json\/wp\/v2\/product_tag?post=37091"}],"curies":[{"name":"wp","href":"https:\/\/api.w.org\/{rel}","templated":true}]}}