{"id":37090,"date":"2026-02-27T00:37:24","date_gmt":"2026-02-27T00:37:24","guid":{"rendered":"https:\/\/nordicmart.andreevmaster.com\/product\/clickat-clickat-kokoelma-nro-007-kissan-kiipeilyteline-seinakiinnitykseen\/"},"modified":"2026-02-27T09:54:29","modified_gmt":"2026-02-27T09:54:29","slug":"clickat-clickat-kokoelma-nro-007-kissan-kiipeilyteline-seinakiinnitykseen","status":"publish","type":"product","link":"https:\/\/nordicmart.andreevmaster.com\/fi\/tuote\/clickat-clickat-kokoelma-nro-007-kissan-kiipeilyteline-seinakiinnitykseen\/","title":{"rendered":"Clickat Clickat-kokoelma \u2013 nro 007 Kissan kiipeilyteline sein\u00e4kiinnitykseen"},"content":{"rendered":"<p>Feandrea Clickat kissan sein\u00e4lauta, kiipeilysein\u00e4 kissoille, sein\u00e4lle kiinnitett\u00e4v\u00e4 kissan huonekalu, vaihdettava ja pest\u00e4v\u00e4 huopapehmuste, helppo asentaa ja purkaa, kaurapuuroruskea-kahvinruskea PCK007T66<br \/>\nV\u00e4ri: kaurapuuro-kahvinruskea<br \/>\nMateriaali: lastulevy, huopa, m\u00e4ntypuuta<br \/>\nKoko: 46,6 x 28 x 7,4 cm (P x L x K)<br \/>\nPaino: 2,2 kg<br \/>\nMaks. staattinen kantavuus: 38,5 kg<\/p>\n","protected":false},"excerpt":{"rendered":"<p>Feandrea Clickat kissan sein\u00e4lauta, kiipeilysein\u00e4 kissoille, sein\u00e4lle kiinnitett\u00e4v\u00e4 kissan huonekalu, vaihdettava ja pest\u00e4v\u00e4 huopapehmuste, helppo asentaa ja purkaa, kaurapuuroruskea-kahvinruskea PCK007T66<\/p>\n","protected":false},"featured_media":45061,"comment_status":"open","ping_status":"closed","template":"","meta":[],"product_brand":[],"product_cat":[32],"product_tag":[],"class_list":{"0":"post-37090","1":"product","2":"type-product","3":"status-publish","4":"has-post-thumbnail","6":"product_cat-uncategorized-fi","8":"first","9":"instock","10":"shipping-taxable","11":"purchasable","12":"product-type-simple"},"_links":{"self":[{"href":"https:\/\/nordicmart.andreevmaster.com\/fi\/wp-json\/wp\/v2\/product\/37090","targetHints":{"allow":["GET"]}}],"collection":[{"href":"https:\/\/nordicmart.andreevmaster.com\/fi\/wp-json\/wp\/v2\/product"}],"about":[{"href":"https:\/\/nordicmart.andreevmaster.com\/fi\/wp-json\/wp\/v2\/types\/product"}],"replies":[{"embeddable":true,"href":"https:\/\/nordicmart.andreevmaster.com\/fi\/wp-json\/wp\/v2\/comments?post=37090"}],"wp:featuredmedia":[{"embeddable":true,"href":"https:\/\/nordicmart.andreevmaster.com\/fi\/wp-json\/wp\/v2\/media\/45061"}],"wp:attachment":[{"href":"https:\/\/nordicmart.andreevmaster.com\/fi\/wp-json\/wp\/v2\/media?parent=37090"}],"wp:term":[{"taxonomy":"product_brand","embeddable":true,"href":"https:\/\/nordicmart.andreevmaster.com\/fi\/wp-json\/wp\/v2\/product_brand?post=37090"},{"taxonomy":"product_cat","embeddable":true,"href":"https:\/\/nordicmart.andreevmaster.com\/fi\/wp-json\/wp\/v2\/product_cat?post=37090"},{"taxonomy":"product_tag","embeddable":true,"href":"https:\/\/nordicmart.andreevmaster.com\/fi\/wp-json\/wp\/v2\/product_tag?post=37090"}],"curies":[{"name":"wp","href":"https:\/\/api.w.org\/{rel}","templated":true}]}}