{"id":37088,"date":"2026-02-27T00:37:23","date_gmt":"2026-02-27T00:37:23","guid":{"rendered":"https:\/\/nordicmart.andreevmaster.com\/product\/clickat-clickat-kokoelma-nro-005-kissa-raapimispuu-raapimispylvaalla\/"},"modified":"2026-02-27T09:54:28","modified_gmt":"2026-02-27T09:54:28","slug":"clickat-clickat-kokoelma-nro-005-kissa-raapimispuu-raapimispylvaalla","status":"publish","type":"product","link":"https:\/\/nordicmart.andreevmaster.com\/fi\/tuote\/clickat-clickat-kokoelma-nro-005-kissa-raapimispuu-raapimispylvaalla\/","title":{"rendered":"Clickat Clickat-kokoelma &#8211; Nro 005 Kissa-raapimispuu raapimispylv\u00e4\u00e4ll\u00e4"},"content":{"rendered":"<p>Feandrea Clickat raapimispuu, moderni kissapuu, kissatalo raapimispylv\u00e4\u00e4ll\u00e4, raapimatto, kissanluola, tasot, pehme\u00e4 tikkaat, vaihdettavat osat, kaurapuuroruskea-kahvinruskea PCK005T66<br \/>\nV\u00e4ri: kaurapuuroruskea-kahvinruskea<br \/>\nMateriaali: lastulevy, huopa, matto, puuvilla-pellavakangas, m\u00e4ntypuuta, PET-muovi<br \/>\nKoko: 89,7 x 40 x 100 cm (P x L x K)<br \/>\nPaino: 26 kg<br \/>\nMaks. staattinen kantavuus: 38,5 kg<\/p>\n","protected":false},"excerpt":{"rendered":"<p>Feandrea Clickat raapimispuu, moderni kissapuu, kissatalo raapimispylv\u00e4\u00e4ll\u00e4, raapimatto, kissanluola, tasot, pehme\u00e4 tikkaat, vaihdettavat osat, kaurapuuroruskea-kahvinruskea PCK005T66<\/p>\n","protected":false},"featured_media":45059,"comment_status":"open","ping_status":"closed","template":"","meta":[],"product_brand":[],"product_cat":[32],"product_tag":[],"class_list":{"0":"post-37088","1":"product","2":"type-product","3":"status-publish","4":"has-post-thumbnail","6":"product_cat-uncategorized-fi","8":"first","9":"instock","10":"shipping-taxable","11":"purchasable","12":"product-type-simple"},"_links":{"self":[{"href":"https:\/\/nordicmart.andreevmaster.com\/fi\/wp-json\/wp\/v2\/product\/37088","targetHints":{"allow":["GET"]}}],"collection":[{"href":"https:\/\/nordicmart.andreevmaster.com\/fi\/wp-json\/wp\/v2\/product"}],"about":[{"href":"https:\/\/nordicmart.andreevmaster.com\/fi\/wp-json\/wp\/v2\/types\/product"}],"replies":[{"embeddable":true,"href":"https:\/\/nordicmart.andreevmaster.com\/fi\/wp-json\/wp\/v2\/comments?post=37088"}],"wp:featuredmedia":[{"embeddable":true,"href":"https:\/\/nordicmart.andreevmaster.com\/fi\/wp-json\/wp\/v2\/media\/45059"}],"wp:attachment":[{"href":"https:\/\/nordicmart.andreevmaster.com\/fi\/wp-json\/wp\/v2\/media?parent=37088"}],"wp:term":[{"taxonomy":"product_brand","embeddable":true,"href":"https:\/\/nordicmart.andreevmaster.com\/fi\/wp-json\/wp\/v2\/product_brand?post=37088"},{"taxonomy":"product_cat","embeddable":true,"href":"https:\/\/nordicmart.andreevmaster.com\/fi\/wp-json\/wp\/v2\/product_cat?post=37088"},{"taxonomy":"product_tag","embeddable":true,"href":"https:\/\/nordicmart.andreevmaster.com\/fi\/wp-json\/wp\/v2\/product_tag?post=37088"}],"curies":[{"name":"wp","href":"https:\/\/api.w.org\/{rel}","templated":true}]}}