{"id":37087,"date":"2026-02-27T00:37:23","date_gmt":"2026-02-27T00:37:23","guid":{"rendered":"https:\/\/nordicmart.andreevmaster.com\/product\/clickat-clickat-kokoelma-nro-004-kissan-portaikko-seinakiinnitykseen\/"},"modified":"2026-02-27T09:54:28","modified_gmt":"2026-02-27T09:54:28","slug":"clickat-clickat-kokoelma-nro-004-kissan-portaikko-seinakiinnitykseen","status":"publish","type":"product","link":"https:\/\/nordicmart.andreevmaster.com\/fi\/tuote\/clickat-clickat-kokoelma-nro-004-kissan-portaikko-seinakiinnitykseen\/","title":{"rendered":"Clickat Clickat-kokoelma \u2013 nro 004 Kissan portaikko sein\u00e4kiinnitykseen"},"content":{"rendered":"<p>Feandrea Clickat kissanportaat, kissansein\u00e4, kiipeilysein\u00e4 kissoille, kissan tikkaat, kissanharja, vaihdettavat ja pest\u00e4v\u00e4t huopapalat, helppo asentaa ja purkaa, kaurapuuro-kahvinruskea PCK004T66<br \/>\nV\u00e4ri: kaurapuuro-kahvinruskea<br \/>\nMateriaali: lastulevy, huopa, m\u00e4ntypuuta<br \/>\nKoko: 53,6 x (32,5-65) x (37,8-63) cm (P x L x K)<br \/>\nPaino: 4,6 kg<br \/>\nMaks. staattinen kantavuus: 38,5 kg<\/p>\n","protected":false},"excerpt":{"rendered":"<p>Feandrea Clickat kissanportaat, kissansein\u00e4, kiipeilysein\u00e4 kissoille, kissan tikkaat, kissanharja, vaihdettavat ja pest\u00e4v\u00e4t huopapalat, helppo asentaa ja purkaa, kaurapuuro-kahvinruskea PCK004T66<\/p>\n","protected":false},"featured_media":45058,"comment_status":"open","ping_status":"closed","template":"","meta":[],"product_brand":[],"product_cat":[32],"product_tag":[],"class_list":{"0":"post-37087","1":"product","2":"type-product","3":"status-publish","4":"has-post-thumbnail","6":"product_cat-uncategorized-fi","8":"first","9":"instock","10":"shipping-taxable","11":"purchasable","12":"product-type-simple"},"_links":{"self":[{"href":"https:\/\/nordicmart.andreevmaster.com\/fi\/wp-json\/wp\/v2\/product\/37087","targetHints":{"allow":["GET"]}}],"collection":[{"href":"https:\/\/nordicmart.andreevmaster.com\/fi\/wp-json\/wp\/v2\/product"}],"about":[{"href":"https:\/\/nordicmart.andreevmaster.com\/fi\/wp-json\/wp\/v2\/types\/product"}],"replies":[{"embeddable":true,"href":"https:\/\/nordicmart.andreevmaster.com\/fi\/wp-json\/wp\/v2\/comments?post=37087"}],"wp:featuredmedia":[{"embeddable":true,"href":"https:\/\/nordicmart.andreevmaster.com\/fi\/wp-json\/wp\/v2\/media\/45058"}],"wp:attachment":[{"href":"https:\/\/nordicmart.andreevmaster.com\/fi\/wp-json\/wp\/v2\/media?parent=37087"}],"wp:term":[{"taxonomy":"product_brand","embeddable":true,"href":"https:\/\/nordicmart.andreevmaster.com\/fi\/wp-json\/wp\/v2\/product_brand?post=37087"},{"taxonomy":"product_cat","embeddable":true,"href":"https:\/\/nordicmart.andreevmaster.com\/fi\/wp-json\/wp\/v2\/product_cat?post=37087"},{"taxonomy":"product_tag","embeddable":true,"href":"https:\/\/nordicmart.andreevmaster.com\/fi\/wp-json\/wp\/v2\/product_tag?post=37087"}],"curies":[{"name":"wp","href":"https:\/\/api.w.org\/{rel}","templated":true}]}}