{"id":37082,"date":"2026-02-27T00:37:21","date_gmt":"2026-02-27T00:37:21","guid":{"rendered":"https:\/\/nordicmart.andreevmaster.com\/product\/feandrea-kissanpesa-2-vuodella\/"},"modified":"2026-02-27T09:54:27","modified_gmt":"2026-02-27T09:54:27","slug":"feandrea-kissanpesa-2-vuodella","status":"publish","type":"product","link":"https:\/\/nordicmart.andreevmaster.com\/fi\/tuote\/feandrea-kissanpesa-2-vuodella\/","title":{"rendered":"Feandrea kissanpes\u00e4 2 vuodella"},"content":{"rendered":"<p>FEANDREAn luovissa ty\u00f6pajoissa kaksi suloista kissanpentua hyppii ymp\u00e4riins\u00e4, tutkii kaikki raapimispuut henkil\u00f6kohtaisesti ja antaa niist\u00e4 el\u00e4imellisen palautteen. N\u00e4in FEANDREAn suunnittelijat saavat ensik\u00e4den, tai pikemminkin ensik\u00e4p\u00e4l\u00e4n, tietoa siit\u00e4, t\u00e4ytt\u00e4v\u00e4tk\u00f6 tuotteet hemmoteltujen viiksekk\u00e4iden vaatimukset.T\u00e4m\u00e4n raapimispuun kohokohdat yhdell\u00e4 silm\u00e4yksell\u00e4: &#8211; Tilaa s\u00e4\u00e4st\u00e4v\u00e4; sopii erityisesti pieniin asuntoihin &#8211; 2 tilavaa kissanpes\u00e4\u00e4 MDF-levyst\u00e4; erityisen kest\u00e4vi\u00e4 &#8211; 2 pehme\u00e4\u00e4 tyyny\u00e4; irrotettavat, helppo puhdistaa &#8211; 1 sisalmatto, joka tarjoaa paljon raapimisen iloa &#8211; 1 hauska turkispallo &#8211; Suuret aukot helpottavat sis\u00e4\u00e4n- ja ulosk\u00e4ynti\u00e4 Tuotetiedot:- V\u00e4ri: vaaleanharmaa-tummanharmaa &#8211; Materiaali: MDF (keskitihe\u00e4 kuitulevy), pehmolelu, sisali &#8211; Koko: 40 x 40 x 64 cm (P x L x K) &#8211; Paino: 10 kg Toimitus sis\u00e4lt\u00e4\u00e4: &#8211; 1 x raapimispuu &#8211; 1 x ohjeet (DE, EN, FR, ES, IT) FEANDREA Huomautukset:- Jos kissasi on raapinut pehmopes\u00e4t rikki, ota v\u00e4litt\u00f6m\u00e4sti yhteytt\u00e4 asiakaspalveluumme, jotta saat korvaavan tuotteen tai l\u00f6yd\u00e4t toisen ratkaisun, jolla v\u00e4lt\u00e4t vahingoittuneiden osien aiheuttamat loukkaantumiset. &#8211; Pehme\u00e4t pallot on tarkoitettu vain leikkimiseen. Varmista, ett\u00e4 kissasi ei yrit\u00e4 sy\u00f6d\u00e4 palloja. Jos n\u00e4in kuitenkin tapahtuu, poista lelu v\u00e4litt\u00f6m\u00e4sti.<\/p>\n","protected":false},"excerpt":{"rendered":"<p>Feandrea raapimispuu, kissanpes\u00e4, korkeus 64 cm, puurakenteinen PCB07GAX<\/p>\n","protected":false},"featured_media":0,"comment_status":"open","ping_status":"closed","template":"","meta":[],"product_brand":[],"product_cat":[32],"product_tag":[],"class_list":{"0":"post-37082","1":"product","2":"type-product","3":"status-publish","5":"product_cat-uncategorized-fi","7":"first","8":"instock","9":"shipping-taxable","10":"purchasable","11":"product-type-simple"},"_links":{"self":[{"href":"https:\/\/nordicmart.andreevmaster.com\/fi\/wp-json\/wp\/v2\/product\/37082","targetHints":{"allow":["GET"]}}],"collection":[{"href":"https:\/\/nordicmart.andreevmaster.com\/fi\/wp-json\/wp\/v2\/product"}],"about":[{"href":"https:\/\/nordicmart.andreevmaster.com\/fi\/wp-json\/wp\/v2\/types\/product"}],"replies":[{"embeddable":true,"href":"https:\/\/nordicmart.andreevmaster.com\/fi\/wp-json\/wp\/v2\/comments?post=37082"}],"wp:attachment":[{"href":"https:\/\/nordicmart.andreevmaster.com\/fi\/wp-json\/wp\/v2\/media?parent=37082"}],"wp:term":[{"taxonomy":"product_brand","embeddable":true,"href":"https:\/\/nordicmart.andreevmaster.com\/fi\/wp-json\/wp\/v2\/product_brand?post=37082"},{"taxonomy":"product_cat","embeddable":true,"href":"https:\/\/nordicmart.andreevmaster.com\/fi\/wp-json\/wp\/v2\/product_cat?post=37082"},{"taxonomy":"product_tag","embeddable":true,"href":"https:\/\/nordicmart.andreevmaster.com\/fi\/wp-json\/wp\/v2\/product_tag?post=37082"}],"curies":[{"name":"wp","href":"https:\/\/api.w.org\/{rel}","templated":true}]}}